{"id":58124,"date":"2021-12-16T08:59:13","date_gmt":"2021-12-16T08:59:13","guid":{"rendered":"https:\/\/scisachilesa.providersweb.es\/soldadura\/certificaciones-de-procedimientos-de-soldadura-y-soldadores\/"},"modified":"2023-03-01T12:54:37","modified_gmt":"2023-03-01T12:54:37","slug":"procedures-de-soudage-et-certifications-des-soudeurs","status":"publish","type":"page","link":"https:\/\/www.scichilesa.cl\/fr\/soudage\/procedures-de-soudage-et-certifications-des-soudeurs\/","title":{"rendered":"Proc\u00e9dures de soudage et certifications des soudeurs"},"content":{"rendered":"<div class=\"wpb-content-wrapper\"><p>[vc_row css_animation=\u00a0\u00bb\u00a0\u00bb row_type=\u00a0\u00bbrow\u00a0\u00bb use_row_as_full_screen_section=\u00a0\u00bbno\u00a0\u00bb type=\u00a0\u00bbfull_width\u00a0\u00bb angled_section=\u00a0\u00bbno\u00a0\u00bb text_align=\u00a0\u00bbleft\u00a0\u00bb background_image_as_pattern=\u00a0\u00bbwithout_pattern\u00a0\u00bb][vc_column width=\u00a0\u00bb1\/4&Prime;][vc_raw_html]JTNDaDUlM0VBVVRSRVMlMjBTRVJWSUNFUyUyMEQlMjdJTlNQRUNUSU9OJTNDJTJGaDUlM0U=[\/vc_raw_html][vc_separator type=\u00a0\u00bbnormal\u00a0\u00bb color=\u00a0\u00bb#bcbcbc\u00a0\u00bb thickness=\u00a0\u00bb1&Prime; transparency=\u00a0\u00bb0.4&Prime;][vc_column_text]<\/p>\n<ul class=\"menu-lateral\">\n<li class=\"volver\"><a href=\"https:\/\/www.scichilesa.cl\/inspeccion\/\"><i class=\"fa fa-backward\" aria-hidden=\"true\"><\/i> INSPECTION<\/a><\/li>\n<li><a href=\"https:\/\/www.scichilesa.cl\/fr\/soudage\/procedures-de-soudage-et-certifications-des-soudeurs\/\">INSPECTION DES SOUDURES ET SOUTIEN TECHNIQUE<\/a><\/li>\n<li class=\"sin-enlace\">PROC\u00c9DURES DE SOUDAGE ET CERTIFICATIONS DES SOUDEURS<\/li>\n<\/ul>\n<p>[\/vc_column_text][vc_empty_space][vc_raw_html]JTNDaDUlM0VDT05UQUNUJTIwQVZFQyUyME5PVVMlM0MlMkZoNSUzRQ==[\/vc_raw_html][vc_separator type=\u00a0\u00bbnormal\u00a0\u00bb color=\u00a0\u00bb#bcbcbc\u00a0\u00bb thickness=\u00a0\u00bb1&Prime; transparency=\u00a0\u00bb0.4&Prime;][vc_widget_sidebar sidebar_id=\u00a0\u00bbsidebar-blog\u00a0\u00bb][\/vc_column][vc_column width=\u00a0\u00bb3\/4&Prime;][vc_row_inner row_type=\u00a0\u00bbrow\u00a0\u00bb type=\u00a0\u00bbfull_width\u00a0\u00bb text_align=\u00a0\u00bbleft\u00a0\u00bb css_animation=\u00a0\u00bb\u00a0\u00bb css=\u00a0\u00bb.vc_custom_1639654729177{background-color: #ffffff !important;}\u00a0\u00bb][vc_column_inner css=\u00a0\u00bb.vc_custom_1639654809595{padding-right: 45px !important;padding-left: 45px !important;background-color: #ffffff !important;}\u00a0\u00bb][vc_column_text]<\/p>\n<h2 class=\"internas-titul\">Proc\u00e9dures de soudage<\/h2>\n<p style=\"text-align: left;\">Chez <strong>SCI<\/strong>, nous effectuons l&rsquo;homologation des <strong>proc\u00e9dures de soudage<\/strong> et la qualification des <strong>soudeurs<\/strong> selon les r\u00e9glementations requises par le client (Eurocodes, ASME IX, AWS et API).<\/p>\n<p><strong>Les activit\u00e9s que nous menons sont d\u00e9taill\u00e9es ci-dessous :<\/strong><\/p>\n<ul class=\"una-lista\">\n<li><i class=\"fa fa-arrow-circle-o-right\" aria-hidden=\"true\"><\/i> Examen et confirmation des tests obligatoires selon la norme\/code et des tests suppl\u00e9mentaires requis par les sp\u00e9cifications du client.<\/li>\n<li><i class=\"fa fa-arrow-circle-o-right\" aria-hidden=\"true\"><\/i> R\u00e9alisation de <a href=\"https:\/\/scichilesa.cl\/fr\/controles-non-destructifs-et-laboratoire-de-metallurgie\/autres-essais-non-destructifs\/\" target=\"_blank\" rel=\"noopener\">contr\u00f4les non destructifs<\/a> (visuels, rayons X, ultrasons, ressuage, etc.).<\/li>\n<li><i class=\"fa fa-arrow-circle-o-right\" aria-hidden=\"true\"><\/i> <a href=\"https:\/\/www.scichilesa.cl\/fr\/controles-non-destructifs-et-laboratoire-de-metallurgie\/essais-mecaniques\/\">Essais m\u00e9caniques<\/a> (traction, flexion, rupture, impact, duret\u00e9, etc.)<\/li>\n<li><i class=\"fa fa-arrow-circle-o-right\" aria-hidden=\"true\"><\/i> <strong>Pr\u00e9paration de la documentation applicable :<\/strong> journaux des proc\u00e9dures (PQR\/WPQR), proc\u00e9dures de soudage (WPS) et qualification des soudeurs et des op\u00e9rateurs (WPQ).<\/li>\n<\/ul>\n<p><strong>SCI<\/strong>, en tant qu&rsquo;organisme d&rsquo;inspection accr\u00e9dit\u00e9 par l&rsquo;<strong>ENAC<\/strong> et reconnu comme organisme notifi\u00e9 (num\u00e9ro 1438), est en mesure d&rsquo;effectuer des essais (\u00e0 la fois non destructifs et destructifs) dans le cadre de cette accr\u00e9ditation et de <strong>d\u00e9livrer des documents d&rsquo;approbation comme ON<\/strong>.[\/vc_column_text][vc_empty_space][\/vc_column_inner][\/vc_row_inner][vc_empty_space][vc_row_inner row_type=\u00a0\u00bbrow\u00a0\u00bb type=\u00a0\u00bbfull_width\u00a0\u00bb text_align=\u00a0\u00bbleft\u00a0\u00bb css_animation=\u00a0\u00bb\u00a0\u00bb css=\u00a0\u00bb.vc_custom_1639742702193{padding-right: 0px !important;padding-left: 25px !important;background-color: #ffffff !important;}\u00a0\u00bb][vc_column_inner][vc_empty_space][vc_column_text]<\/p>\n<h2 class=\"internas-titul\">OBJECTIF DE LA QUALIFICATION DU PROC\u00c9D\u00c9 DE SOUDAGE<\/h2>\n<p>L&rsquo;objectif de la qualification d&rsquo;un <strong>proc\u00e9d\u00e9 de soudage<\/strong> est de s&rsquo;assurer que les mat\u00e9riaux et les param\u00e8tres sont corrects pour <strong>produire des soudures de qualit\u00e9<\/strong> qui garantissent une <strong>r\u00e9sistance m\u00e9canique<\/strong> ad\u00e9quate.[\/vc_column_text][vc_empty_space][vc_column_text]<\/p>\n<h2 class=\"internas-titul\">OBJECTIF DE LA QUALIFICATION DU PROC\u00c9D\u00c9 DE SOUDAGE<\/h2>\n<p>L&rsquo;objectif de la qualification d&rsquo;un <strong>proc\u00e9d\u00e9 de soudage<\/strong> est de s&rsquo;assurer que les mat\u00e9riaux et les param\u00e8tres sont corrects pour <strong>produire des soudures de qualit\u00e9<\/strong> qui garantissent une <strong>r\u00e9sistance m\u00e9canique<\/strong> ad\u00e9quate.[\/vc_column_text][vc_empty_space][\/vc_column_inner][\/vc_row_inner][vc_row_inner row_type=\u00a0\u00bbrow\u00a0\u00bb type=\u00a0\u00bbfull_width\u00a0\u00bb text_align=\u00a0\u00bbleft\u00a0\u00bb css_animation=\u00a0\u00bb\u00a0\u00bb css=\u00a0\u00bb.vc_custom_1644508190883{padding-right: 0px !important;padding-left: 0px !important;background-color: #ffffff !important;}\u00a0\u00bb][vc_column_inner css=\u00a0\u00bb.vc_custom_1644508196568{padding-right: 0px !important;padding-left: 0px !important;}\u00a0\u00bb][vc_gallery type=\u00a0\u00bbimage_grid\u00a0\u00bb images=\u00a0\u00bb2277,2278&Prime; img_size=\u00a0\u00bb540&#215;300&Prime; column_number=\u00a0\u00bb2&Prime; grayscale=\u00a0\u00bbno\u00a0\u00bb images_space=\u00a0\u00bbgallery_without_space\u00a0\u00bb][\/vc_column_inner][\/vc_row_inner][vc_empty_space][\/vc_column][\/vc_row][vc_row css_animation=\u00a0\u00bb\u00a0\u00bb row_type=\u00a0\u00bbrow\u00a0\u00bb use_row_as_full_screen_section=\u00a0\u00bbno\u00a0\u00bb type=\u00a0\u00bbfull_width\u00a0\u00bb angled_section=\u00a0\u00bbno\u00a0\u00bb text_align=\u00a0\u00bbleft\u00a0\u00bb background_image_as_pattern=\u00a0\u00bbwithout_pattern\u00a0\u00bb][vc_column][vc_empty_space height=\u00a0\u00bb64px\u00a0\u00bb][\/vc_column][\/vc_row]<\/p>\n<\/div>","protected":false},"excerpt":{"rendered":"<p>[vc_row css_animation=\u00a0\u00bb\u00a0\u00bb row_type=\u00a0\u00bbrow\u00a0\u00bb use_row_as_full_screen_section=\u00a0\u00bbno\u00a0\u00bb type=\u00a0\u00bbfull_width\u00a0\u00bb angled_section=\u00a0\u00bbno\u00a0\u00bb text_align=\u00a0\u00bbleft\u00a0\u00bb background_image_as_pattern=\u00a0\u00bbwithout_pattern\u00a0\u00bb][vc_column width=\u00a0\u00bb1\/4&Prime;][vc_raw_html]JTNDaDUlM0VBVVRSRVMlMjBTRVJWSUNFUyUyMEQlMjdJTlNQRUNUSU9OJTNDJTJGaDUlM0U=[\/vc_raw_html][vc_separator type=\u00a0\u00bbnormal\u00a0\u00bb color=\u00a0\u00bb#bcbcbc\u00a0\u00bb thickness=\u00a0\u00bb1&Prime; transparency=\u00a0\u00bb0.4&Prime;][vc_column_text] INSPECTION INSPECTION DES SOUDURES ET SOUTIEN TECHNIQUE PROC\u00c9DURES DE SOUDAGE ET CERTIFICATIONS DES SOUDEURS [\/vc_column_text][vc_empty_space][vc_raw_html]JTNDaDUlM0VDT05UQUNUJTIwQVZFQyUyME5PVVMlM0MlMkZoNSUzRQ==[\/vc_raw_html][vc_separator type=\u00a0\u00bbnormal\u00a0\u00bb color=\u00a0\u00bb#bcbcbc\u00a0\u00bb thickness=\u00a0\u00bb1&Prime; transparency=\u00a0\u00bb0.4&Prime;][vc_widget_sidebar sidebar_id=\u00a0\u00bbsidebar-blog\u00a0\u00bb][\/vc_column][vc_column width=\u00a0\u00bb3\/4&Prime;][vc_row_inner row_type=\u00a0\u00bbrow\u00a0\u00bb type=\u00a0\u00bbfull_width\u00a0\u00bb text_align=\u00a0\u00bbleft\u00a0\u00bb css_animation=\u00a0\u00bb\u00a0\u00bb css=\u00a0\u00bb.vc_custom_1639654729177{background-color: #ffffff !important;}\u00a0\u00bb][vc_column_inner css=\u00a0\u00bb.vc_custom_1639654809595{padding-right: 45px !important;padding-left: 45px&#8230;<\/p>\n","protected":false},"author":1,"featured_media":0,"parent":58123,"menu_order":0,"comment_status":"closed","ping_status":"closed","template":"","meta":{"footnotes":""},"class_list":["post-58124","page","type-page","status-publish","hentry"],"_links":{"self":[{"href":"https:\/\/www.scichilesa.cl\/fr\/wp-json\/wp\/v2\/pages\/58124","targetHints":{"allow":["GET"]}}],"collection":[{"href":"https:\/\/www.scichilesa.cl\/fr\/wp-json\/wp\/v2\/pages"}],"about":[{"href":"https:\/\/www.scichilesa.cl\/fr\/wp-json\/wp\/v2\/types\/page"}],"author":[{"embeddable":true,"href":"https:\/\/www.scichilesa.cl\/fr\/wp-json\/wp\/v2\/users\/1"}],"replies":[{"embeddable":true,"href":"https:\/\/www.scichilesa.cl\/fr\/wp-json\/wp\/v2\/comments?post=58124"}],"version-history":[{"count":0,"href":"https:\/\/www.scichilesa.cl\/fr\/wp-json\/wp\/v2\/pages\/58124\/revisions"}],"up":[{"embeddable":true,"href":"https:\/\/www.scichilesa.cl\/fr\/wp-json\/wp\/v2\/pages\/58123"}],"wp:attachment":[{"href":"https:\/\/www.scichilesa.cl\/fr\/wp-json\/wp\/v2\/media?parent=58124"}],"curies":[{"name":"wp","href":"https:\/\/api.w.org\/{rel}","templated":true}]}}