{"id":58123,"date":"2021-11-29T11:13:58","date_gmt":"2021-11-29T11:13:58","guid":{"rendered":"https:\/\/scisachilesa.providersweb.es\/soldadura\/"},"modified":"2023-02-16T14:02:15","modified_gmt":"2023-02-16T14:02:15","slug":"soudage","status":"publish","type":"page","link":"https:\/\/www.scichilesa.cl\/fr\/soudage\/","title":{"rendered":"Soudage"},"content":{"rendered":"<div class=\"wpb-content-wrapper\"><p>[vc_row css_animation=\u00a0\u00bb\u00a0\u00bb row_type=\u00a0\u00bbrow\u00a0\u00bb use_row_as_full_screen_section=\u00a0\u00bbno\u00a0\u00bb type=\u00a0\u00bbfull_width\u00a0\u00bb angled_section=\u00a0\u00bbno\u00a0\u00bb text_align=\u00a0\u00bbleft\u00a0\u00bb background_image_as_pattern=\u00a0\u00bbwithout_pattern\u00a0\u00bb][vc_column width=\u00a0\u00bb1\/4&Prime;][vc_column_text]<\/p>\n<ul class=\"menu-lateral\">\n<li class=\"volver\"><a href=\"https:\/\/www.scichilesa.cl\/inspeccion\/\"><i class=\"fa fa-backward\" aria-hidden=\"true\"><\/i> SOUDAGE<\/a><\/li>\n<li><a href=\"https:\/\/www.scichilesa.cl\/fr\/soudage\/#certificaciones-soldadura\">PROC\u00c9DURES DE SOUDAGE ET CERTIFICATIONS DES SOUDEURS<\/a><\/li>\n<li><a href=\"https:\/\/www.scichilesa.cl\/fr\/soudage\/#inspeccion-soldadura\">INSPECTION DES SOUDURES ET SOUTIEN TECHNIQUE<\/a><\/li>\n<\/ul>\n<p>[\/vc_column_text][vc_empty_space][vc_column_text]<\/p>\n<h5>CONTACT AVEC NOUS<\/h5>\n<p>[\/vc_column_text][vc_separator type=\u00a0\u00bbnormal\u00a0\u00bb color=\u00a0\u00bb#bcbcbc\u00a0\u00bb thickness=\u00a0\u00bb1&Prime; transparency=\u00a0\u00bb0.4&Prime;][vc_widget_sidebar sidebar_id=\u00a0\u00bbsidebar-blog\u00a0\u00bb][\/vc_column][vc_column width=\u00a0\u00bb3\/4&Prime;][vc_column_text]<\/p>\n<h2 class=\"titulo-flecha\">SOUDAGE<\/h2>\n<p style=\"text-align: left;\">Les services d&rsquo;<strong> inspection de<\/strong> <strong>soudage<\/strong> de <a href=\"https:\/\/scichilesa.cl\/fr\/\" target=\"_blank\" rel=\"noopener\">SCI<\/a> assurent la conformit\u00e9 aux normes de <strong>soudage<\/strong> ou aux codes d&rsquo;<strong>approbation<\/strong> et aux exigences suppl\u00e9mentaires du client (sp\u00e9cifications, codes de conception, etc.), en optimisant le travail pour <strong>minimiser les co\u00fbts qui en d\u00e9coulent<\/strong>.<\/p>\n<p>[\/vc_column_text][vc_empty_space][vc_row_inner row_type=\u00a0\u00bbrow\u00a0\u00bb type=\u00a0\u00bbfull_width\u00a0\u00bb text_align=\u00a0\u00bbleft\u00a0\u00bb css_animation=\u00a0\u00bb\u00a0\u00bb el_id=\u00a0\u00bbcertificaciones-soldadura\u00a0\u00bb][vc_column_inner][\/vc_column_inner][\/vc_row_inner][vc_empty_space][qode_elements_holder background_color=\u00a0\u00bb#ffffff\u00a0\u00bb number_of_columns=\u00a0\u00bbtwo_columns\u00a0\u00bb switch_to_one_column=\u00a0\u00bb768&Prime; alignment_one_column=\u00a0\u00bbcenter\u00a0\u00bb][qode_elements_holder_item vertical_alignment=\u00a0\u00bbmiddle\u00a0\u00bb advanced_animations=\u00a0\u00bbno\u00a0\u00bb item_padding=\u00a0\u00bb15px 35px 15px 35px\u00a0\u00bb][vc_column_text]<\/p>\n<h2 class=\"titulo-flecha\">PROC\u00c9DURES DE SOUDAGE ET CERTIFICATIONS DES SOUDEURS<\/h2>\n<p style=\"text-align: left;\">Les services d&rsquo;<strong> inspection de<\/strong> <strong>soudage<\/strong> de <a href=\"https:\/\/scichilesa.cl\/fr\/\" target=\"_blank\" rel=\"noopener\">SCI<\/a> assurent la conformit\u00e9 aux normes de <strong>soudage<\/strong> ou aux codes d&rsquo;<strong>approbation<\/strong> et aux exigences suppl\u00e9mentaires du client (sp\u00e9cifications, codes de conception, etc.), en optimisant le travail pour <strong>minimiser les co\u00fbts qui en d\u00e9coulent<\/strong>.<\/p>\n<div class=\"menu-caja\">\n<div><a>Aller \u00e0 la page<\/a><\/div>\n<\/div>\n<p>[\/vc_column_text][vc_empty_space]<a itemprop=\"url\" href=\"https:\/\/scichilesa.cl\/fr\/contact\/\" target=\"_self\" data-hover-border-color=\"#000000\" data-hover-color=\"#ffffff\" class=\"qbutton  medium white default derecha\" style=\"color: #000000; border-color: #757575; \" rel=\"noopener\">CONTACT AVEC NOUS<\/a>[\/qode_elements_holder_item][qode_elements_holder_item vertical_alignment=\u00a0\u00bbmiddle\u00a0\u00bb horizontal_alignment=\u00a0\u00bbcenter\u00a0\u00bb advanced_animations=\u00a0\u00bbno\u00a0\u00bb][vc_single_image image=\u00a0\u00bb2491&Prime; img_size=\u00a0\u00bbfull\u00a0\u00bb qode_css_animation=\u00a0\u00bb\u00a0\u00bb el_class=\u00a0\u00bbaltura-plis\u00a0\u00bb][\/qode_elements_holder_item][\/qode_elements_holder][vc_row_inner row_type=\u00a0\u00bbrow\u00a0\u00bb type=\u00a0\u00bbfull_width\u00a0\u00bb text_align=\u00a0\u00bbleft\u00a0\u00bb css_animation=\u00a0\u00bb\u00a0\u00bb el_id=\u00a0\u00bbinspeccion-soldadura\u00a0\u00bb][vc_column_inner][vc_empty_space][\/vc_column_inner][\/vc_row_inner][qode_elements_holder background_color=\u00a0\u00bb#ffffff\u00a0\u00bb number_of_columns=\u00a0\u00bbtwo_columns\u00a0\u00bb switch_to_one_column=\u00a0\u00bb768&Prime; alignment_one_column=\u00a0\u00bbcenter\u00a0\u00bb][qode_elements_holder_item vertical_alignment=\u00a0\u00bbmiddle\u00a0\u00bb horizontal_alignment=\u00a0\u00bbcenter\u00a0\u00bb advanced_animations=\u00a0\u00bbno\u00a0\u00bb][vc_single_image image=\u00a0\u00bb55921&Prime; img_size=\u00a0\u00bbfull\u00a0\u00bb qode_css_animation=\u00a0\u00bb\u00a0\u00bb el_class=\u00a0\u00bbaltura-plis\u00a0\u00bb][\/qode_elements_holder_item][qode_elements_holder_item vertical_alignment=\u00a0\u00bbmiddle\u00a0\u00bb advanced_animations=\u00a0\u00bbno\u00a0\u00bb item_padding=\u00a0\u00bb15px 35px 15px 35px\u00a0\u00bb][vc_column_text]<\/p>\n<h2 class=\"titulo-flecha\">INSPECTION DES SOUDURES ET SOUTIEN TECHNIQUE<\/h2>\n<p>SCI dispose, au sein de son personnel, d&rsquo;inspecteurs europ\u00e9ens en soudage <strong>(EWE)<\/strong> et d&rsquo;inspecteurs en soudage certifi\u00e9s<strong> (aWS, etc.)<\/strong>, qui poss\u00e8dent une vaste exp\u00e9rience dans le domaine du soudage.<\/p>\n<div class=\"menu-caja\">\n<div><a href=\"https:\/\/scichilesa.cl\/fr\/soudage\/procedures-de-soudage-et-certifications-des-soudeurs\/\" target=\"_blank\" rel=\"noopener\">Aller \u00e0 la page<\/a><\/div>\n<\/div>\n<p>[\/vc_column_text][vc_empty_space]<a itemprop=\"url\" href=\"https:\/\/scichilesa.cl\/fr\/contact\/\" target=\"_self\" data-hover-border-color=\"#000000\" data-hover-color=\"#ffffff\" class=\"qbutton  medium white default derecha\" style=\"color: #000000; border-color: #757575; \" rel=\"noopener\">CONTACT AVEC NOUS<\/a>[\/qode_elements_holder_item][\/qode_elements_holder][vc_empty_space][\/vc_column][\/vc_row][vc_row css_animation=\u00a0\u00bb\u00a0\u00bb row_type=\u00a0\u00bbrow\u00a0\u00bb use_row_as_full_screen_section=\u00a0\u00bbno\u00a0\u00bb type=\u00a0\u00bbfull_width\u00a0\u00bb angled_section=\u00a0\u00bbno\u00a0\u00bb text_align=\u00a0\u00bbleft\u00a0\u00bb background_image_as_pattern=\u00a0\u00bbwithout_pattern\u00a0\u00bb][vc_column][vc_empty_space height=\u00a0\u00bb64px\u00a0\u00bb][\/vc_column][\/vc_row]<\/p>\n<\/div>","protected":false},"excerpt":{"rendered":"<p>[vc_row css_animation=\u00a0\u00bb\u00a0\u00bb row_type=\u00a0\u00bbrow\u00a0\u00bb use_row_as_full_screen_section=\u00a0\u00bbno\u00a0\u00bb type=\u00a0\u00bbfull_width\u00a0\u00bb angled_section=\u00a0\u00bbno\u00a0\u00bb text_align=\u00a0\u00bbleft\u00a0\u00bb background_image_as_pattern=\u00a0\u00bbwithout_pattern\u00a0\u00bb][vc_column width=\u00a0\u00bb1\/4&Prime;][vc_column_text] SOUDAGE PROC\u00c9DURES DE SOUDAGE ET CERTIFICATIONS DES SOUDEURS INSPECTION DES SOUDURES ET SOUTIEN TECHNIQUE [\/vc_column_text][vc_empty_space][vc_column_text] CONTACT AVEC NOUS [\/vc_column_text][vc_separator type=\u00a0\u00bbnormal\u00a0\u00bb color=\u00a0\u00bb#bcbcbc\u00a0\u00bb thickness=\u00a0\u00bb1&Prime; transparency=\u00a0\u00bb0.4&Prime;][vc_widget_sidebar sidebar_id=\u00a0\u00bbsidebar-blog\u00a0\u00bb][\/vc_column][vc_column width=\u00a0\u00bb3\/4&Prime;][vc_column_text] SOUDAGE Les services d&rsquo; inspection de soudage de SCI assurent la&#8230;<\/p>\n","protected":false},"author":1,"featured_media":0,"parent":0,"menu_order":0,"comment_status":"closed","ping_status":"closed","template":"","meta":{"footnotes":""},"class_list":["post-58123","page","type-page","status-publish","hentry"],"_links":{"self":[{"href":"https:\/\/www.scichilesa.cl\/fr\/wp-json\/wp\/v2\/pages\/58123","targetHints":{"allow":["GET"]}}],"collection":[{"href":"https:\/\/www.scichilesa.cl\/fr\/wp-json\/wp\/v2\/pages"}],"about":[{"href":"https:\/\/www.scichilesa.cl\/fr\/wp-json\/wp\/v2\/types\/page"}],"author":[{"embeddable":true,"href":"https:\/\/www.scichilesa.cl\/fr\/wp-json\/wp\/v2\/users\/1"}],"replies":[{"embeddable":true,"href":"https:\/\/www.scichilesa.cl\/fr\/wp-json\/wp\/v2\/comments?post=58123"}],"version-history":[{"count":0,"href":"https:\/\/www.scichilesa.cl\/fr\/wp-json\/wp\/v2\/pages\/58123\/revisions"}],"wp:attachment":[{"href":"https:\/\/www.scichilesa.cl\/fr\/wp-json\/wp\/v2\/media?parent=58123"}],"curies":[{"name":"wp","href":"https:\/\/api.w.org\/{rel}","templated":true}]}}