{"id":58102,"date":"2021-12-15T18:17:15","date_gmt":"2021-12-15T18:17:15","guid":{"rendered":"https:\/\/scisachilesa.providersweb.es\/inspeccion-industrial\/revision-de-procedimientos-de-fabricacion-y-planes-de-puntos-de-inspeccion\/"},"modified":"2023-02-16T13:59:42","modified_gmt":"2023-02-16T13:59:42","slug":"revision-des-procedures-de-production-et-des-plans-des-points-dinspection","status":"publish","type":"page","link":"https:\/\/www.scichilesa.cl\/fr\/inspeccion-industrial\/revision-des-procedures-de-production-et-des-plans-des-points-dinspection\/","title":{"rendered":"R\u00e9vision des proc\u00e9dures de production et des plans des points d&rsquo;inspection"},"content":{"rendered":"<div class=\"wpb-content-wrapper\"><p>[vc_row css_animation=\u00a0\u00bb\u00a0\u00bb row_type=\u00a0\u00bbrow\u00a0\u00bb use_row_as_full_screen_section=\u00a0\u00bbno\u00a0\u00bb type=\u00a0\u00bbfull_width\u00a0\u00bb angled_section=\u00a0\u00bbno\u00a0\u00bb text_align=\u00a0\u00bbleft\u00a0\u00bb background_image_as_pattern=\u00a0\u00bbwithout_pattern\u00a0\u00bb][vc_column width=\u00a0\u00bb1\/4&Prime;][vc_raw_html]JTNDaDUlM0VBdXRyZXMlMjBzZXJ2aWNlcyUyMElOU1BFQ1RJT04lM0MlMkZoNSUzRQ==[\/vc_raw_html][vc_separator type=\u00a0\u00bbnormal\u00a0\u00bb color=\u00a0\u00bb#bcbcbc\u00a0\u00bb thickness=\u00a0\u00bb1&Prime; transparency=\u00a0\u00bb0.4&Prime;][vc_column_text]<\/p>\n<ul class=\"menu-lateral\">\n<li class=\"volver\"><a href=\"https:\/\/www.scichilesa.cl\/fr\/inspection\/\"><i class=\"fa fa-backward\" aria-hidden=\"true\"><\/i> INSPECTION<\/a><\/li>\n<li class=\"sin-enlace\">EXAMEN DES PROC\u00c9DURES DE PRODUCTION ET DES PLANS DES POINTS D&rsquo;INSPECTION<\/li>\n<li><a href=\"https:\/\/www.scichilesa.cl\/fr\/inspection-industrielle\/inspection-de-la-fabrication-du-montage-et-de-lentretien-des-equipements\/\">L&rsquo;INSPECTION DE LA FABRICATION, DU MONTAGE ET DE L&rsquo;ENTRETIEN DES \u00c9QUIPEMENTS<\/a><\/li>\n<li><a href=\"https:\/\/www.scichilesa.cl\/fr\/inspection-industrielle\/certification-de-conduite-miniere-pour-les-camionnettes\/\">Certification de conduite mini\u00e8re pour les camionnettes<\/a><\/li>\n<\/ul>\n<p>[\/vc_column_text][vc_empty_space][vc_raw_html]JTNDaDUlM0VDb250YWN0JTIwYXZlYyUyMG5vdXMlM0MlMkZoNSUzRQ==[\/vc_raw_html][vc_separator type=\u00a0\u00bbnormal\u00a0\u00bb color=\u00a0\u00bb#bcbcbc\u00a0\u00bb thickness=\u00a0\u00bb1&Prime; transparency=\u00a0\u00bb0.4&Prime;][vc_widget_sidebar sidebar_id=\u00a0\u00bbsidebar-blog\u00a0\u00bb][\/vc_column][vc_column width=\u00a0\u00bb3\/4&Prime;][vc_row_inner row_type=\u00a0\u00bbrow\u00a0\u00bb type=\u00a0\u00bbfull_width\u00a0\u00bb text_align=\u00a0\u00bbleft\u00a0\u00bb css_animation=\u00a0\u00bb\u00a0\u00bb css=\u00a0\u00bb.vc_custom_1644937868038{padding-right: 0px !important;background-color: #ffffff !important;}\u00a0\u00bb][vc_column_inner width=\u00a0\u00bb1\/2&Prime; css=\u00a0\u00bb.vc_custom_1639654809595{padding-right: 45px !important;padding-left: 45px !important;background-color: #ffffff !important;}\u00a0\u00bb][vc_column_text]<\/p>\n<h2 class=\"internas-titul\">Plans d&rsquo;inspection et points d&rsquo;inspection<\/h2>\n<p>La r\u00e9vision des proc\u00e9dures de fabrication et des<strong> plans des points d&rsquo;inspection<\/strong> est le d\u00e9but de notre service int\u00e9gral qui se termine par la l\u00e9galisation des \u00e9quipements install\u00e9s dans l&rsquo;usine.[\/vc_column_text][vc_empty_space][vc_column_text]<\/p>\n<h2 class=\"internas-titul\">EXAMEN DES PROC\u00c9DURES DE FABRICATION<\/h2>\n<p>Chez <strong>SCI<\/strong>, nous disposons d&rsquo;un personnel qualifi\u00e9 pour l&rsquo;examen des <strong>proc\u00e9dures de fabrication<\/strong>.<\/p>\n<p>Les <strong>proc\u00e9dures de fabrication<\/strong> sont comprises comme \u00e9tant tous les documents n\u00e9cessaires g\u00e9n\u00e9r\u00e9s par le fabricant pour v\u00e9rifier la qualit\u00e9 de l&rsquo;\u00e9quipement en cours de fabrication afin d&rsquo;assurer la conformit\u00e9 aux exigences de chaque projet.[\/vc_column_text][vc_empty_space][\/vc_column_inner][vc_column_inner width=\u00a0\u00bb1\/2&Prime; css=\u00a0\u00bb.vc_custom_1644937864094{padding-right: 0px !important;}\u00a0\u00bb][vc_single_image image=\u00a0\u00bb1316&Prime; img_size=\u00a0\u00bbfull\u00a0\u00bb qode_css_animation=\u00a0\u00bb\u00a0\u00bb][\/vc_column_inner][\/vc_row_inner][vc_empty_space][vc_row_inner row_type=\u00a0\u00bbrow\u00a0\u00bb type=\u00a0\u00bbfull_width\u00a0\u00bb text_align=\u00a0\u00bbleft\u00a0\u00bb css_animation=\u00a0\u00bb\u00a0\u00bb css=\u00a0\u00bb.vc_custom_1639654729177{background-color: #ffffff !important;}\u00a0\u00bb][vc_column_inner css=\u00a0\u00bb.vc_custom_1639654809595{padding-right: 45px !important;padding-left: 45px !important;background-color: #ffffff !important;}\u00a0\u00bb][\/vc_column_inner][vc_column_inner css=\u00a0\u00bb.vc_custom_1644937965773{padding-right: 45px !important;padding-left: 45px !important;}\u00a0\u00bb][vc_column_text]<\/p>\n<h2 class=\"internas-titul\">Les processus de fabrication se distinguent principalement dans les domaines suivants :<\/h2>\n<p>[\/vc_column_text][vc_empty_space]<div class=\"qode-advanced-tabs qode-advanced-tabs qode-advanced-horizontal-tab clearfix qode-advanced-tab-without-icon qode-advanced-tabs-column-2 clearfix\">\n\t<ul class=\"qode-advanced-tabs-nav\">\n\t\t\t\t\t<li>\n\t\t\t\t<h3>\n\t\t\t\t\t<a href=\"#tab-procedures-dessais-non-destructifs\">\n\t\t\t\t\t\t\n\t\t\t\t\t\t\t\t\t\t\t\t\t<span class=\"qode-advanced-tab-text-after-icon\">\n\t\t\t\t\t\t\t\tPROC\u00c9DURES D&#039;ESSAIS NON DESTRUCTIFS\t\t\t\t\t\t\t<\/span>\n\t\t\t\t\t\t\t\t\t\t\t<\/a>\n\t\t\t\t<\/h3>\n\t\t\t<\/li>\n\t\t\t\t\t<li>\n\t\t\t\t<h3>\n\t\t\t\t\t<a href=\"#tab-procedures-de-test\">\n\t\t\t\t\t\t\n\t\t\t\t\t\t\t\t\t\t\t\t\t<span class=\"qode-advanced-tab-text-after-icon\">\n\t\t\t\t\t\t\t\tPROC\u00c9DURES DE TEST\t\t\t\t\t\t\t<\/span>\n\t\t\t\t\t\t\t\t\t\t\t<\/a>\n\t\t\t\t<\/h3>\n\t\t\t<\/li>\n\t\t\t<\/ul>\n\t<div class=\"qode-advanced-tab-container\" id=\"tab-procedures-dessais-non-destructifs-617\" data-icon-pack=\"\" data-icon-html=\"\"><div class=\"q_icon_list\"><i class=\"qode_icon_font_awesome fa fa-check-circle-o qode-ili-icon-holder circle\" style=\"color: #dbae32;background-color: #ffffff;\" ><\/i><p style=\"font-size: 14px;\">Particules magn\u00e9tiques<\/p><\/div><div class=\"q_icon_list\"><i class=\"qode_icon_font_awesome fa fa-check-circle-o qode-ili-icon-holder circle\" style=\"color: #dbae32;background-color: #ffffff;\" ><\/i><p style=\"font-size: 14px;\">Liquides p\u00e9n\u00e9trants.<\/p><\/div><div class=\"q_icon_list\"><i class=\"qode_icon_font_awesome fa fa-check-circle-o qode-ili-icon-holder circle\" style=\"color: #dbae32;background-color: #ffffff;\" ><\/i><p style=\"font-size: 14px;\">Des radiographies.<\/p><\/div><div class=\"q_icon_list\"><i class=\"qode_icon_font_awesome fa fa-check-circle-o qode-ili-icon-holder circle\" style=\"color: #dbae32;background-color: #ffffff;\" ><\/i><p style=\"font-size: 14px;\">Ultrasons (manuel, Phased Array ou TOFD).<\/p><\/div><div class=\"q_icon_list\"><i class=\"qode_icon_font_awesome fa fa-check-circle-o qode-ili-icon-holder circle\" style=\"color: #dbae32;background-color: #ffffff;\" ><\/i><p style=\"font-size: 14px;\">V\u00e9rification de la tra\u00e7abilit\u00e9 des marques.<\/p><\/div><\/div><div class=\"qode-advanced-tab-container\" id=\"tab-procedures-de-test-248\" data-icon-pack=\"\" data-icon-html=\"\"><div class=\"q_icon_list\"><i class=\"qode_icon_font_awesome fa fa-check-circle-o qode-ili-icon-holder circle\" style=\"color: #dbae32;background-color: #ffffff;\" ><\/i><p style=\"font-size: 14px;\">Essais hydrauliques.<\/p><\/div><div class=\"q_icon_list\"><i class=\"qode_icon_font_awesome fa fa-check-circle-o qode-ili-icon-holder circle\" style=\"color: #dbae32;background-color: #ffffff;\" ><\/i><p style=\"font-size: 14px;\">Essais pneumatiques.<\/p><\/div><div class=\"q_icon_list\"><i class=\"qode_icon_font_awesome fa fa-check-circle-o qode-ili-icon-holder circle\" style=\"color: #dbae32;background-color: #ffffff;\" ><\/i><p style=\"font-size: 14px;\">Test d'\u00e9tanch\u00e9it\u00e9 \u00e0 l'h\u00e9lium et \u00e0 l'air.<\/p><\/div><div class=\"q_icon_list\"><i class=\"qode_icon_font_awesome fa fa-check-circle-o qode-ili-icon-holder circle\" style=\"color: #dbae32;background-color: #ffffff;\" ><\/i><p style=\"font-size: 14px;\">Tests fonctionnels<\/p><\/div><div class=\"q_icon_list\"><i class=\"qode_icon_font_awesome fa fa-check-circle-o qode-ili-icon-holder circle\" style=\"color: #dbae32;background-color: #ffffff;\" ><\/i><p style=\"font-size: 14px;\">Test de performance.<\/p><\/div><div class=\"q_icon_list\"><i class=\"qode_icon_font_awesome fa fa-check-circle-o qode-ili-icon-holder circle\" style=\"color: #dbae32;background-color: #ffffff;\" ><\/i><p style=\"font-size: 14px;\">Proc\u00e9dure de peinture.<\/p><\/div><\/div><\/div>[\/vc_column_inner][\/vc_row_inner][vc_empty_space][vc_row_inner row_type=\u00a0\u00bbrow\u00a0\u00bb type=\u00a0\u00bbfull_width\u00a0\u00bb text_align=\u00a0\u00bbleft\u00a0\u00bb css_animation=\u00a0\u00bb\u00a0\u00bb css=\u00a0\u00bb.vc_custom_1644937904540{padding-right: 0px !important;background-color: #ffffff !important;}\u00a0\u00bb][vc_column_inner width=\u00a0\u00bb1\/2&Prime; css=\u00a0\u00bb.vc_custom_1639654809595{padding-right: 45px !important;padding-left: 45px !important;background-color: #ffffff !important;}\u00a0\u00bb][vc_column_text]<\/p>\n<h2 class=\"internas-titul\">EXAMEN DES PLANS DES POINTS D&rsquo;INSPECTION<\/h2>\n<p>Un autre de nos services est l&rsquo;analyse du contenu des <strong>plans de points d&rsquo;inspection<\/strong> \u00e9mis par le fabricant.<\/p>\n<p>Les plans des points d&rsquo;inspection<strong>(IPP<\/strong>) servent \u00e0 surveiller et \u00e0 v\u00e9rifier la conformit\u00e9 aux exigences de qualit\u00e9 des inspections et des essais du code de conception et aux exigences du projet.<\/p>\n<p>L&rsquo;\u00e9mission de plans de points d&rsquo;inspection a pour but de v\u00e9rifier que ces plans de <strong>points d&rsquo;inspection<\/strong> sont conformes au code de conception, aux exigences applicables au projet et aux sp\u00e9cifications du client et\/ou du conc\u00e9dant.[\/vc_column_text][vc_empty_space][\/vc_column_inner][vc_column_inner width=\u00a0\u00bb1\/2&Prime; css=\u00a0\u00bb.vc_custom_1644937893472{padding-right: 0px !important;}\u00a0\u00bb][vc_single_image image=\u00a0\u00bb1322&Prime; img_size=\u00a0\u00bbfull\u00a0\u00bb qode_css_animation=\u00a0\u00bb\u00a0\u00bb][\/vc_column_inner][\/vc_row_inner][vc_empty_space][\/vc_column][\/vc_row][vc_row css_animation=\u00a0\u00bb\u00a0\u00bb row_type=\u00a0\u00bbrow\u00a0\u00bb use_row_as_full_screen_section=\u00a0\u00bbno\u00a0\u00bb type=\u00a0\u00bbfull_width\u00a0\u00bb angled_section=\u00a0\u00bbno\u00a0\u00bb text_align=\u00a0\u00bbleft\u00a0\u00bb background_image_as_pattern=\u00a0\u00bbwithout_pattern\u00a0\u00bb][vc_column][vc_empty_space height=\u00a0\u00bb64px\u00a0\u00bb][\/vc_column][\/vc_row]<\/p>\n<\/div>","protected":false},"excerpt":{"rendered":"<p>[vc_row css_animation=\u00a0\u00bb\u00a0\u00bb row_type=\u00a0\u00bbrow\u00a0\u00bb use_row_as_full_screen_section=\u00a0\u00bbno\u00a0\u00bb type=\u00a0\u00bbfull_width\u00a0\u00bb angled_section=\u00a0\u00bbno\u00a0\u00bb text_align=\u00a0\u00bbleft\u00a0\u00bb background_image_as_pattern=\u00a0\u00bbwithout_pattern\u00a0\u00bb][vc_column width=\u00a0\u00bb1\/4&Prime;][vc_raw_html]JTNDaDUlM0VBdXRyZXMlMjBzZXJ2aWNlcyUyMElOU1BFQ1RJT04lM0MlMkZoNSUzRQ==[\/vc_raw_html][vc_separator type=\u00a0\u00bbnormal\u00a0\u00bb color=\u00a0\u00bb#bcbcbc\u00a0\u00bb thickness=\u00a0\u00bb1&Prime; transparency=\u00a0\u00bb0.4&Prime;][vc_column_text] INSPECTION EXAMEN DES PROC\u00c9DURES DE PRODUCTION ET DES PLANS DES POINTS D&rsquo;INSPECTION L&rsquo;INSPECTION DE LA FABRICATION, DU MONTAGE ET DE L&rsquo;ENTRETIEN DES \u00c9QUIPEMENTS Certification de conduite mini\u00e8re pour les camionnettes [\/vc_column_text][vc_empty_space][vc_raw_html]JTNDaDUlM0VDb250YWN0JTIwYXZlYyUyMG5vdXMlM0MlMkZoNSUzRQ==[\/vc_raw_html][vc_separator type=\u00a0\u00bbnormal\u00a0\u00bb&#8230;<\/p>\n","protected":false},"author":1,"featured_media":0,"parent":57990,"menu_order":0,"comment_status":"closed","ping_status":"closed","template":"","meta":{"footnotes":""},"class_list":["post-58102","page","type-page","status-publish","hentry"],"_links":{"self":[{"href":"https:\/\/www.scichilesa.cl\/fr\/wp-json\/wp\/v2\/pages\/58102","targetHints":{"allow":["GET"]}}],"collection":[{"href":"https:\/\/www.scichilesa.cl\/fr\/wp-json\/wp\/v2\/pages"}],"about":[{"href":"https:\/\/www.scichilesa.cl\/fr\/wp-json\/wp\/v2\/types\/page"}],"author":[{"embeddable":true,"href":"https:\/\/www.scichilesa.cl\/fr\/wp-json\/wp\/v2\/users\/1"}],"replies":[{"embeddable":true,"href":"https:\/\/www.scichilesa.cl\/fr\/wp-json\/wp\/v2\/comments?post=58102"}],"version-history":[{"count":0,"href":"https:\/\/www.scichilesa.cl\/fr\/wp-json\/wp\/v2\/pages\/58102\/revisions"}],"up":[{"embeddable":true,"href":"https:\/\/www.scichilesa.cl\/fr\/wp-json\/wp\/v2\/pages\/57990"}],"wp:attachment":[{"href":"https:\/\/www.scichilesa.cl\/fr\/wp-json\/wp\/v2\/media?parent=58102"}],"curies":[{"name":"wp","href":"https:\/\/api.w.org\/{rel}","templated":true}]}}