{"id":58098,"date":"2021-12-15T18:16:52","date_gmt":"2021-12-15T18:16:52","guid":{"rendered":"https:\/\/scisachilesa.providersweb.es\/inspeccion-industrial\/inspeccion-de-fabricacion-montaje-y-mantenimiento-de-equipos\/"},"modified":"2023-02-16T13:58:56","modified_gmt":"2023-02-16T13:58:56","slug":"inspection-de-la-fabrication-du-montage-et-de-lentretien-des-equipements","status":"publish","type":"page","link":"https:\/\/www.scichilesa.cl\/fr\/inspeccion-industrial\/inspection-de-la-fabrication-du-montage-et-de-lentretien-des-equipements\/","title":{"rendered":"inspection de la Fabrication du Montage et de Lentretien des Equipements"},"content":{"rendered":"<div class=\"wpb-content-wrapper\"><p>[vc_row css_animation=\u00a0\u00bb\u00a0\u00bb row_type=\u00a0\u00bbrow\u00a0\u00bb use_row_as_full_screen_section=\u00a0\u00bbno\u00a0\u00bb type=\u00a0\u00bbfull_width\u00a0\u00bb angled_section=\u00a0\u00bbno\u00a0\u00bb text_align=\u00a0\u00bbleft\u00a0\u00bb background_image_as_pattern=\u00a0\u00bbwithout_pattern\u00a0\u00bb][vc_column width=\u00a0\u00bb1\/4&Prime;][vc_raw_html]JTNDaDUlM0VBdXRyZXMlMjBzZXJ2aWNlcyUyMGQlMjdpbnNwZWN0aW9uJTNDJTJGaDUlM0U=[\/vc_raw_html][vc_separator type=\u00a0\u00bbnormal\u00a0\u00bb color=\u00a0\u00bb#bcbcbc\u00a0\u00bb thickness=\u00a0\u00bb1&Prime; transparency=\u00a0\u00bb0.4&Prime;][vc_column_text]<\/p>\n<ul class=\"menu-lateral\">\n<li class=\"volver\"><a href=\"https:\/\/www.scichilesa.cl\/inspeccion\/\"><i class=\"fa fa-backward\" aria-hidden=\"true\"><\/i> INSPECCI\u00d3N<\/a><\/li>\n<li><a href=\"https:\/\/www.scichilesa.cl\/fr\/inspection-industrielle\/revision-des-procedures-de-production-et-des-plans-des-points-dinspection\/\">EXAMEN DES PROC\u00c9DURES DE PRODUCTION ET DES PLANS DES POINTS D&rsquo;INSPECTION<\/a><\/li>\n<li class=\"sin-enlace\">L&rsquo;INSPECTION DE LA FABRICATION, DU MONTAGE ET DE L&rsquo;ENTRETIEN DES \u00c9QUIPEMENTS<\/li>\n<li><a href=\"https:\/\/www.scichilesa.cl\/fr\/inspection-industrielle\/certification-de-conduite-miniere-pour-les-camionnettes\/\">Certification de conduite mini\u00e8re pour les camionnettes<\/a><\/li>\n<\/ul>\n<p>[\/vc_column_text][vc_empty_space][vc_raw_html]JTNDaDUlM0VDb250YWN0JTIwYXZlYyUyMG5vdXMlM0MlMkZoNSUzRQ==[\/vc_raw_html][vc_separator type=\u00a0\u00bbnormal\u00a0\u00bb color=\u00a0\u00bb#bcbcbc\u00a0\u00bb thickness=\u00a0\u00bb1&Prime; transparency=\u00a0\u00bb0.4&Prime;][vc_widget_sidebar sidebar_id=\u00a0\u00bbsidebar-blog\u00a0\u00bb][\/vc_column][vc_column width=\u00a0\u00bb3\/4&Prime;][vc_row_inner row_type=\u00a0\u00bbrow\u00a0\u00bb type=\u00a0\u00bbfull_width\u00a0\u00bb text_align=\u00a0\u00bbleft\u00a0\u00bb css_animation=\u00a0\u00bb\u00a0\u00bb css=\u00a0\u00bb.vc_custom_1639654729177{background-color: #ffffff !important;}\u00a0\u00bb][vc_column_inner css=\u00a0\u00bb.vc_custom_1639654809595{padding-right: 45px !important;padding-left: 45px !important;background-color: #ffffff !important;}\u00a0\u00bb][vc_column_text]<\/p>\n<h2 class=\"internas-titul\">INSPECTION DE L&rsquo;\u00c9QUIPEMENT ET DES MAT\u00c9RIAUX<\/h2>\n<p><a href=\"https:\/\/scichilesa.cl\/fr\/\" target=\"_blank\" rel=\"noopener\">SCI<\/a> effectue des inspections et le suivi de la fabrication de l&rsquo;\u00e9quipement et des mat\u00e9riaux en fonction du bon de commande, de la demande de mat\u00e9riel, de la documentation du fournisseur, des sp\u00e9cifications et des exigences du projet et des r\u00e8glements locaux et internationaux.[\/vc_column_text][vc_empty_space][\/vc_column_inner][\/vc_row_inner][vc_empty_space][vc_row_inner row_type=\u00a0\u00bbrow\u00a0\u00bb type=\u00a0\u00bbfull_width\u00a0\u00bb text_align=\u00a0\u00bbleft\u00a0\u00bb css_animation=\u00a0\u00bb\u00a0\u00bb css=\u00a0\u00bb.vc_custom_1644931800924{padding-right: 0px !important;background-color: #ffffff !important;}\u00a0\u00bb][vc_column_inner width=\u00a0\u00bb1\/2&Prime; css=\u00a0\u00bb.vc_custom_1639654809595{padding-right: 45px !important;padding-left: 45px !important;background-color: #ffffff !important;}\u00a0\u00bb][vc_column_text]<\/p>\n<h2 class=\"internas-titul\">LES TYPES D&rsquo;\u00c9QUIPEMENTS ET DE MAT\u00c9RIAUX INSPECT\u00c9S<\/h2>\n<p>Les \u00e9quipements et mat\u00e9riaux inspect\u00e9s sont principalement, mais pas exclusivement, les \u00e9quipements sous pression (colonnes, <a href=\"https:\/\/t-soluciona.com\/noticias\/intercambiadores-calor-que-son-sirven\/\" target=\"_blank\" rel=\"noopener\">\u00e9changeurs de chaleur<\/a>, r\u00e9acteurs, fours de traitement, filtres, cuves), les vannes, les tuyaux et les raccords n\u00e9cessaires \u00e0 l&rsquo;installation de la tuyauterie dans les usines, les compresseurs, les pompes, la structure m\u00e9tallique, les moteurs, les bo\u00eetes froides, les \u00e9quipements \u00e9lectriques et l&rsquo;instrumentation, entre autres.[\/vc_column_text][vc_empty_space][\/vc_column_inner][vc_column_inner width=\u00a0\u00bb1\/2&Prime; css=\u00a0\u00bb.vc_custom_1644931795770{padding-right: 0px !important;}\u00a0\u00bb][vc_single_image image=\u00a0\u00bb1288&Prime; img_size=\u00a0\u00bbfull\u00a0\u00bb qode_css_animation=\u00a0\u00bb\u00a0\u00bb][\/vc_column_inner][\/vc_row_inner][vc_empty_space][vc_row_inner row_type=\u00a0\u00bbrow\u00a0\u00bb type=\u00a0\u00bbfull_width\u00a0\u00bb text_align=\u00a0\u00bbleft\u00a0\u00bb css_animation=\u00a0\u00bb\u00a0\u00bb css=\u00a0\u00bb.vc_custom_1639654729177{background-color: #ffffff !important;}\u00a0\u00bb][vc_column_inner css=\u00a0\u00bb.vc_custom_1639654809595{padding-right: 45px !important;padding-left: 45px !important;background-color: #ffffff !important;}\u00a0\u00bb][vc_column_text]<\/p>\n<h2 class=\"internas-titul\">PORT\u00c9E DES INSPECTIONS<\/h2>\n<p>La port\u00e9e des inspections des mat\u00e9riaux inspect\u00e9s peut varier en fonction du point du plan des points d&rsquo;inspection applicable ; du d\u00e9but de la production (tra\u00e7abilit\u00e9 des mat\u00e9riaux), aux tests de performance ou aux inspections finales ; voici les points d&rsquo;action que nous r\u00e9alisons essentiellement lors des inspections :[\/vc_column_text][vc_empty_space height=\u00a0\u00bb15px\u00a0\u00bb]<div class=\"q_icon_list\"><i class=\"qode_icon_font_awesome fa fa-check-circle-o qode-ili-icon-holder circle\" style=\"color: #dbae32;background-color: #ffffff;\" ><\/i><p style=\"font-size: 14px;\">R\u00e9union de pr\u00e9-inspection.<\/p><\/div><div class=\"q_icon_list\"><i class=\"qode_icon_font_awesome fa fa-check-circle-o qode-ili-icon-holder circle\" style=\"color: #dbae32;background-color: #ffffff;\" ><\/i><p style=\"font-size: 14px;\">Pr\u00e9sence d'agr\u00e9ments de soudage.<\/p><\/div><div class=\"q_icon_list\"><i class=\"qode_icon_font_awesome fa fa-check-circle-o qode-ili-icon-holder circle\" style=\"color: #dbae32;background-color: #ffffff;\" ><\/i><p style=\"font-size: 14px;\">Contr\u00f4le visuel et dimensionnel.<\/p><\/div><div class=\"q_icon_list\"><i class=\"qode_icon_font_awesome fa fa-check-circle-o qode-ili-icon-holder circle\" style=\"color: #dbae32;background-color: #ffffff;\" ><\/i><p style=\"font-size: 14px;\">Pr\u00e9sence d'\u00e9preuves hydrauliques.<\/p><\/div><div class=\"q_icon_list\"><i class=\"qode_icon_font_awesome fa fa-check-circle-o qode-ili-icon-holder circle\" style=\"color: #dbae32;background-color: #ffffff;\" ><\/i><p style=\"font-size: 14px;\">Inspection finale.<\/p><\/div><div class=\"q_icon_list\"><i class=\"qode_icon_font_awesome fa fa-check-circle-o qode-ili-icon-holder circle\" style=\"color: #dbae32;background-color: #ffffff;\" ><\/i><p style=\"font-size: 14px;\">Tests fonctionnels et FAT.<\/p><\/div><div class=\"q_icon_list\"><i class=\"qode_icon_font_awesome fa fa-check-circle-o qode-ili-icon-holder circle\" style=\"color: #dbae32;background-color: #ffffff;\" ><\/i><p style=\"font-size: 14px;\">Inspection du rev\u00eatement de surface.<\/p><\/div><div class=\"q_icon_list\"><i class=\"qode_icon_font_awesome fa fa-check-circle-o qode-ili-icon-holder circle\" style=\"color: #dbae32;background-color: #ffffff;\" ><\/i><p style=\"font-size: 14px;\">Revue documentaire.<\/p><\/div><div class=\"q_icon_list\"><i class=\"qode_icon_font_awesome fa fa-check-circle-o qode-ili-icon-holder circle\" style=\"color: #dbae32;background-color: #ffffff;\" ><\/i><p style=\"font-size: 14px;\">V\u00e9rification du chargement et du d\u00e9chargement de l'\u00e9quipement et des mat\u00e9riaux.<\/p><\/div>[vc_column_text]Ces points sont compl\u00e9t\u00e9s par une v\u00e9rification de la bonne ex\u00e9cution des points pr\u00e9c\u00e9dents du plan d&rsquo;inspection pour chaque \u00e9quipement.[\/vc_column_text][vc_empty_space][\/vc_column_inner][\/vc_row_inner][vc_empty_space][vc_row_inner row_type=\u00a0\u00bbrow\u00a0\u00bb type=\u00a0\u00bbfull_width\u00a0\u00bb text_align=\u00a0\u00bbleft\u00a0\u00bb css_animation=\u00a0\u00bb\u00a0\u00bb css=\u00a0\u00bb.vc_custom_1639654729177{background-color: #ffffff !important;}\u00a0\u00bb][vc_column_inner css=\u00a0\u00bb.vc_custom_1644932041361{padding-right: 0px !important;padding-left: 45px !important;}\u00a0\u00bb][vc_empty_space][vc_column_text]<\/p>\n<h2 class=\"internas-titul\">SERVICES D&rsquo;ACTIVATION<\/h2>\n<p>En outre, <strong>SCI<\/strong> fournit des services d&rsquo;activation, en v\u00e9rifiant l&rsquo;\u00e9tat de l&rsquo;approvisionnement et en analysant les inconv\u00e9nients qui peuvent entra\u00eener un \u00e9ventuel retard dans la date de livraison, sans que cela n&rsquo;ait d&rsquo;incidence sur la qualit\u00e9 du produit final.[\/vc_column_text][vc_empty_space][\/vc_column_inner][\/vc_row_inner][vc_row_inner row_type=\u00a0\u00bbrow\u00a0\u00bb type=\u00a0\u00bbfull_width\u00a0\u00bb text_align=\u00a0\u00bbleft\u00a0\u00bb css_animation=\u00a0\u00bb\u00a0\u00bb css=\u00a0\u00bb.vc_custom_1644931971257{padding-right: 0px !important;padding-left: 0px !important;}\u00a0\u00bb][vc_column_inner css=\u00a0\u00bb.vc_custom_1644931966848{padding-right: 0px !important;padding-left: 0px !important;}\u00a0\u00bb][vc_single_image image=\u00a0\u00bb1291&Prime; img_size=\u00a0\u00bbfull\u00a0\u00bb qode_css_animation=\u00a0\u00bb\u00a0\u00bb el_class=\u00a0\u00bbimagen-grande\u00a0\u00bb][\/vc_column_inner][\/vc_row_inner][vc_empty_space][\/vc_column][\/vc_row][vc_row css_animation=\u00a0\u00bb\u00a0\u00bb row_type=\u00a0\u00bbrow\u00a0\u00bb use_row_as_full_screen_section=\u00a0\u00bbno\u00a0\u00bb type=\u00a0\u00bbfull_width\u00a0\u00bb angled_section=\u00a0\u00bbno\u00a0\u00bb text_align=\u00a0\u00bbleft\u00a0\u00bb background_image_as_pattern=\u00a0\u00bbwithout_pattern\u00a0\u00bb][vc_column][vc_empty_space height=\u00a0\u00bb64px\u00a0\u00bb][\/vc_column][\/vc_row][vc_row css_animation=\u00a0\u00bb\u00a0\u00bb row_type=\u00a0\u00bbrow\u00a0\u00bb use_row_as_full_screen_section=\u00a0\u00bbno\u00a0\u00bb type=\u00a0\u00bbfull_width\u00a0\u00bb angled_section=\u00a0\u00bbno\u00a0\u00bb text_align=\u00a0\u00bbleft\u00a0\u00bb background_image_as_pattern=\u00a0\u00bbwithout_pattern\u00a0\u00bb][vc_column][vc_column_text]<\/p>\n<p>[\/vc_column_text][\/vc_column][\/vc_row]<\/p>\n<\/div>","protected":false},"excerpt":{"rendered":"<p>[vc_row css_animation=\u00a0\u00bb\u00a0\u00bb row_type=\u00a0\u00bbrow\u00a0\u00bb use_row_as_full_screen_section=\u00a0\u00bbno\u00a0\u00bb type=\u00a0\u00bbfull_width\u00a0\u00bb angled_section=\u00a0\u00bbno\u00a0\u00bb text_align=\u00a0\u00bbleft\u00a0\u00bb background_image_as_pattern=\u00a0\u00bbwithout_pattern\u00a0\u00bb][vc_column width=\u00a0\u00bb1\/4&Prime;][vc_raw_html]JTNDaDUlM0VBdXRyZXMlMjBzZXJ2aWNlcyUyMGQlMjdpbnNwZWN0aW9uJTNDJTJGaDUlM0U=[\/vc_raw_html][vc_separator type=\u00a0\u00bbnormal\u00a0\u00bb color=\u00a0\u00bb#bcbcbc\u00a0\u00bb thickness=\u00a0\u00bb1&Prime; transparency=\u00a0\u00bb0.4&Prime;][vc_column_text] INSPECCI\u00d3N EXAMEN DES PROC\u00c9DURES DE PRODUCTION ET DES PLANS DES POINTS D&rsquo;INSPECTION L&rsquo;INSPECTION DE LA FABRICATION, DU MONTAGE ET DE L&rsquo;ENTRETIEN DES \u00c9QUIPEMENTS Certification de conduite mini\u00e8re pour les camionnettes [\/vc_column_text][vc_empty_space][vc_raw_html]JTNDaDUlM0VDb250YWN0JTIwYXZlYyUyMG5vdXMlM0MlMkZoNSUzRQ==[\/vc_raw_html][vc_separator type=\u00a0\u00bbnormal\u00a0\u00bb&#8230;<\/p>\n","protected":false},"author":1,"featured_media":0,"parent":57990,"menu_order":0,"comment_status":"closed","ping_status":"closed","template":"","meta":{"footnotes":""},"class_list":["post-58098","page","type-page","status-publish","hentry"],"_links":{"self":[{"href":"https:\/\/www.scichilesa.cl\/fr\/wp-json\/wp\/v2\/pages\/58098","targetHints":{"allow":["GET"]}}],"collection":[{"href":"https:\/\/www.scichilesa.cl\/fr\/wp-json\/wp\/v2\/pages"}],"about":[{"href":"https:\/\/www.scichilesa.cl\/fr\/wp-json\/wp\/v2\/types\/page"}],"author":[{"embeddable":true,"href":"https:\/\/www.scichilesa.cl\/fr\/wp-json\/wp\/v2\/users\/1"}],"replies":[{"embeddable":true,"href":"https:\/\/www.scichilesa.cl\/fr\/wp-json\/wp\/v2\/comments?post=58098"}],"version-history":[{"count":0,"href":"https:\/\/www.scichilesa.cl\/fr\/wp-json\/wp\/v2\/pages\/58098\/revisions"}],"up":[{"embeddable":true,"href":"https:\/\/www.scichilesa.cl\/fr\/wp-json\/wp\/v2\/pages\/57990"}],"wp:attachment":[{"href":"https:\/\/www.scichilesa.cl\/fr\/wp-json\/wp\/v2\/media?parent=58098"}],"curies":[{"name":"wp","href":"https:\/\/api.w.org\/{rel}","templated":true}]}}