{"id":58096,"date":"2022-09-21T15:41:34","date_gmt":"2022-09-21T15:41:34","guid":{"rendered":"https:\/\/scisachilesa.providersweb.es\/inspeccion-industrial\/certificacion-de-equitacion-minera-para-camionetas\/"},"modified":"2023-02-16T14:00:25","modified_gmt":"2023-02-16T14:00:25","slug":"certification-de-conduite-miniere-pour-les-camionnettes","status":"publish","type":"page","link":"https:\/\/www.scichilesa.cl\/fr\/inspeccion-industrial\/certification-de-conduite-miniere-pour-les-camionnettes\/","title":{"rendered":"Certification de conduite mini\u00e8re pour les camionnettes"},"content":{"rendered":"<div class=\"wpb-content-wrapper\"><p>[vc_row css_animation=\u00a0\u00bb\u00a0\u00bb row_type=\u00a0\u00bbrow\u00a0\u00bb use_row_as_full_screen_section=\u00a0\u00bbno\u00a0\u00bb type=\u00a0\u00bbfull_width\u00a0\u00bb angled_section=\u00a0\u00bbno\u00a0\u00bb text_align=\u00a0\u00bbleft\u00a0\u00bb background_image_as_pattern=\u00a0\u00bbwithout_pattern\u00a0\u00bb][vc_column width=\u00a0\u00bb1\/4&Prime;][vc_raw_html]JTNDaDUlM0VBVVRSRVMlMjBTRVJWSUNFUyUyMElOU1BFQ1RJT04lM0MlMkZoNSUzRQ==[\/vc_raw_html][vc_separator type=\u00a0\u00bbnormal\u00a0\u00bb color=\u00a0\u00bb#bcbcbc\u00a0\u00bb thickness=\u00a0\u00bb1&Prime; transparency=\u00a0\u00bb0.4&Prime;][vc_column_text]<\/p>\n<ul class=\"menu-lateral\">\n<li class=\"volver\"><a href=\"https:\/\/www.scichilesa.cl\/fr\/inspection\/\"><i class=\"fa fa-backward\" aria-hidden=\"true\"><\/i> INSPECTION<\/a><\/li>\n<li><a href=\"https:\/\/www.scichilesa.cl\/fr\/inspection-industrielle\/revision-des-procedures-de-production-et-des-plans-des-points-dinspection\/\">R\u00c9VISION DES PROC\u00c9DURES DE PRODUCTION ET DES PLANS DES POINTS D\u2019INSPECTION<\/a><\/li>\n<li><a href=\"https:\/\/www.scichilesa.cl\/fr\/inspection-industrielle\/inspection-de-la-fabrication-du-montage-et-de-lentretien-des-equipements\/\">L&rsquo;INSPECTION DE LA FABRICATION, DU MONTAGE ET DE L&rsquo;ENTRETIEN DES \u00c9QUIPEMENTS<\/a><\/li>\n<li class=\"sin-enlace\">CERTIFICATION DE CONDUITE MINI\u00c8RE POUR LES CAMIONNETTES<\/li>\n<\/ul>\n<p>[\/vc_column_text][vc_empty_space][vc_raw_html]JTNDaDUlM0VDT05UQUNUJTIwQVZFQyUyME5PVVMlM0MlMkZoNSUzRQ==[\/vc_raw_html][vc_separator type=\u00a0\u00bbnormal\u00a0\u00bb color=\u00a0\u00bb#bcbcbc\u00a0\u00bb thickness=\u00a0\u00bb1&Prime; transparency=\u00a0\u00bb0.4&Prime;][vc_widget_sidebar sidebar_id=\u00a0\u00bbsidebar-blog\u00a0\u00bb][\/vc_column][vc_column width=\u00a0\u00bb3\/4&Prime;][vc_row_inner row_type=\u00a0\u00bbrow\u00a0\u00bb type=\u00a0\u00bbfull_width\u00a0\u00bb text_align=\u00a0\u00bbleft\u00a0\u00bb css_animation=\u00a0\u00bb\u00a0\u00bb css=\u00a0\u00bb.vc_custom_1644937868038{padding-right: 0px !important;background-color: #ffffff !important;}\u00a0\u00bb][vc_column_inner css=\u00a0\u00bb.vc_custom_1639654809595{padding-right: 45px !important;padding-left: 45px !important;background-color: #ffffff !important;}\u00a0\u00bb][vc_column_text]<\/p>\n<h2 class=\"internas-titul\">CERTIFICATION DU PRODUIT<\/h2>\n<p>SCI Chili S.A. est l&rsquo;entreprise leader au Chili dans la certification d&rsquo;\u00e9quipements de s\u00e9curit\u00e9 dans des unit\u00e9s mobiles pour diff\u00e9rentes t\u00e2ches, telles que l&rsquo;exploitation mini\u00e8re, la foresterie, la construction et autres. Nous g\u00e9rons les diff\u00e9rentes normes requises par l&rsquo;exploitation mini\u00e8re au Chili pour accr\u00e9diter les v\u00e9hicules l\u00e9gers et lourds[\/vc_column_text][vc_empty_space height=\u00a0\u00bb15px\u00a0\u00bb][vc_column_text]<strong>Parmi ces produits et accessoires, se distinguent les suivants<\/strong> : Barres de protection contre le renversement, Structures Rops et Fops, Structures anti-encastrement, Attelages, Structures et dispositifs de traction ou de remorquage pour remorques, Garde-corps, s\u00e9curit\u00e9, Cales, Poteaux, Balises, back-up alarmes, Phares de travail, Serre-\u00e9crous, Indicateurs d&rsquo;\u00e9crous, Grille de couverture de lunette arri\u00e8re, Pare-chocs miniers, Cha\u00eenes \u00e0 neige, Cha\u00eenes en g\u00e9n\u00e9ral, \u00c9lingues, Marteaux de s\u00e9curit\u00e9, Supports d&rsquo;extincteurs, Supports de roues sur pick-up, C\u00e2bles en acier, Proc\u00e9dures d&rsquo;installation et de montage de tous les \u00e9quipements miniers dans les v\u00e9hicules.<\/p>\n<p>Autres produits : Produits fabriqu\u00e9s en machines et outillages, Equipements miniers de structure, Structures m\u00e9talliques l\u00e9g\u00e8res et lourdes, Cages de levage d&rsquo;hommes, Produits d&rsquo;assemblage et de fixation (boulons, \u00e9crous, rondelles, goupilles, etc.), T\u00f4les d&rsquo;acier, barres d&rsquo;acier lisses, nervures et profil\u00e9s en acier (lamin\u00e9s), Outillage \u00e0 main conventionnel et sp\u00e9cial, Produits de fonderie coul\u00e9s en sable ou en r\u00e9sine, Produits \u00e0 base de polym\u00e8res ou d&rsquo;\u00e9lastom\u00e8res, Enrouleurs pour r\u00e9seaux incendie humides avec tuyau semi-rigide, Raccords Storz, Tuyaux flexibles, Robinets pour r\u00e9seau incendie ( Dry Network), Bifurcas, entre autres&#8230;[\/vc_column_text][vc_empty_space][\/vc_column_inner][\/vc_row_inner][vc_empty_space][vc_row_inner row_type=\u00a0\u00bbrow\u00a0\u00bb type=\u00a0\u00bbfull_width\u00a0\u00bb text_align=\u00a0\u00bbleft\u00a0\u00bb css_animation=\u00a0\u00bb\u00a0\u00bb css=\u00a0\u00bb.vc_custom_1663776666119{margin-top: 0px !important;padding-right: 0px !important;}\u00a0\u00bb][vc_column_inner width=\u00a0\u00bb1\/3&Prime; css=\u00a0\u00bb.vc_custom_1663776464143{margin-top: 0px !important;margin-right: 0px !important;margin-bottom: 0px !important;margin-left: 0px !important;border-top-width: 0px !important;border-right-width: 0px !important;border-bottom-width: 0px !important;border-left-width: 0px !important;padding-top: 0px !important;padding-right: 0px !important;padding-bottom: 0px !important;padding-left: 0px !important;background-color: #ffffff !important;}\u00a0\u00bb][vc_single_image image=\u00a0\u00bb56312&Prime; img_size=\u00a0\u00bbfull\u00a0\u00bb qode_css_animation=\u00a0\u00bb\u00a0\u00bb][\/vc_column_inner][vc_column_inner width=\u00a0\u00bb1\/3&Prime; css=\u00a0\u00bb.vc_custom_1663776475135{margin-top: 0px !important;margin-right: 0px !important;margin-bottom: 0px !important;margin-left: 0px !important;border-top-width: 0px !important;border-right-width: 0px !important;border-bottom-width: 0px !important;border-left-width: 0px !important;padding-top: 0px !important;padding-right: 0px !important;padding-bottom: 0px !important;padding-left: 0px !important;}\u00a0\u00bb][vc_single_image image=\u00a0\u00bb56302&Prime; img_size=\u00a0\u00bbfull\u00a0\u00bb qode_css_animation=\u00a0\u00bb\u00a0\u00bb][\/vc_column_inner][vc_column_inner width=\u00a0\u00bb1\/3&Prime; css=\u00a0\u00bb.vc_custom_1663776485006{margin-top: 0px !important;margin-right: 0px !important;margin-bottom: 0px !important;margin-left: 0px !important;border-top-width: 0px !important;border-right-width: 0px !important;border-bottom-width: 0px !important;border-left-width: 0px !important;padding-top: 0px !important;padding-right: 0px !important;padding-bottom: 0px !important;padding-left: 0px !important;}\u00a0\u00bb][vc_single_image image=\u00a0\u00bb56305&Prime; img_size=\u00a0\u00bbfull\u00a0\u00bb qode_css_animation=\u00a0\u00bb\u00a0\u00bb][\/vc_column_inner][\/vc_row_inner][vc_empty_space][\/vc_column][\/vc_row][vc_row css_animation=\u00a0\u00bb\u00a0\u00bb row_type=\u00a0\u00bbrow\u00a0\u00bb use_row_as_full_screen_section=\u00a0\u00bbno\u00a0\u00bb type=\u00a0\u00bbfull_width\u00a0\u00bb angled_section=\u00a0\u00bbno\u00a0\u00bb text_align=\u00a0\u00bbleft\u00a0\u00bb background_image_as_pattern=\u00a0\u00bbwithout_pattern\u00a0\u00bb][vc_column][vc_empty_space height=\u00a0\u00bb64px\u00a0\u00bb][\/vc_column][\/vc_row]<\/p>\n<\/div>","protected":false},"excerpt":{"rendered":"<p>[vc_row css_animation=\u00a0\u00bb\u00a0\u00bb row_type=\u00a0\u00bbrow\u00a0\u00bb use_row_as_full_screen_section=\u00a0\u00bbno\u00a0\u00bb type=\u00a0\u00bbfull_width\u00a0\u00bb angled_section=\u00a0\u00bbno\u00a0\u00bb text_align=\u00a0\u00bbleft\u00a0\u00bb background_image_as_pattern=\u00a0\u00bbwithout_pattern\u00a0\u00bb][vc_column width=\u00a0\u00bb1\/4&Prime;][vc_raw_html]JTNDaDUlM0VBVVRSRVMlMjBTRVJWSUNFUyUyMElOU1BFQ1RJT04lM0MlMkZoNSUzRQ==[\/vc_raw_html][vc_separator type=\u00a0\u00bbnormal\u00a0\u00bb color=\u00a0\u00bb#bcbcbc\u00a0\u00bb thickness=\u00a0\u00bb1&Prime; transparency=\u00a0\u00bb0.4&Prime;][vc_column_text] INSPECTION R\u00c9VISION DES PROC\u00c9DURES DE PRODUCTION ET DES PLANS DES POINTS D\u2019INSPECTION L&rsquo;INSPECTION DE LA FABRICATION, DU MONTAGE ET DE L&rsquo;ENTRETIEN DES \u00c9QUIPEMENTS CERTIFICATION DE CONDUITE MINI\u00c8RE POUR LES CAMIONNETTES [\/vc_column_text][vc_empty_space][vc_raw_html]JTNDaDUlM0VDT05UQUNUJTIwQVZFQyUyME5PVVMlM0MlMkZoNSUzRQ==[\/vc_raw_html][vc_separator type=\u00a0\u00bbnormal\u00a0\u00bb&#8230;<\/p>\n","protected":false},"author":1,"featured_media":0,"parent":57990,"menu_order":0,"comment_status":"closed","ping_status":"closed","template":"","meta":{"footnotes":""},"class_list":["post-58096","page","type-page","status-publish","hentry"],"_links":{"self":[{"href":"https:\/\/www.scichilesa.cl\/fr\/wp-json\/wp\/v2\/pages\/58096","targetHints":{"allow":["GET"]}}],"collection":[{"href":"https:\/\/www.scichilesa.cl\/fr\/wp-json\/wp\/v2\/pages"}],"about":[{"href":"https:\/\/www.scichilesa.cl\/fr\/wp-json\/wp\/v2\/types\/page"}],"author":[{"embeddable":true,"href":"https:\/\/www.scichilesa.cl\/fr\/wp-json\/wp\/v2\/users\/1"}],"replies":[{"embeddable":true,"href":"https:\/\/www.scichilesa.cl\/fr\/wp-json\/wp\/v2\/comments?post=58096"}],"version-history":[{"count":0,"href":"https:\/\/www.scichilesa.cl\/fr\/wp-json\/wp\/v2\/pages\/58096\/revisions"}],"up":[{"embeddable":true,"href":"https:\/\/www.scichilesa.cl\/fr\/wp-json\/wp\/v2\/pages\/57990"}],"wp:attachment":[{"href":"https:\/\/www.scichilesa.cl\/fr\/wp-json\/wp\/v2\/media?parent=58096"}],"curies":[{"name":"wp","href":"https:\/\/api.w.org\/{rel}","templated":true}]}}