{"id":58088,"date":"2021-12-01T10:32:45","date_gmt":"2021-12-01T10:32:45","guid":{"rendered":"https:\/\/scisachilesa.providersweb.es\/ensayos-no-destructivos-y-laboratorio-metalurgico\/otros-ensayos-no-destructivos\/"},"modified":"2023-02-16T13:19:23","modified_gmt":"2023-02-16T13:19:23","slug":"autres-essais-non-destructifs","status":"publish","type":"page","link":"https:\/\/www.scichilesa.cl\/fr\/controles-non-destructifs-et-laboratoire-de-metallurgie\/autres-essais-non-destructifs\/","title":{"rendered":"Autres Essais Non Destructifs"},"content":{"rendered":"<div class=\"wpb-content-wrapper\"><p>[vc_row css_animation=\u00a0\u00bb\u00a0\u00bb row_type=\u00a0\u00bbrow\u00a0\u00bb use_row_as_full_screen_section=\u00a0\u00bbno\u00a0\u00bb type=\u00a0\u00bbfull_width\u00a0\u00bb angled_section=\u00a0\u00bbno\u00a0\u00bb text_align=\u00a0\u00bbleft\u00a0\u00bb background_image_as_pattern=\u00a0\u00bbwithout_pattern\u00a0\u00bb][vc_column width=\u00a0\u00bb1\/4&Prime;][vc_raw_html]JTNDaDUlM0VBVVRSRVMlMjBTRVJWSUNFUyUyMERFJTIwQ05EJTNDJTJGaDUlM0U=[\/vc_raw_html][vc_separator type=\u00a0\u00bbnormal\u00a0\u00bb color=\u00a0\u00bb#bcbcbc\u00a0\u00bb thickness=\u00a0\u00bb1&Prime; transparency=\u00a0\u00bb0.4&Prime;][vc_column_text]<\/p>\n<ul class=\"menu-lateral\">\n<li style=\"list-style-type: none;\">\n<ul class=\"menu-lateral\">\n<li class=\"volver\"><a href=\"https:\/\/www.scichilesa.cl\/fr\/controles-non-destructifs-et-laboratoire-de-metallurgie\/\"><i class=\"fa fa-backward\" aria-hidden=\"true\"><\/i> CONTROLES NON DESTRUCTIFS ET LABORATOIRE DE METALLURGIE<\/a><\/li>\n<li><a href=\"https:\/\/www.scichilesa.cl\/fr\/controles-non-destructifs-et-laboratoire-de-metallurgie\/controles-par-radiographie-industrielle\/\">ESSAIS DE RADIOGRAPHIE INDUSTRIELLE<\/a><\/li>\n<li><a href=\"https:\/\/www.scichilesa.cl\/fr\/controles-non-destructifs-et-laboratoire-de-metallurgie\/controles-par-ultrasons\/\">CONTROLES PAR ULTRASONS<\/a><\/li>\n<li><a href=\"https:\/\/www.scichilesa.cl\/fr\/controle-par-magnetoscopie\/\">CONTROLE PAR MAGNETOSCOPIE<\/a><\/li>\n<li><a href=\"https:\/\/www.scichilesa.cl\/fr\/controles-non-destructifs-et-laboratoire-de-metallurgie\/inspection-des-soudures-des-tours-eoliennes\/\"> INSPECTION DES SOUDURES DES TOURS EOLIENNES<\/a><\/li>\n<li class=\"sin-enlace\">AUTRES ESSAIS NON DESTRUCTIFS<\/li>\n<\/ul>\n<\/li>\n<\/ul>\n<p>&nbsp;<\/p>\n<ul>\n<li><a href=\"https:\/\/www.scichilesa.cl\/fr\/controles-non-destructifs-et-laboratoire-de-metallurgie\/essais-appliques-aux-pipelines-et-aux-grands-reservoirs-de-stockage\/\">ESSAIS APPLIQU\u00c9S AUX PIPELINES ET AUX GRANDS R\u00c9SERVOIRS DE STOCKAGE<\/a><\/li>\n<\/ul>\n<p>&nbsp;<\/p>\n<p>[\/vc_column_text][vc_empty_space][vc_raw_html]JTNDaDUlM0VDT05UQUNUJTIwQVZFQyUyME5PVVMlM0MlMkZoNSUzRQ==[\/vc_raw_html][vc_separator type=\u00a0\u00bbnormal\u00a0\u00bb color=\u00a0\u00bb#bcbcbc\u00a0\u00bb thickness=\u00a0\u00bb1&Prime; transparency=\u00a0\u00bb0.4&Prime;][vc_widget_sidebar sidebar_id=\u00a0\u00bbsidebar-blog\u00a0\u00bb][\/vc_column][vc_column width=\u00a0\u00bb3\/4&Prime;][vc_row_inner row_type=\u00a0\u00bbrow\u00a0\u00bb type=\u00a0\u00bbfull_width\u00a0\u00bb text_align=\u00a0\u00bbleft\u00a0\u00bb css_animation=\u00a0\u00bb\u00a0\u00bb css=\u00a0\u00bb.vc_custom_1639742702193{padding-right: 0px !important;padding-left: 25px !important;background-color: #ffffff !important;}\u00a0\u00bb][vc_column_inner width=\u00a0\u00bb1\/2&Prime;][vc_empty_space][vc_column_text]<\/p>\n<h2 class=\"internas-titul\">AUTRES TECHNIQUES DE CONTR\u00d4LE NON DESTRUCTIF<\/h2>\n<p style=\"text-align: left;\">Il existe d&rsquo;autres tests pour lesquels le <strong>SCI<\/strong> est qualifi\u00e9 par la <strong>technologie<\/strong>, les <strong>moyens<\/strong> et le <strong>personnel<\/strong>. <em><br \/>\n<strong>Il s&rsquo;agit notamment des \u00e9l\u00e9ments suivants :<\/strong><br \/>\n<\/em><\/p>\n<p>[\/vc_column_text][vc_column_text]<\/p>\n<div class=\"vc_row wpb_row vc_inner wf-container\">\n<div class=\"wpb_column vc_column_container vc_col-sm-12\">\n<div class=\"vc_column-inner \">\n<div class=\"wpb_wrapper\">\n<div class=\"wpb_text_column wpb_content_element titulo-paginas\">\n<div class=\"wpb_wrapper\">\n<h3><em><strong>1.<\/strong><\/em>MESURES DE L&rsquo;\u00c9PAISSEUR DU REV\u00caTEMENT<\/h3>\n<\/div>\n<\/div>\n<div class=\"vc_empty_space\">Gr\u00e2ce \u00e0 un \u00e9quipement sp\u00e9cifique, <strong>SCI<\/strong> est en mesure de mesurer l&rsquo;\u00e9paisseur des rev\u00eatements appliqu\u00e9s sur les mat\u00e9riaux (qu&rsquo;ils soient <strong>ferreux<\/strong> ou <strong>non ferreux<\/strong>).<\/div>\n<\/div>\n<\/div>\n<\/div>\n<\/div>\n<div class=\"vc_row wpb_row vc_inner wf-container\">\n<div class=\"wpb_column vc_column_container vc_col-sm-12\">\n<div class=\"vc_column-inner \">\n<div class=\"wpb_wrapper\">\n<div class=\"wpb_text_column wpb_content_element titulo-paginas\">\n<div class=\"wpb_wrapper\">\n<h3><em><strong>2.<\/strong><\/em>MESURE DE L&rsquo;ADH\u00c9RENCE DE LA PEINTURE<\/h3>\n<\/div>\n<\/div>\n<div class=\"wpb_text_column wpb_content_element titulo-paginas\">\n<div class=\"wpb_wrapper\">\n<h3><em><strong>3.<\/strong><\/em>THERMOGRAPHIE<\/h3>\n<\/div>\n<\/div>\n<div class=\"vc_empty_space\">La <a href=\"https:\/\/es.wikipedia.org\/wiki\/Termograf%C3%ADa\" target=\"_blank\" rel=\"noopener\">thermographie<\/a> est utilis\u00e9e pour d\u00e9terminer la temp\u00e9rature d&rsquo;un certain objet avec la particularit\u00e9 qu&rsquo;il n&rsquo;est pas n\u00e9cessaire que l&rsquo;\u00e9quipement soit en contact direct avec la machine, ce qui permet de maintenir son fonctionnement.<\/div>\n<div class=\"wpb_text_column wpb_content_element \">\n<div class=\"wpb_wrapper\">\n<p>La thermographie peut \u00eatre <strong>utilis\u00e9e \u00e0 des fins<\/strong> tr\u00e8s <strong>diverses<\/strong>: localisation de fuites, de pertes d&rsquo;isolation, de contacts \u00e9lectriques d\u00e9fectueux, etc.<\/p>\n<\/div>\n<\/div>\n<\/div>\n<\/div>\n<\/div>\n<\/div>\n<p>[\/vc_column_text][vc_column_text]En la mayor\u00eda de sus delegaciones,\u00a0<strong>SCI<\/strong>\u00a0dispone de\u00a0<strong>bunkers<\/strong>\u00a0para el radiografiado. Existe tambi\u00e9n la posibilidad de\u00a0<strong>instalar bunkers modulares<\/strong>\u00a0en las instalaciones del cliente.[\/vc_column_text][\/vc_column_inner][vc_column_inner width=\u00a0\u00bb1\/2&Prime; css=\u00a0\u00bb.vc_custom_1644320329621{padding-right: 0px !important;}\u00a0\u00bb][vc_single_image image=\u00a0\u00bb1093&Prime; img_size=\u00a0\u00bbfull\u00a0\u00bb alignment=\u00a0\u00bbright\u00a0\u00bb qode_css_animation=\u00a0\u00bb\u00a0\u00bb css=\u00a0\u00bb.vc_custom_1642676484957{margin-top: 0px !important;margin-right: 0px !important;margin-bottom: 0px !important;margin-left: 0px !important;border-top-width: 0px !important;border-right-width: 0px !important;border-bottom-width: 0px !important;border-left-width: 0px !important;padding-top: 0px !important;padding-right: 0px !important;padding-bottom: 0px !important;padding-left: 0px !important;}\u00a0\u00bb][\/vc_column_inner][\/vc_row_inner][vc_row_inner row_type=\u00a0\u00bbrow\u00a0\u00bb type=\u00a0\u00bbfull_width\u00a0\u00bb text_align=\u00a0\u00bbleft\u00a0\u00bb css_animation=\u00a0\u00bb\u00a0\u00bb css=\u00a0\u00bb.vc_custom_1639647452155{background-color: #ffffff !important;}\u00a0\u00bb][vc_column_inner css=\u00a0\u00bb.vc_custom_1639654835560{padding-right: 45px !important;padding-left: 45px !important;}\u00a0\u00bb][vc_column_text]<\/p>\n<div class=\"wpb_text_column wpb_content_element titulo-paginas\">\n<div class=\"wpb_wrapper\">\n<h3><em><strong>4.<\/strong><\/em>IDENTIFICATION POSITIVE DES MAT\u00c9RIAUX PAR FLUORESCENCE AUX RAYONS X<\/h3>\n<\/div>\n<\/div>\n<div class=\"wpb_text_column wpb_content_element \">\n<div class=\"wpb_wrapper\">\n<p>En fonction de leur composition, les mat\u00e9riaux pr\u00e9sentent une fluorescence caract\u00e9ristique lorsqu&rsquo;un faisceau de <strong>rayons X<\/strong> les frappe. Le <strong>SCI<\/strong> dispose d&rsquo;un \u00e9quipement portable permettant de d\u00e9terminer la composition chimique d&rsquo;un mat\u00e9riau <strong>rapidement<\/strong> et <strong>sans<\/strong> n\u00e9cessiter de <strong>pr\u00e9paration sp\u00e9ciale de la surface<\/strong>.<\/p>\n<\/div>\n<div class=\"wpb_text_column wpb_content_element titulo-paginas\">\n<div class=\"wpb_wrapper\">\n<h3><em><strong>5.<\/strong><\/em>INSPECTION VISUELLE DIRECTE OU INDIRECTE (boroscopie, vid\u00e9o-endoscopie)<\/h3>\n<\/div>\n<\/div>\n<div class=\"wpb_text_column wpb_content_element \">\n<div class=\"wpb_wrapper\">\n<p>L&rsquo;<strong>inspection visuelle<\/strong> par <strong>boroscopie<\/strong> ou <strong>vid\u00e9o-endoscopie<\/strong> est utilis\u00e9e pour visualiser les endroits que l&rsquo;\u0153il humain ne peut atteindre. Pour ce faire, le <strong>SCI<\/strong> dispose d&rsquo;\u00e9quipements appel\u00e9s endoscopes et vid\u00e9oendoscopes.<\/p>\n<p>L&rsquo;<strong>endoscope<\/strong> a la forme d&rsquo;une tige fine et allong\u00e9e. \u00c0 des fins d&rsquo;examen, il est \u00e9quip\u00e9 de plusieurs lentilles qui font partie d&rsquo;un syst\u00e8me t\u00e9lescopique. Cet \u00e9quipement est id\u00e9al pour l&rsquo;inspection visuelle de l&rsquo;int\u00e9rieur des composants tubulaires.<\/p>\n<p>Le <strong>Videoendoscope<\/strong> est un c\u00e2ble flexible avec une cam\u00e9ra \u00e0 son extr\u00e9mit\u00e9. Ce c\u00e2ble de diff\u00e9rentes longueurs peut \u00eatre ins\u00e9r\u00e9 dans des composants afin de les examiner visuellement de l&rsquo;int\u00e9rieur et d&rsquo;enregistrer les images en m\u00eame temps.<\/p>\n<p>Ces <strong>techniques d&rsquo;inspection<\/strong> sont utilis\u00e9es pour pouvoir analyser les composants sans avoir \u00e0 les d\u00e9monter, et les syst\u00e8mes permettent \u00e9galement d&rsquo;<strong>enregistrer<\/strong> les <strong>images<\/strong> obtenues, afin de pouvoir les consulter ult\u00e9rieurement.<\/p>\n<\/div>\n<\/div>\n<\/div>\n<p>[\/vc_column_text][vc_empty_space][\/vc_column_inner][\/vc_row_inner][vc_row_inner row_type=\u00a0\u00bbrow\u00a0\u00bb type=\u00a0\u00bbfull_width\u00a0\u00bb text_align=\u00a0\u00bbleft\u00a0\u00bb css_animation=\u00a0\u00bb\u00a0\u00bb css=\u00a0\u00bb.vc_custom_1644328331752{margin-top: 0px !important;}\u00a0\u00bb][vc_column_inner width=\u00a0\u00bb1\/2&Prime; css=\u00a0\u00bb.vc_custom_1644320864981{padding-right: 0px !important;padding-left: 0px !important;}\u00a0\u00bb][vc_single_image image=\u00a0\u00bb2013&Prime; img_size=\u00a0\u00bbfull\u00a0\u00bb qode_css_animation=\u00a0\u00bb\u00a0\u00bb][\/vc_column_inner][vc_column_inner width=\u00a0\u00bb1\/2&Prime; css=\u00a0\u00bb.vc_custom_1644320869581{padding-right: 0px !important;padding-left: 0px !important;}\u00a0\u00bb][vc_single_image image=\u00a0\u00bb2039&Prime; img_size=\u00a0\u00bbfull\u00a0\u00bb qode_css_animation=\u00a0\u00bb\u00a0\u00bb][\/vc_column_inner][\/vc_row_inner][\/vc_column][\/vc_row][vc_row css_animation=\u00a0\u00bb\u00a0\u00bb row_type=\u00a0\u00bbrow\u00a0\u00bb use_row_as_full_screen_section=\u00a0\u00bbno\u00a0\u00bb type=\u00a0\u00bbfull_width\u00a0\u00bb angled_section=\u00a0\u00bbno\u00a0\u00bb text_align=\u00a0\u00bbleft\u00a0\u00bb background_image_as_pattern=\u00a0\u00bbwithout_pattern\u00a0\u00bb][vc_column][vc_empty_space height=\u00a0\u00bb64px\u00a0\u00bb][\/vc_column][\/vc_row]<\/p>\n<\/div>","protected":false},"excerpt":{"rendered":"<p>[vc_row css_animation=\u00a0\u00bb\u00a0\u00bb row_type=\u00a0\u00bbrow\u00a0\u00bb use_row_as_full_screen_section=\u00a0\u00bbno\u00a0\u00bb type=\u00a0\u00bbfull_width\u00a0\u00bb angled_section=\u00a0\u00bbno\u00a0\u00bb text_align=\u00a0\u00bbleft\u00a0\u00bb background_image_as_pattern=\u00a0\u00bbwithout_pattern\u00a0\u00bb][vc_column width=\u00a0\u00bb1\/4&Prime;][vc_raw_html]JTNDaDUlM0VBVVRSRVMlMjBTRVJWSUNFUyUyMERFJTIwQ05EJTNDJTJGaDUlM0U=[\/vc_raw_html][vc_separator type=\u00a0\u00bbnormal\u00a0\u00bb color=\u00a0\u00bb#bcbcbc\u00a0\u00bb thickness=\u00a0\u00bb1&Prime; transparency=\u00a0\u00bb0.4&Prime;][vc_column_text] CONTROLES NON DESTRUCTIFS ET LABORATOIRE DE METALLURGIE ESSAIS DE RADIOGRAPHIE INDUSTRIELLE CONTROLES PAR ULTRASONS CONTROLE PAR MAGNETOSCOPIE INSPECTION DES SOUDURES DES TOURS EOLIENNES AUTRES ESSAIS NON DESTRUCTIFS &nbsp; ESSAIS APPLIQU\u00c9S AUX PIPELINES&#8230;<\/p>\n","protected":false},"author":1,"featured_media":0,"parent":58068,"menu_order":0,"comment_status":"closed","ping_status":"closed","template":"","meta":{"footnotes":""},"class_list":["post-58088","page","type-page","status-publish","hentry"],"_links":{"self":[{"href":"https:\/\/www.scichilesa.cl\/fr\/wp-json\/wp\/v2\/pages\/58088","targetHints":{"allow":["GET"]}}],"collection":[{"href":"https:\/\/www.scichilesa.cl\/fr\/wp-json\/wp\/v2\/pages"}],"about":[{"href":"https:\/\/www.scichilesa.cl\/fr\/wp-json\/wp\/v2\/types\/page"}],"author":[{"embeddable":true,"href":"https:\/\/www.scichilesa.cl\/fr\/wp-json\/wp\/v2\/users\/1"}],"replies":[{"embeddable":true,"href":"https:\/\/www.scichilesa.cl\/fr\/wp-json\/wp\/v2\/comments?post=58088"}],"version-history":[{"count":0,"href":"https:\/\/www.scichilesa.cl\/fr\/wp-json\/wp\/v2\/pages\/58088\/revisions"}],"up":[{"embeddable":true,"href":"https:\/\/www.scichilesa.cl\/fr\/wp-json\/wp\/v2\/pages\/58068"}],"wp:attachment":[{"href":"https:\/\/www.scichilesa.cl\/fr\/wp-json\/wp\/v2\/media?parent=58088"}],"curies":[{"name":"wp","href":"https:\/\/api.w.org\/{rel}","templated":true}]}}