{"id":58086,"date":"2021-12-01T10:45:30","date_gmt":"2021-12-01T10:45:30","guid":{"rendered":"https:\/\/scisachilesa.providersweb.es\/ensayos-no-destructivos-y-laboratorio-metalurgico\/laboratorio-metalurgico\/metalografia\/"},"modified":"2023-03-01T12:07:29","modified_gmt":"2023-03-01T12:07:29","slug":"metallographie","status":"publish","type":"page","link":"https:\/\/www.scichilesa.cl\/fr\/controles-non-destructifs-et-laboratoire-de-metallurgie\/metallographie\/","title":{"rendered":"Metallographie"},"content":{"rendered":"<div class=\"wpb-content-wrapper\"><p>[vc_row css_animation=\u00a0\u00bb\u00a0\u00bb row_type=\u00a0\u00bbrow\u00a0\u00bb use_row_as_full_screen_section=\u00a0\u00bbno\u00a0\u00bb type=\u00a0\u00bbfull_width\u00a0\u00bb angled_section=\u00a0\u00bbno\u00a0\u00bb text_align=\u00a0\u00bbleft\u00a0\u00bb background_image_as_pattern=\u00a0\u00bbwithout_pattern\u00a0\u00bb][vc_column width=\u00a0\u00bb1\/4&Prime;][vc_raw_html]JTNDaDUlM0VBdXRyZXMlMjBzZXJ2aWNlcyUyMGRlJTIwQ05EJTNDJTJGaDUlM0U=[\/vc_raw_html][vc_separator type=\u00a0\u00bbnormal\u00a0\u00bb color=\u00a0\u00bb#bcbcbc\u00a0\u00bb thickness=\u00a0\u00bb1&Prime; transparency=\u00a0\u00bb0.4&Prime;][vc_column_text]<\/p>\n<ul class=\"menu-lateral\">\n<li class=\"volver\"><a href=\"https:\/\/www.scichilesa.cl\/fr\/controles-non-destructifs-et-laboratoire-de-metallurgie\/metallographie\/\"><i class=\"fa fa-backward\" aria-hidden=\"true\"><\/i> LABORATOIRE D&rsquo;ESSAIS NON DESTRUCTIFS ET M\u00c9TALLURGIQUES<\/a><\/li>\n<li class=\"sin-enlace\">M\u00c9TALLOGRAPHIE<\/li>\n<li><a href=\"https:\/\/www.scichilesa.cl\/fr\/controles-non-destructifs-et-laboratoire-de-metallurgie\/analyse-chimique\/\">ANALYSE CHIMIQUE<\/a><\/li>\n<li><a href=\"https:\/\/www.scichilesa.cl\/fr\/controles-non-destructifs-et-laboratoire-de-metallurgie\/essais-mecaniques\/\">Essais Mecaniques<\/a><\/li>\n<\/ul>\n<p>[\/vc_column_text][vc_empty_space][vc_raw_html]JTNDaDUlM0VDb250YWN0JTIwYXZlYyUyMG5vdXMlM0MlMkZoNSUzRQ==[\/vc_raw_html][vc_separator type=\u00a0\u00bbnormal\u00a0\u00bb color=\u00a0\u00bb#bcbcbc\u00a0\u00bb thickness=\u00a0\u00bb1&Prime; transparency=\u00a0\u00bb0.4&Prime;][vc_widget_sidebar sidebar_id=\u00a0\u00bbsidebar-blog\u00a0\u00bb][\/vc_column][vc_column width=\u00a0\u00bb3\/4&Prime;][vc_row_inner row_type=\u00a0\u00bbrow\u00a0\u00bb type=\u00a0\u00bbfull_width\u00a0\u00bb text_align=\u00a0\u00bbleft\u00a0\u00bb css_animation=\u00a0\u00bb\u00a0\u00bb css=\u00a0\u00bb.vc_custom_1639654729177{background-color: #ffffff !important;}\u00a0\u00bb][vc_column_inner css=\u00a0\u00bb.vc_custom_1639654809595{padding-right: 45px !important;padding-left: 45px !important;background-color: #ffffff !important;}\u00a0\u00bb][vc_column_text]<\/p>\n<h2 class=\"internas-titul\">LABORATOIRE DE M\u00c9TALLOGRAPHIE<\/h2>\n<div class=\"wpb_text_column wpb_content_element \">\n<div class=\"wpb_wrapper\">\n<div class=\"vc_row wpb_row vc_inner wf-container\">\n<div class=\"wpb_column vc_column_container vc_col-sm-12\">\n<div class=\"vc_column-inner \">\n<div class=\"wpb_wrapper\">\n<div class=\"wpb_text_column wpb_content_element \">\n<div class=\"wpb_wrapper\">\n<p>Le SCI dispose d&rsquo;un laboratoire pr\u00e9par\u00e9 pour la <strong>m\u00e9tallographie <\/strong>dans lequel les progr\u00e8s de la <strong>microscopie optique<\/strong> et de la <strong>microscopie \u00e9lectronique<\/strong> sont pr\u00e9sents.<\/p>\n<p>La <strong>m\u00e9tallographie<\/strong> est l&rsquo;\u00e9tude des diff\u00e9rentes structures des m\u00e9taux. C&rsquo;est l&rsquo;une des sp\u00e9cialit\u00e9s dont s&rsquo;occupe notre <strong>laboratoire m\u00e9tallurgique<\/strong>, avec l&rsquo;<a href=\"https:\/\/www.scichilesa.cl\/fr\/controles-non-destructifs-et-laboratoire-de-metallurgie\/analyse-chimique\/\" target=\"_blank\" rel=\"noopener\">analyse chimique<\/a> et les <a href=\"https:\/\/www.scichilesa.cl\/fr\/controles-non-destructifs-et-laboratoire-de-metallurgie\/essais-mecaniques\/\" target=\"_blank\" rel=\"noopener\">essais m\u00e9caniques<\/a>.<\/p>\n<\/div>\n<\/div>\n<\/div>\n<\/div>\n<\/div>\n<\/div>\n<\/div>\n<\/div>\n<p>[\/vc_column_text][vc_empty_space][\/vc_column_inner][\/vc_row_inner][vc_row_inner row_type=\u00a0\u00bbrow\u00a0\u00bb type=\u00a0\u00bbfull_width\u00a0\u00bb text_align=\u00a0\u00bbleft\u00a0\u00bb css_animation=\u00a0\u00bb\u00a0\u00bb css=\u00a0\u00bb.vc_custom_1644931626039{padding-right: 0px !important;padding-left: 0px !important;}\u00a0\u00bb][vc_column_inner css=\u00a0\u00bb.vc_custom_1644931633617{padding-right: 0px !important;padding-left: 0px !important;}\u00a0\u00bb][vc_gallery type=\u00a0\u00bbimage_grid\u00a0\u00bb images=\u00a0\u00bb1152,1151,1150&Prime; img_size=\u00a0\u00bbfull\u00a0\u00bb onclick=\u00a0\u00bb\u00a0\u00bb column_number=\u00a0\u00bb3&Prime; grayscale=\u00a0\u00bbno\u00a0\u00bb images_space=\u00a0\u00bbgallery_without_space\u00a0\u00bb][\/vc_column_inner][\/vc_row_inner][vc_empty_space][vc_row_inner row_type=\u00a0\u00bbrow\u00a0\u00bb type=\u00a0\u00bbfull_width\u00a0\u00bb text_align=\u00a0\u00bbleft\u00a0\u00bb css_animation=\u00a0\u00bb\u00a0\u00bb css=\u00a0\u00bb.vc_custom_1639647452155{background-color: #ffffff !important;}\u00a0\u00bb][vc_column_inner css=\u00a0\u00bb.vc_custom_1639654835560{padding-right: 45px !important;padding-left: 45px !important;}\u00a0\u00bb][vc_empty_space][vc_column_text]<\/p>\n<h2 class=\"internas-titul\">SERVICES DE LABORATOIRE M\u00c9TALLURGIQUE :<\/h2>\n<p>[\/vc_column_text][vc_empty_space]<div class=\"q_icon_list\"><i class=\"qode_icon_font_awesome fa fa-check-circle-o qode-ili-icon-holder circle\" style=\"color: #dbae32;background-color: #ffffff;\" ><\/i><p style=\"font-size: 14px;\">Essais macrographiques.<\/p><\/div><div class=\"q_icon_list\"><i class=\"qode_icon_font_awesome fa fa-check-circle-o qode-ili-icon-holder circle\" style=\"color: #dbae32;background-color: #ffffff;\" ><\/i><p style=\"font-size: 14px;\">Analyse micrographique par microscopie optique.<\/p><\/div><div class=\"q_icon_list\"><i class=\"qode_icon_font_awesome fa fa-check-circle-o qode-ili-icon-holder circle\" style=\"color: #dbae32;background-color: #ffffff;\" ><\/i><p style=\"font-size: 14px;\">Analyse micrographique par microscopie \u00e9lectronique \u00e0 balayage (MEB).<\/p><\/div><div class=\"q_icon_list\"><i class=\"qode_icon_font_awesome fa fa-check-circle-o qode-ili-icon-holder circle\" style=\"color: #dbae32;background-color: #ffffff;\" ><\/i><p style=\"font-size: 14px;\">R\u00e9pliques m\u00e9tallographiques.<\/p><\/div><div class=\"q_icon_list\"><i class=\"qode_icon_font_awesome fa fa-check-circle-o qode-ili-icon-holder circle\" style=\"color: #dbae32;background-color: #ffffff;\" ><\/i><p style=\"font-size: 14px;\">Analyse des d\u00e9faillances et \u00e9tudes m\u00e9tallurgiques.<\/p><\/div><div class=\"q_icon_list\"><i class=\"qode_icon_font_awesome fa fa-check-circle-o qode-ili-icon-holder circle\" style=\"color: #dbae32;background-color: #ffffff;\" ><\/i><p style=\"font-size: 14px;\">Tests de sensibilisation \u00e0 la corrosion.<\/p><\/div>[vc_empty_space][\/vc_column_inner][\/vc_row_inner][vc_row_inner row_type=\u00a0\u00bbrow\u00a0\u00bb type=\u00a0\u00bbfull_width\u00a0\u00bb text_align=\u00a0\u00bbleft\u00a0\u00bb css_animation=\u00a0\u00bb\u00a0\u00bb css=\u00a0\u00bb.vc_custom_1644931675561{padding-right: 0px !important;padding-left: 0px !important;}\u00a0\u00bb][vc_column_inner css=\u00a0\u00bb.vc_custom_1644931669139{padding-right: 0px !important;padding-left: 0px !important;}\u00a0\u00bb][vc_gallery type=\u00a0\u00bbimage_grid\u00a0\u00bb images=\u00a0\u00bb1159,1160,1157&Prime; img_size=\u00a0\u00bbfull\u00a0\u00bb onclick=\u00a0\u00bb\u00a0\u00bb column_number=\u00a0\u00bb3&Prime; grayscale=\u00a0\u00bbno\u00a0\u00bb images_space=\u00a0\u00bbgallery_with_space\u00a0\u00bb][\/vc_column_inner][\/vc_row_inner][vc_empty_space][\/vc_column][\/vc_row][vc_row css_animation=\u00a0\u00bb\u00a0\u00bb row_type=\u00a0\u00bbrow\u00a0\u00bb use_row_as_full_screen_section=\u00a0\u00bbno\u00a0\u00bb type=\u00a0\u00bbfull_width\u00a0\u00bb angled_section=\u00a0\u00bbno\u00a0\u00bb text_align=\u00a0\u00bbleft\u00a0\u00bb background_image_as_pattern=\u00a0\u00bbwithout_pattern\u00a0\u00bb][vc_column][vc_empty_space height=\u00a0\u00bb64px\u00a0\u00bb][\/vc_column][\/vc_row]<\/p>\n<\/div>","protected":false},"excerpt":{"rendered":"<p>[vc_row css_animation=\u00a0\u00bb\u00a0\u00bb row_type=\u00a0\u00bbrow\u00a0\u00bb use_row_as_full_screen_section=\u00a0\u00bbno\u00a0\u00bb type=\u00a0\u00bbfull_width\u00a0\u00bb angled_section=\u00a0\u00bbno\u00a0\u00bb text_align=\u00a0\u00bbleft\u00a0\u00bb background_image_as_pattern=\u00a0\u00bbwithout_pattern\u00a0\u00bb][vc_column width=\u00a0\u00bb1\/4&Prime;][vc_raw_html]JTNDaDUlM0VBdXRyZXMlMjBzZXJ2aWNlcyUyMGRlJTIwQ05EJTNDJTJGaDUlM0U=[\/vc_raw_html][vc_separator type=\u00a0\u00bbnormal\u00a0\u00bb color=\u00a0\u00bb#bcbcbc\u00a0\u00bb thickness=\u00a0\u00bb1&Prime; transparency=\u00a0\u00bb0.4&Prime;][vc_column_text] LABORATOIRE D&rsquo;ESSAIS NON DESTRUCTIFS ET M\u00c9TALLURGIQUES M\u00c9TALLOGRAPHIE ANALYSE CHIMIQUE Essais Mecaniques [\/vc_column_text][vc_empty_space][vc_raw_html]JTNDaDUlM0VDb250YWN0JTIwYXZlYyUyMG5vdXMlM0MlMkZoNSUzRQ==[\/vc_raw_html][vc_separator type=\u00a0\u00bbnormal\u00a0\u00bb color=\u00a0\u00bb#bcbcbc\u00a0\u00bb thickness=\u00a0\u00bb1&Prime; transparency=\u00a0\u00bb0.4&Prime;][vc_widget_sidebar sidebar_id=\u00a0\u00bbsidebar-blog\u00a0\u00bb][\/vc_column][vc_column width=\u00a0\u00bb3\/4&Prime;][vc_row_inner row_type=\u00a0\u00bbrow\u00a0\u00bb type=\u00a0\u00bbfull_width\u00a0\u00bb text_align=\u00a0\u00bbleft\u00a0\u00bb css_animation=\u00a0\u00bb\u00a0\u00bb css=\u00a0\u00bb.vc_custom_1639654729177{background-color: #ffffff !important;}\u00a0\u00bb][vc_column_inner css=\u00a0\u00bb.vc_custom_1639654809595{padding-right: 45px !important;padding-left: 45px !important;background-color: #ffffff !important;}\u00a0\u00bb][vc_column_text]&#8230;<\/p>\n","protected":false},"author":1,"featured_media":0,"parent":58068,"menu_order":0,"comment_status":"closed","ping_status":"closed","template":"","meta":{"footnotes":""},"class_list":["post-58086","page","type-page","status-publish","hentry"],"_links":{"self":[{"href":"https:\/\/www.scichilesa.cl\/fr\/wp-json\/wp\/v2\/pages\/58086","targetHints":{"allow":["GET"]}}],"collection":[{"href":"https:\/\/www.scichilesa.cl\/fr\/wp-json\/wp\/v2\/pages"}],"about":[{"href":"https:\/\/www.scichilesa.cl\/fr\/wp-json\/wp\/v2\/types\/page"}],"author":[{"embeddable":true,"href":"https:\/\/www.scichilesa.cl\/fr\/wp-json\/wp\/v2\/users\/1"}],"replies":[{"embeddable":true,"href":"https:\/\/www.scichilesa.cl\/fr\/wp-json\/wp\/v2\/comments?post=58086"}],"version-history":[{"count":0,"href":"https:\/\/www.scichilesa.cl\/fr\/wp-json\/wp\/v2\/pages\/58086\/revisions"}],"up":[{"embeddable":true,"href":"https:\/\/www.scichilesa.cl\/fr\/wp-json\/wp\/v2\/pages\/58068"}],"wp:attachment":[{"href":"https:\/\/www.scichilesa.cl\/fr\/wp-json\/wp\/v2\/media?parent=58086"}],"curies":[{"name":"wp","href":"https:\/\/api.w.org\/{rel}","templated":true}]}}