{"id":58079,"date":"2021-12-01T10:16:26","date_gmt":"2021-12-01T10:16:26","guid":{"rendered":"https:\/\/scisachilesa.providersweb.es\/ensayos-no-destructivos-y-laboratorio-metalurgico\/inspeccion-de-soldadura-de-torres-eolicas\/"},"modified":"2023-03-01T12:51:04","modified_gmt":"2023-03-01T12:51:04","slug":"inspection-des-soudures-des-tours-eoliennes","status":"publish","type":"page","link":"https:\/\/www.scichilesa.cl\/fr\/controles-non-destructifs-et-laboratoire-de-metallurgie\/inspection-des-soudures-des-tours-eoliennes\/","title":{"rendered":"Inspection des Soudures des Tours Eoliennes"},"content":{"rendered":"<div class=\"wpb-content-wrapper\"><p>[vc_row css_animation=\u00a0\u00bb\u00a0\u00bb row_type=\u00a0\u00bbrow\u00a0\u00bb use_row_as_full_screen_section=\u00a0\u00bbno\u00a0\u00bb type=\u00a0\u00bbfull_width\u00a0\u00bb angled_section=\u00a0\u00bbno\u00a0\u00bb text_align=\u00a0\u00bbleft\u00a0\u00bb background_image_as_pattern=\u00a0\u00bbwithout_pattern\u00a0\u00bb][vc_column width=\u00a0\u00bb1\/4&Prime;][vc_raw_html]JTNDaDUlM0VPdHJvcyUyMFNlcnZpY2lvcyUyMEVORCUzQyUyRmg1JTNF[\/vc_raw_html][vc_separator type=\u00a0\u00bbnormal\u00a0\u00bb color=\u00a0\u00bb#bcbcbc\u00a0\u00bb thickness=\u00a0\u00bb1&Prime; transparency=\u00a0\u00bb0.4&Prime;][vc_column_text]<\/p>\n<ul class=\"menu-lateral\">\n<li class=\"volver\"><a href=\"https:\/\/www.scichilesa.cl\/fr\/controles-non-destructifs-et-laboratoire-de-metallurgie\/\"><i class=\"fa fa-backward\" aria-hidden=\"true\"><\/i> LABORATOIRE D&rsquo;ESSAIS NON DESTRUCTIFS ET M\u00c9TALLURGIQUES<\/a><\/li>\n<li><a href=\"https:\/\/www.scichilesa.cl\/fr\/controles-non-destructifs-et-laboratoire-de-metallurgie\/controles-par-radiographie-industrielle\/\">CONTROLES PAR RADIOGRAPHIE INDUSTRIELLE<\/a><\/li>\n<li><a href=\"https:\/\/www.scichilesa.cl\/fr\/controles-non-destructifs-et-laboratoire-de-metallurgie\/controles-par-ultrasons\/\">CONTROLES PAR ULTRASONS<\/a><\/li>\n<li><a href=\"https:\/\/www.scichilesa.cl\/fr\/controle-par-magnetoscopie\/\">CONTROLE PAR MAGNETOSCOPIE<\/a><\/li>\n<li><a href=\"https:\/\/www.scichilesa.cl\/fr\/controle-par-ressuage\/\">CONTR\u00d4LE PAR RESSUAGE<\/a><\/li>\n<li class=\"sin-enlace\">Inspection des Soudures des Tours Eoliennes<\/li>\n<li><a href=\"https:\/\/www.scichilesa.cl\/fr\/controles-non-destructifs-et-laboratoire-de-metallurgie\/autres-essais-non-destructifs\/\">AUTRES ESSAIS NON DESTRUCTIFS<\/a><\/li>\n<li><a href=\"https:\/\/www.scichilesa.cl\/fr\/controles-non-destructifs-et-laboratoire-de-metallurgie\/essais-appliques-aux-pipelines-et-aux-grands-reservoirs-de-stockage\/\">ESSAIS APPLIQU\u00c9S AUX PIPELINES ET AUX GRANDS R\u00c9SERVOIRS DE STOCKAGE<\/a><\/li>\n<\/ul>\n<p>[\/vc_column_text][vc_empty_space][vc_raw_html]JTNDaDUlM0VDb250YWN0YSUyMGNvbiUyMG5vc290cm9zJTNDJTJGaDUlM0U=[\/vc_raw_html][vc_separator type=\u00a0\u00bbnormal\u00a0\u00bb color=\u00a0\u00bb#bcbcbc\u00a0\u00bb thickness=\u00a0\u00bb1&Prime; transparency=\u00a0\u00bb0.4&Prime;][vc_widget_sidebar sidebar_id=\u00a0\u00bbsidebar-blog\u00a0\u00bb][\/vc_column][vc_column width=\u00a0\u00bb3\/4&Prime;][vc_row_inner row_type=\u00a0\u00bbrow\u00a0\u00bb type=\u00a0\u00bbfull_width\u00a0\u00bb text_align=\u00a0\u00bbleft\u00a0\u00bb css_animation=\u00a0\u00bb\u00a0\u00bb css=\u00a0\u00bb.vc_custom_1639654729177{background-color: #ffffff !important;}\u00a0\u00bb][vc_column_inner css=\u00a0\u00bb.vc_custom_1639654809595{padding-right: 45px !important;padding-left: 45px !important;background-color: #ffffff !important;}\u00a0\u00bb][vc_column_text]<\/p>\n<h2 class=\"internas-titul\">INSPECTION DES SOUDURES DES TOURS D&rsquo;\u00c9OLIENNES<\/h2>\n<p>Dans les prochaines ann\u00e9es, la plupart des \u00e9oliennes install\u00e9es en Espagne auront 15 ans depuis leur installation et leur mise en service.<\/p>\n<p>La n\u00e9cessit\u00e9 pour les fabricants, les responsables de la maintenance, les promoteurs et les propri\u00e9taires de parcs \u00e9oliens d&rsquo;augmenter la dur\u00e9e de vie des \u00e9oliennes a conduit \u00e0 la mise en \u0153uvre de plans d&rsquo;extension de la dur\u00e9e de vie des installations de production \u00e9olienne dans le secteur ces derni\u00e8res ann\u00e9es.<\/p>\n<p><strong><a href=\"https:\/\/scichilesa.cl\/fr\/\" target=\"_blank\" rel=\"noopener\">SCI, contr\u00f4le et inspection<\/a><\/strong> se fait l&rsquo;\u00e9cho de cette pr\u00e9occupation et propose au march\u00e9 de nouveaux syst\u00e8mes d&rsquo;inspection pour la d\u00e9termination des d\u00e9fauts structurels des \u00e9oliennes.<\/p>\n<p>Plus pr\u00e9cis\u00e9ment, elle a con\u00e7u et mis en service un syst\u00e8me automatique d&rsquo;enregistrement des donn\u00e9es. <a href=\"https:\/\/scichilesa.cl\/fr\/controles-non-destructifs-et-laboratoire-de-metallurgie\/controles-par-ultrasons\/\" target=\"_blank\" rel=\"noopener\"><strong>inspection <\/strong><strong>contr\u00f4le par ultrasons<\/strong><\/a><strong> des soudures des tours d&rsquo;\u00e9oliennes en service.<\/strong>[\/vc_column_text][vc_empty_space][\/vc_column_inner][\/vc_row_inner][vc_row_inner row_type=\u00a0\u00bbrow\u00a0\u00bb type=\u00a0\u00bbfull_width\u00a0\u00bb text_align=\u00a0\u00bbleft\u00a0\u00bb css_animation=\u00a0\u00bb\u00a0\u00bb css=\u00a0\u00bb.vc_custom_1644318201229{margin-top: 32px !important;}\u00a0\u00bb][vc_column_inner css=\u00a0\u00bb.vc_custom_1644318081997{padding-right: 0px !important;padding-left: 0px !important;}\u00a0\u00bb][vc_video link=\u00a0\u00bbhttps:\/\/www.youtube.com\/watch?v=diIaMH98d3U\u00a0\u00bb][\/vc_column_inner][\/vc_row_inner][vc_row_inner row_type=\u00a0\u00bbrow\u00a0\u00bb type=\u00a0\u00bbfull_width\u00a0\u00bb text_align=\u00a0\u00bbleft\u00a0\u00bb css_animation=\u00a0\u00bb\u00a0\u00bb css=\u00a0\u00bb.vc_custom_1644318118829{margin-top: 32px !important;padding-right: 0px !important;padding-left: 25px !important;background-color: #ffffff !important;}\u00a0\u00bb][vc_column_inner width=\u00a0\u00bb1\/2&Prime;][vc_empty_space][vc_column_text]<\/p>\n<h2 class=\"internas-titul\">Inspection des soudures sur les \u00e9oliennes<\/h2>\n<p>Le <strong>contr\u00f4le par soudure<\/strong> des tours d&rsquo;\u00e9oliennes est effectu\u00e9 \u00e0 l&rsquo;aide d&rsquo;un chariot magn\u00e9tique, d\u00e9velopp\u00e9 par le d\u00e9partement <strong>R&amp;D<\/strong>, dont l&rsquo;acc\u00e8s se fait par l&rsquo;ext\u00e9rieur de la tour et qui est t\u00e9l\u00e9command\u00e9 depuis le sol par un op\u00e9rateur SCI.[\/vc_column_text][vc_column_text]<\/p>\n<p class=\"internas-titul\"><strong><em>Applications des \u00e9quipements automatiques \u00e0 ultrasons :<\/em><\/strong><\/p>\n<ul class=\"lista-interna\">\n<li><i class=\"fa fa-angle-right\" aria-hidden=\"true\"><\/i>Maintenance et surveillance des tours d&rsquo;\u00e9oliennes.<\/li>\n<li><i class=\"fa fa-angle-right\" aria-hidden=\"true\"><\/i>Inspection des tours dans les programmes d&rsquo;extension de la dur\u00e9e de vie des parcs \u00e9oliens.<\/li>\n<li><i class=\"fa fa-angle-right\" aria-hidden=\"true\"><\/i> D\u00e9tection de fissures et de d\u00e9fauts internes dans les soudures sans affecter la peinture.<\/li>\n<li><i class=\"fa fa-angle-right\" aria-hidden=\"true\"><\/i>Dimension des d\u00e9fauts d\u00e9tect\u00e9s en longueur et en profondeur.<\/li>\n<li><i class=\"fa fa-angle-right\" aria-hidden=\"true\"><\/i> Inspection visuelle rapproch\u00e9e des d\u00e9fauts structurels de surface (bosses, d\u00e9fauts caus\u00e9s par l&rsquo;impact des pales, par la foudre, etc.)<\/li>\n<\/ul>\n<p>[\/vc_column_text][\/vc_column_inner][vc_column_inner width=\u00a0\u00bb1\/2&Prime; css=\u00a0\u00bb.vc_custom_1644318230021{padding-right: 0px !important;}\u00a0\u00bb][vc_single_image image=\u00a0\u00bb1957&Prime; img_size=\u00a0\u00bbfull\u00a0\u00bb alignment=\u00a0\u00bbright\u00a0\u00bb qode_css_animation=\u00a0\u00bb\u00a0\u00bb css=\u00a0\u00bb.vc_custom_1644318843075{margin-top: 0px !important;margin-right: 0px !important;margin-bottom: 0px !important;margin-left: 0px !important;border-top-width: 0px !important;border-right-width: 0px !important;border-bottom-width: 0px !important;border-left-width: 0px !important;padding-top: 0px !important;padding-right: 0px !important;padding-bottom: 0px !important;padding-left: 0px !important;}\u00a0\u00bb][\/vc_column_inner][\/vc_row_inner][vc_row_inner row_type=\u00a0\u00bbrow\u00a0\u00bb type=\u00a0\u00bbfull_width\u00a0\u00bb text_align=\u00a0\u00bbleft\u00a0\u00bb css_animation=\u00a0\u00bb\u00a0\u00bb css=\u00a0\u00bb.vc_custom_1644318388341{margin-top: 32px !important;padding-right: 0px !important;padding-left: 25px !important;background-color: #ffffff !important;}\u00a0\u00bb][vc_column_inner css=\u00a0\u00bb.vc_custom_1644318436917{margin-top: 32px !important;padding-left: 0px !important;}\u00a0\u00bb][vc_column_text css=\u00a0\u00bb.vc_custom_1674217196217{margin-right: 15% !important;}\u00a0\u00bb]<\/p>\n<h2 class=\"internas-titul\">Avantages de l&rsquo;inspection des soudures sur les tours d&rsquo;\u00e9oliennes<\/h2>\n<ul class=\"lista-interna\">\n<li><i class=\"fa fa-angle-right\" aria-hidden=\"true\"><\/i> \u00c9vitez l&rsquo;utilisation de plates-formes \u00e9l\u00e9vatrices et de m\u00e9thodes d&rsquo;escalade \u00e0 la <strong>corde<\/strong>.<\/li>\n<li><i class=\"fa fa-angle-right\" aria-hidden=\"true\"><\/i>Enregistrement, v\u00e9rification et interrogation des donn\u00e9es <strong>\u00e0 tout moment<\/strong> de la vie de la machine.<\/li>\n<li><i class=\"fa fa-angle-right\" aria-hidden=\"true\"><\/i> <strong>Contr\u00f4le de<\/strong> l&rsquo;\u00e9tat de la soudure et de l&rsquo;\u00e9volution des d\u00e9fauts d\u00e9tect\u00e9s lors des inspections pr\u00e9c\u00e9dentes.<\/li>\n<li><i class=\"fa fa-angle-right\" aria-hidden=\"true\"><\/i>Affichage<strong> en temps r\u00e9el<\/strong> de l&rsquo;acquisition r\u00e9ussie des donn\u00e9es.<\/li>\n<li><i class=\"fa fa-angle-right\" aria-hidden=\"true\"><\/i>Contr\u00f4le \u00e0 <strong>100%<\/strong> du volume de la soudure.<\/li>\n<li><i class=\"fa fa-angle-right\" aria-hidden=\"true\"><\/i>Possibilit\u00e9 d&rsquo;inspection des soudures<strong> avec la machine en<\/strong> fonctionnement.<\/li>\n<\/ul>\n<p>[\/vc_column_text][vc_empty_space][\/vc_column_inner][\/vc_row_inner][vc_row_inner row_type=\u00a0\u00bbrow\u00a0\u00bb type=\u00a0\u00bbfull_width\u00a0\u00bb text_align=\u00a0\u00bbleft\u00a0\u00bb css_animation=\u00a0\u00bb\u00a0\u00bb css=\u00a0\u00bb.vc_custom_1644319323277{margin-top: 32px !important;}\u00a0\u00bb][vc_column_inner css=\u00a0\u00bb.vc_custom_1644319334948{padding-right: 0px !important;padding-left: 0px !important;}\u00a0\u00bb][vc_single_image image=\u00a0\u00bb1972&Prime; img_size=\u00a0\u00bbfull\u00a0\u00bb qode_css_animation=\u00a0\u00bb\u00a0\u00bb][\/vc_column_inner][\/vc_row_inner][vc_row_inner row_type=\u00a0\u00bbrow\u00a0\u00bb type=\u00a0\u00bbfull_width\u00a0\u00bb text_align=\u00a0\u00bbleft\u00a0\u00bb css_animation=\u00a0\u00bb\u00a0\u00bb css=\u00a0\u00bb.vc_custom_1644318448620{margin-top: 32px !important;background-color: #ffffff !important;}\u00a0\u00bb][vc_column_inner css=\u00a0\u00bb.vc_custom_1639654835560{padding-right: 45px !important;padding-left: 45px !important;}\u00a0\u00bb][vc_empty_space][vc_column_text]<\/p>\n<h2 class=\"internas-titul\">SCI CONTROL &amp; INSPECTION continue \u00e0 fournir d&rsquo;autres services \u00e0 l&rsquo;industrie \u00e9olienne :<\/h2>\n<p>[\/vc_column_text][vc_column_text css=\u00a0\u00bb.vc_custom_1674217225185{margin-bottom: 25px !important;}\u00a0\u00bb]<\/p>\n<ul class=\"lista-interna\">\n<li><i class=\"fa fa-angle-right\" aria-hidden=\"true\"><\/i><strong> <em>ARBRE PHAS\u00c9<\/em><\/strong> Contr\u00f4le par ultrasons de l&rsquo;anneau d&rsquo;aluring des machines en atelier et en service dans le parc.<\/li>\n<li><i class=\"fa fa-angle-right\" aria-hidden=\"true\"><\/i><strong>Contr\u00f4le radiographique<\/strong> par appareil \u00e0 rayons X de l&rsquo;anneau Aluring en atelier et en service au parc \u00e9olien.<\/li>\n<li><i class=\"fa fa-angle-right\" aria-hidden=\"true\"><\/i><strong>Contr\u00f4le manuel par ultrasons<\/strong> des joints soud\u00e9s dans les structures tubulaires des tours.<\/li>\n<li><i class=\"fa fa-angle-right\" aria-hidden=\"true\"><\/i><strong>Inspection num\u00e9rique par rayons X des lames.<\/strong><\/li>\n<li><i class=\"fa fa-angle-right\" aria-hidden=\"true\"><\/i><strong>Inspection par endoscope visuel<\/strong> des engrenages et des composants internes de la bo\u00eete de vitesses.<\/li>\n<li><i class=\"fa fa-angle-right\" aria-hidden=\"true\"><\/i><strong>Contr\u00f4le par magn\u00e9toscopie, ressuage et ultrasons<\/strong> des soudures sur les structures en service.<\/li>\n<li><i class=\"fa fa-angle-right\" aria-hidden=\"true\"><\/i><strong>Contr\u00f4le du couple de serrage<\/strong> des joints filet\u00e9s des machines en service.<\/li>\n<li><i class=\"fa fa-angle-right\" aria-hidden=\"true\"><\/i><strong>Inspection thermographique des \u00e9quipements \u00e9lectriques<\/strong> et m\u00e9caniques pour d\u00e9terminer les d\u00e9fauts.<\/li>\n<li><i class=\"fa fa-angle-right\" aria-hidden=\"true\"><\/i><strong>Contr\u00f4le r\u00e9glementaire (OCA)<\/strong> des installations \u00e9lectriques basse et haute tension.<\/li>\n<li><i class=\"fa fa-angle-right\" aria-hidden=\"true\"><\/i><strong>Laboratoire m\u00e9tallurgique<\/strong> pour l&rsquo;analyse des d\u00e9faillances des composants d&rsquo;\u00e9oliennes.<\/li>\n<\/ul>\n<p>[\/vc_column_text][vc_column_text]<\/p>\n<p style=\"text-align: left;\"><strong>Si vous \u00eates un op\u00e9rateur, un d\u00e9veloppeur de parc \u00e9olien ou un fabricant d&rsquo;\u00e9oliennes, nous pouvons vous proposer nos services adapt\u00e9s \u00e0 vos besoins. Dans le domaine des \u00e9nergies renouvelables, chez SCI, Control &amp; Inspection, nous sommes certifi\u00e9s et r\u00e9alisons actuellement des travaux pour les entreprises les plus importantes du secteur.<\/strong><\/p>\n<p><strong>Dans l&rsquo;industrie en g\u00e9n\u00e9ral, nous fournissons des services d&rsquo;<a href=\"https:\/\/scichilesa.cl\/fr\/controles-non-destructifs-et-laboratoire-de-metallurgie\/\" target=\"_blank\" rel=\"noopener\">essais non destructifs (END), de<\/a> <a href=\"https:\/\/scichilesa.cl\/fr\/controles-non-destructifs-et-laboratoire-de-metallurgie\/\" target=\"_blank\" rel=\"noopener\">laboratoire m\u00e9tallurgique, d&rsquo;<\/a> <a href=\"https:\/\/scichilesa.cl\/fr\/inspection\/\" target=\"_blank\" rel=\"noopener\">inspection industrielle, d&rsquo;<\/a><a href=\"https:\/\/scichilesa.cl\/fr\/inspection\/\" target=\"_blank\" rel=\"noopener\"> inspection r\u00e9glementaire<\/a> et de d\u00e9livrance de licences d&rsquo;urbanisme.<\/strong>[\/vc_column_text][vc_empty_space][\/vc_column_inner][\/vc_row_inner][\/vc_column][\/vc_row][vc_row css_animation=\u00a0\u00bb\u00a0\u00bb row_type=\u00a0\u00bbrow\u00a0\u00bb use_row_as_full_screen_section=\u00a0\u00bbno\u00a0\u00bb type=\u00a0\u00bbfull_width\u00a0\u00bb angled_section=\u00a0\u00bbno\u00a0\u00bb text_align=\u00a0\u00bbleft\u00a0\u00bb background_image_as_pattern=\u00a0\u00bbwithout_pattern\u00a0\u00bb][vc_column][vc_empty_space height=\u00a0\u00bb64px\u00a0\u00bb][\/vc_column][\/vc_row]<\/p>\n<\/div>","protected":false},"excerpt":{"rendered":"<p>[vc_row css_animation=\u00a0\u00bb\u00a0\u00bb row_type=\u00a0\u00bbrow\u00a0\u00bb use_row_as_full_screen_section=\u00a0\u00bbno\u00a0\u00bb type=\u00a0\u00bbfull_width\u00a0\u00bb angled_section=\u00a0\u00bbno\u00a0\u00bb text_align=\u00a0\u00bbleft\u00a0\u00bb background_image_as_pattern=\u00a0\u00bbwithout_pattern\u00a0\u00bb][vc_column width=\u00a0\u00bb1\/4&Prime;][vc_raw_html]JTNDaDUlM0VPdHJvcyUyMFNlcnZpY2lvcyUyMEVORCUzQyUyRmg1JTNF[\/vc_raw_html][vc_separator type=\u00a0\u00bbnormal\u00a0\u00bb color=\u00a0\u00bb#bcbcbc\u00a0\u00bb thickness=\u00a0\u00bb1&Prime; transparency=\u00a0\u00bb0.4&Prime;][vc_column_text] LABORATOIRE D&rsquo;ESSAIS NON DESTRUCTIFS ET M\u00c9TALLURGIQUES CONTROLES PAR RADIOGRAPHIE INDUSTRIELLE CONTROLES PAR ULTRASONS CONTROLE PAR MAGNETOSCOPIE CONTR\u00d4LE PAR RESSUAGE Inspection des Soudures des Tours Eoliennes AUTRES ESSAIS NON DESTRUCTIFS ESSAIS APPLIQU\u00c9S AUX&#8230;<\/p>\n","protected":false},"author":1,"featured_media":0,"parent":58068,"menu_order":0,"comment_status":"closed","ping_status":"closed","template":"","meta":{"footnotes":""},"class_list":["post-58079","page","type-page","status-publish","hentry"],"_links":{"self":[{"href":"https:\/\/www.scichilesa.cl\/fr\/wp-json\/wp\/v2\/pages\/58079","targetHints":{"allow":["GET"]}}],"collection":[{"href":"https:\/\/www.scichilesa.cl\/fr\/wp-json\/wp\/v2\/pages"}],"about":[{"href":"https:\/\/www.scichilesa.cl\/fr\/wp-json\/wp\/v2\/types\/page"}],"author":[{"embeddable":true,"href":"https:\/\/www.scichilesa.cl\/fr\/wp-json\/wp\/v2\/users\/1"}],"replies":[{"embeddable":true,"href":"https:\/\/www.scichilesa.cl\/fr\/wp-json\/wp\/v2\/comments?post=58079"}],"version-history":[{"count":0,"href":"https:\/\/www.scichilesa.cl\/fr\/wp-json\/wp\/v2\/pages\/58079\/revisions"}],"up":[{"embeddable":true,"href":"https:\/\/www.scichilesa.cl\/fr\/wp-json\/wp\/v2\/pages\/58068"}],"wp:attachment":[{"href":"https:\/\/www.scichilesa.cl\/fr\/wp-json\/wp\/v2\/media?parent=58079"}],"curies":[{"name":"wp","href":"https:\/\/api.w.org\/{rel}","templated":true}]}}