{"id":58077,"date":"2021-12-01T10:13:08","date_gmt":"2021-12-01T10:13:08","guid":{"rendered":"https:\/\/scisachilesa.providersweb.es\/ensayos-no-destructivos-y-laboratorio-metalurgico\/ensayos-por-ultrasonidos\/"},"modified":"2023-02-14T17:02:02","modified_gmt":"2023-02-14T17:02:02","slug":"controles-par-ultrasons","status":"publish","type":"page","link":"https:\/\/www.scichilesa.cl\/fr\/controles-non-destructifs-et-laboratoire-de-metallurgie\/controles-par-ultrasons\/","title":{"rendered":"Controles par Ultrasons"},"content":{"rendered":"<div class=\"wpb-content-wrapper\"><p>[vc_row css_animation=\u00a0\u00bb\u00a0\u00bb row_type=\u00a0\u00bbrow\u00a0\u00bb use_row_as_full_screen_section=\u00a0\u00bbno\u00a0\u00bb type=\u00a0\u00bbfull_width\u00a0\u00bb angled_section=\u00a0\u00bbno\u00a0\u00bb text_align=\u00a0\u00bbleft\u00a0\u00bb background_image_as_pattern=\u00a0\u00bbwithout_pattern\u00a0\u00bb][vc_column width=\u00a0\u00bb1\/4&Prime;][vc_raw_html]JTNDaDUlM0VBdXRyZXMlMjBzZXJ2aWNlcyUyMGRlJTIwQ05EJTNDJTJGaDUlM0U=[\/vc_raw_html][vc_separator type=\u00a0\u00bbnormal\u00a0\u00bb color=\u00a0\u00bb#bcbcbc\u00a0\u00bb thickness=\u00a0\u00bb1&Prime; transparency=\u00a0\u00bb0.4&Prime;][vc_column_text]<\/p>\n<ul class=\"menu-lateral\">\n<li class=\"volver\"><a href=\"https:\/\/www.scichilesa.cl\/fr\/controles-non-destructifs-et-laboratoire-de-metallurgie\/\/\"><i class=\"fa fa-backward\" aria-hidden=\"true\"><\/i> LABORATOIRE D&rsquo;ESSAIS NON DESTRUCTIFS ET M\u00c9TALLURGIQUES<\/a><\/li>\n<li><a href=\"https:\/\/www.scichilesa.cl\/fr\/controles-non-destructifs-et-laboratoire-de-metallurgie\/controles-par-radiographie-industrielle\/\">ESSAIS DE RADIOGRAPHIE INDUSTRIELLE<\/a><\/li>\n<li class=\"sin-enlace\">ESSAIS PAR ULTRASONS<\/li>\n<li><a href=\"https:\/\/www.scichilesa.cl\/fr\/controle-par-magnetoscopie\/\">TEST DE PARTICULES MAGN\u00c9TIQUES<\/a><\/li>\n<li><a href=\"https:\/\/www.scichilesa.cl\/fr\/controle-par-ressuage\/\">CONTR\u00d4LE PAR RESSUAGE<\/a><\/li>\n<li><a href=\"https:\/\/www.scichilesa.cl\/fr\/controles-non-destructifs-et-laboratoire-de-metallurgie\/inspection-des-soudures-des-tours-eoliennes\/\"> INSPECTION DES SOUDURES DES TOURS D&rsquo;\u00c9OLIENNES<\/a><\/li>\n<li><a href=\"https:\/\/www.scichilesa.cl\/fr\/controles-non-destructifs-et-laboratoire-de-metallurgie\/autres-essais-non-destructifs\/\">AUTRES ESSAIS NON DESTRUCTIFS<\/a><\/li>\n<li><a href=\"https:\/\/www.scichilesa.cl\/fr\/controles-non-destructifs-et-laboratoire-de-metallurgie\/essais-appliques-aux-pipelines-et-aux-grands-reservoirs-de-stockage\/\">ESSAIS APPLIQU\u00c9S AUX PIPELINES ET AUX GRANDS R\u00c9SERVOIRS DE STOCKAGE<\/a><\/li>\n<\/ul>\n<p>[\/vc_column_text][vc_empty_space][vc_raw_html]JTNDaDUlM0VDb250YWN0JTIwYXZlYyUyMG5vdXMlM0MlMkZoNSUzRQ==[\/vc_raw_html][vc_separator type=\u00a0\u00bbnormal\u00a0\u00bb color=\u00a0\u00bb#bcbcbc\u00a0\u00bb thickness=\u00a0\u00bb1&Prime; transparency=\u00a0\u00bb0.4&Prime;][vc_widget_sidebar sidebar_id=\u00a0\u00bbsidebar-blog\u00a0\u00bb][\/vc_column][vc_column width=\u00a0\u00bb3\/4&Prime;][vc_row_inner row_type=\u00a0\u00bbrow\u00a0\u00bb type=\u00a0\u00bbfull_width\u00a0\u00bb text_align=\u00a0\u00bbleft\u00a0\u00bb css_animation=\u00a0\u00bb\u00a0\u00bb css=\u00a0\u00bb.vc_custom_1639654729177{background-color: #ffffff !important;}\u00a0\u00bb][vc_column_inner css=\u00a0\u00bb.vc_custom_1639654809595{padding-right: 45px !important;padding-left: 45px !important;background-color: #ffffff !important;}\u00a0\u00bb][vc_column_text]<\/p>\n<h2 class=\"internas-titul\">QU&rsquo;EST-CE QUE LE CONTR\u00d4LE PAR ULTRASONS ?<\/h2>\n<p style=\"text-align: left;\">Le <strong>contr\u00f4le par ultrasons<\/strong> est une m\u00e9thode de <a href=\"https:\/\/scichilesa.cl\/fr\/controles-non-destructifs-et-laboratoire-de-metallurgie\/autres-essais-non-destructifs\/\" target=\"_blank\" rel=\"noopener\">contr\u00f4le non destructif<\/a> bas\u00e9e sur le ph\u00e9nom\u00e8ne de r\u00e9flexion des <strong>ondes acoustiques<\/strong> lorsqu&rsquo;elles rencontrent des discontinuit\u00e9s dans leur propagation. L&rsquo;onde sera r\u00e9fl\u00e9chie vers sa source de g\u00e9n\u00e9ration si la discontinuit\u00e9 est dans une position normale par rapport au faisceau incident. Chez <a href=\"https:\/\/scichilesa.cl\/fr\/\" target=\"_blank\" rel=\"noopener\">SCI<\/a>, nous disposons de diff\u00e9rentes techniques pour effectuer des <strong>contr\u00f4les par ultrasons<\/strong>:<\/p>\n<p>[\/vc_column_text][vc_empty_space][\/vc_column_inner][\/vc_row_inner][vc_empty_space][vc_row_inner row_type=\u00a0\u00bbrow\u00a0\u00bb type=\u00a0\u00bbfull_width\u00a0\u00bb text_align=\u00a0\u00bbleft\u00a0\u00bb css_animation=\u00a0\u00bb\u00a0\u00bb css=\u00a0\u00bb.vc_custom_1639742702193{padding-right: 0px !important;padding-left: 25px !important;background-color: #ffffff !important;}\u00a0\u00bb][vc_column_inner width=\u00a0\u00bb1\/2&Prime;][vc_empty_space][vc_column_text]<\/p>\n<h2 class=\"internas-titul\">L&rsquo;\u00c9CHOGRAPHIE CONVENTIONNELLE<\/h2>\n<p>Les <strong>\u00e9quipements de contr\u00f4le par ultrasons<\/strong> conventionnels fonctionnent sur le principe de l&rsquo;envoi d&rsquo;un faisceau puls\u00e9 d&rsquo;ultrasons \u00e0 haute fr\u00e9quence \u00e0 partir d&rsquo;un <strong>transducteur ou<\/strong> d&rsquo;une <strong>sonde portative<\/strong>, qui est plac\u00e9 sur la surface de l&rsquo;objet \u00e0 contr\u00f4ler.<\/p>\n<p>Lors d&rsquo;une inspection manuelle, <strong>l&rsquo;inspecteur est directement impliqu\u00e9 dans l&rsquo;ex\u00e9cution de l&rsquo;examen<\/strong>, c&rsquo;est-\u00e0-dire qu&rsquo;il est responsable de l&rsquo;application correcte des proc\u00e9dures d&rsquo;inspection, tant dans la manipulation des sondes que dans l&rsquo;interpr\u00e9tation des donn\u00e9es.[\/vc_column_text][vc_column_text]En la mayor\u00eda de sus delegaciones,\u00a0<strong>SCI<\/strong>\u00a0dispone de\u00a0<strong>bunkers<\/strong>\u00a0para el radiografiado. Existe tambi\u00e9n la posibilidad de\u00a0<strong>instalar bunkers modulares<\/strong>\u00a0en las instalaciones del cliente.[\/vc_column_text][\/vc_column_inner][vc_column_inner width=\u00a0\u00bb1\/2&Prime; css=\u00a0\u00bb.vc_custom_1643711683758{padding-right: 0px !important;}\u00a0\u00bb][vc_single_image image=\u00a0\u00bb871&Prime; img_size=\u00a0\u00bbfull\u00a0\u00bb alignment=\u00a0\u00bbright\u00a0\u00bb qode_css_animation=\u00a0\u00bb\u00a0\u00bb css=\u00a0\u00bb.vc_custom_1641396143104{margin-top: 0px !important;margin-right: 0px !important;margin-bottom: 0px !important;margin-left: 0px !important;border-top-width: 0px !important;border-right-width: 0px !important;border-bottom-width: 0px !important;border-left-width: 0px !important;padding-top: 0px !important;padding-right: 0px !important;padding-bottom: 0px !important;padding-left: 0px !important;}\u00a0\u00bb][\/vc_column_inner][\/vc_row_inner][vc_row_inner row_type=\u00a0\u00bbrow\u00a0\u00bb type=\u00a0\u00bbfull_width\u00a0\u00bb text_align=\u00a0\u00bbleft\u00a0\u00bb css_animation=\u00a0\u00bb\u00a0\u00bb css=\u00a0\u00bb.vc_custom_1643711721869{margin-top: 32px !important;background-color: #ffffff !important;}\u00a0\u00bb][vc_column_inner css=\u00a0\u00bb.vc_custom_1639654835560{padding-right: 45px !important;padding-left: 45px !important;}\u00a0\u00bb][vc_empty_space][vc_column_text]<\/p>\n<h2 class=\"internas-titul\">\u00c9CHOGRAPHIE AVANC\u00c9E<\/h2>\n<p>Depuis plus d&rsquo;une d\u00e9cennie, <strong>SCI<\/strong> d\u00e9veloppe \u00e9galement ses propres <strong>\u00e9quipements d&rsquo;inspection par ultrasons automatis\u00e9s<\/strong>, bas\u00e9s sur des techniques conventionnelles d&rsquo;\u00e9cho d&rsquo;impulsion, ou sur d&rsquo;autres techniques plus innovantes telles que les <a href=\"https:\/\/es.wikipedia.org\/wiki\/Antenas_en_fase\" target=\"_blank\" rel=\"noopener\">r\u00e9seaux \u00e0 commande de phase<\/a> ou <strong>TOFD<\/strong>.<\/p>\n<p>Le <strong>contr\u00f4le automatique par ultrasons (AUT<\/strong>) avec la m\u00e9thode d&rsquo;\u00e9cho d&rsquo;impulsion est effectu\u00e9 en divisant la soudure en zones et en utilisant une sonde sp\u00e9cifique pour chaque zone. Cette m\u00e9thode de travail consiste \u00e0 utiliser un stylet pour chaque zone, en variant le nombre de stylets en fonction du <strong>profil et de l&rsquo;\u00e9paisseur<\/strong> de la soudure. Les sondes, mont\u00e9es sur un chariot, se d\u00e9placent de mani\u00e8re circonf\u00e9rentielle autour de la soudure \u00e0 une distance constante de la ligne centrale de la soudure.<\/p>\n<p>Aujourd&rsquo;hui, avec l&rsquo;utilisation de la technologie <strong>Phased Array<\/strong>, ce type d&rsquo;inspection a connu des progr\u00e8s consid\u00e9rables, tant dans la m\u00e9thode de travail que dans l&rsquo;ex\u00e9cution de l&rsquo;inspection.<\/p>\n<p>Le syst\u00e8me <strong>Phased Array<\/strong> est bas\u00e9 sur l&rsquo;utilisation de sondes multi-cristaux. En s\u00e9lectionnant un ensemble d&rsquo;entre eux et en appliquant les retards appropri\u00e9s, nous pouvons obtenir diff\u00e9rents angles et foyers. Dans le cas de l&rsquo;<strong>inspection des soudures<\/strong>, cela signifie que l\u00e0 o\u00f9 auparavant plusieurs sondes \u00e9taient utilis\u00e9es, avec cette technique nous utilisons une seule sonde.[\/vc_column_text][vc_empty_space][\/vc_column_inner][\/vc_row_inner][vc_row_inner row_type=\u00a0\u00bbrow\u00a0\u00bb type=\u00a0\u00bbfull_width\u00a0\u00bb text_align=\u00a0\u00bbleft\u00a0\u00bb css_animation=\u00a0\u00bb\u00a0\u00bb css=\u00a0\u00bb.vc_custom_1643712262796{padding-right: 0px !important;padding-left: 0px !important;}\u00a0\u00bb][vc_column_inner css=\u00a0\u00bb.vc_custom_1643712305357{padding-right: 0px !important;padding-left: 0px !important;}\u00a0\u00bb][vc_single_image image=\u00a0\u00bb1483&Prime; img_size=\u00a0\u00bbfull\u00a0\u00bb qode_css_animation=\u00a0\u00bb\u00a0\u00bb][\/vc_column_inner][\/vc_row_inner][vc_row_inner row_type=\u00a0\u00bbrow\u00a0\u00bb type=\u00a0\u00bbfull_width\u00a0\u00bb text_align=\u00a0\u00bbleft\u00a0\u00bb css_animation=\u00a0\u00bb\u00a0\u00bb css=\u00a0\u00bb.vc_custom_1643712401556{margin-top: 32px !important;background-color: #ffffff !important;}\u00a0\u00bb][vc_column_inner css=\u00a0\u00bb.vc_custom_1639654835560{padding-right: 45px !important;padding-left: 45px !important;}\u00a0\u00bb][vc_empty_space][vc_column_text]<\/p>\n<h2 class=\"internas-titul\">LES \u00c9CHOGRAPHIES AUTOMATIQUES OFFRENT DES AVANTAGES IMPORTANTS, TELS QUE :<\/h2>\n<ul class=\"lista-interna\">\n<li><i class=\"fa fa-angle-right\" aria-hidden=\"true\"><\/i> <strong>R\u00e9duire au minimum le d\u00e9lai<\/strong> entre l&rsquo;ex\u00e9cution des tests et la communication des r\u00e9sultats, ce qui permet de corriger imm\u00e9diatement les d\u00e9fauts syst\u00e9matiques du processus et, par cons\u00e9quent, de r\u00e9duire le nombre de r\u00e9parations.<\/li>\n<li style=\"list-style-type: none;\"><\/li>\n<li><i class=\"fa fa-angle-right\" aria-hidden=\"true\"><\/i> <strong>Ne pas utiliser de sources radioactives,<\/strong> ce qui rend inutile la d\u00e9limitation de zones d&rsquo;exclusion du personnel et permet de r\u00e9aliser l&rsquo;essai \u00e0 proximit\u00e9 du front de soudage.<\/li>\n<li style=\"list-style-type: none;\"><\/li>\n<li><i class=\"fa fa-angle-right\" aria-hidden=\"true\"><\/i> <strong>Capacit\u00e9 accrue \u00e0 d\u00e9tecter les d\u00e9fauts lin\u00e9aires<\/strong> tels que les d\u00e9fauts de fusion.<\/li>\n<li style=\"list-style-type: none;\"><\/li>\n<li><i class=\"fa fa-angle-right\" aria-hidden=\"true\"><\/i> <strong>permettant de localiser les d\u00e9fauts en profondeur<\/strong>, ce qui facilite le processus de r\u00e9paration.<\/li>\n<li style=\"list-style-type: none;\"><\/li>\n<li><i class=\"fa fa-angle-right\" aria-hidden=\"true\"><\/i> <strong>Permettre le dimensionnement des d\u00e9fauts en hauteur,<\/strong> de sorte que des crit\u00e8res d&rsquo;acceptation alternatifs, par exemple l&rsquo;<em>\u00e9valuation critique de l&rsquo;ing\u00e9nierie<\/em>, puissent \u00eatre utilis\u00e9s.<\/li>\n<\/ul>\n<p>[\/vc_column_text][vc_empty_space][\/vc_column_inner][\/vc_row_inner][vc_empty_space][\/vc_column][\/vc_row][vc_row css_animation=\u00a0\u00bb\u00a0\u00bb row_type=\u00a0\u00bbrow\u00a0\u00bb use_row_as_full_screen_section=\u00a0\u00bbno\u00a0\u00bb type=\u00a0\u00bbfull_width\u00a0\u00bb angled_section=\u00a0\u00bbno\u00a0\u00bb text_align=\u00a0\u00bbleft\u00a0\u00bb background_image_as_pattern=\u00a0\u00bbwithout_pattern\u00a0\u00bb][vc_column][vc_empty_space height=\u00a0\u00bb64px\u00a0\u00bb][\/vc_column][\/vc_row]<\/p>\n<\/div>","protected":false},"excerpt":{"rendered":"<p>[vc_row css_animation=\u00a0\u00bb\u00a0\u00bb row_type=\u00a0\u00bbrow\u00a0\u00bb use_row_as_full_screen_section=\u00a0\u00bbno\u00a0\u00bb type=\u00a0\u00bbfull_width\u00a0\u00bb angled_section=\u00a0\u00bbno\u00a0\u00bb text_align=\u00a0\u00bbleft\u00a0\u00bb background_image_as_pattern=\u00a0\u00bbwithout_pattern\u00a0\u00bb][vc_column width=\u00a0\u00bb1\/4&Prime;][vc_raw_html]JTNDaDUlM0VBdXRyZXMlMjBzZXJ2aWNlcyUyMGRlJTIwQ05EJTNDJTJGaDUlM0U=[\/vc_raw_html][vc_separator type=\u00a0\u00bbnormal\u00a0\u00bb color=\u00a0\u00bb#bcbcbc\u00a0\u00bb thickness=\u00a0\u00bb1&Prime; transparency=\u00a0\u00bb0.4&Prime;][vc_column_text] LABORATOIRE D&rsquo;ESSAIS NON DESTRUCTIFS ET M\u00c9TALLURGIQUES ESSAIS DE RADIOGRAPHIE INDUSTRIELLE ESSAIS PAR ULTRASONS TEST DE PARTICULES MAGN\u00c9TIQUES CONTR\u00d4LE PAR RESSUAGE INSPECTION DES SOUDURES DES TOURS D&rsquo;\u00c9OLIENNES AUTRES ESSAIS NON DESTRUCTIFS ESSAIS APPLIQU\u00c9S&#8230;<\/p>\n","protected":false},"author":1,"featured_media":0,"parent":58068,"menu_order":0,"comment_status":"closed","ping_status":"closed","template":"","meta":{"footnotes":""},"class_list":["post-58077","page","type-page","status-publish","hentry"],"_links":{"self":[{"href":"https:\/\/www.scichilesa.cl\/fr\/wp-json\/wp\/v2\/pages\/58077","targetHints":{"allow":["GET"]}}],"collection":[{"href":"https:\/\/www.scichilesa.cl\/fr\/wp-json\/wp\/v2\/pages"}],"about":[{"href":"https:\/\/www.scichilesa.cl\/fr\/wp-json\/wp\/v2\/types\/page"}],"author":[{"embeddable":true,"href":"https:\/\/www.scichilesa.cl\/fr\/wp-json\/wp\/v2\/users\/1"}],"replies":[{"embeddable":true,"href":"https:\/\/www.scichilesa.cl\/fr\/wp-json\/wp\/v2\/comments?post=58077"}],"version-history":[{"count":0,"href":"https:\/\/www.scichilesa.cl\/fr\/wp-json\/wp\/v2\/pages\/58077\/revisions"}],"up":[{"embeddable":true,"href":"https:\/\/www.scichilesa.cl\/fr\/wp-json\/wp\/v2\/pages\/58068"}],"wp:attachment":[{"href":"https:\/\/www.scichilesa.cl\/fr\/wp-json\/wp\/v2\/media?parent=58077"}],"curies":[{"name":"wp","href":"https:\/\/api.w.org\/{rel}","templated":true}]}}