{"id":58075,"date":"2021-12-01T10:12:13","date_gmt":"2021-12-01T10:12:13","guid":{"rendered":"https:\/\/scisachilesa.providersweb.es\/ensayos-no-destructivos-y-laboratorio-metalurgico\/ensayos-por-radiografia-industrial\/"},"modified":"2023-02-14T16:58:22","modified_gmt":"2023-02-14T16:58:22","slug":"controles-par-radiographie-industrielle","status":"publish","type":"page","link":"https:\/\/www.scichilesa.cl\/fr\/controles-non-destructifs-et-laboratoire-de-metallurgie\/controles-par-radiographie-industrielle\/","title":{"rendered":"Controles par Radiographie Industrielle"},"content":{"rendered":"<div class=\"wpb-content-wrapper\"><p>[vc_row css_animation=\u00a0\u00bb\u00a0\u00bb row_type=\u00a0\u00bbrow\u00a0\u00bb use_row_as_full_screen_section=\u00a0\u00bbno\u00a0\u00bb type=\u00a0\u00bbfull_width\u00a0\u00bb angled_section=\u00a0\u00bbno\u00a0\u00bb text_align=\u00a0\u00bbleft\u00a0\u00bb background_image_as_pattern=\u00a0\u00bbwithout_pattern\u00a0\u00bb][vc_column width=\u00a0\u00bb1\/4&Prime;][vc_raw_html]JTNDaDUlM0VBdXRyZXMlMjBzZXJ2aWNlcyUyMGRlJTIwQ05EJTNDJTJGaDUlM0U=[\/vc_raw_html][vc_separator type=\u00a0\u00bbnormal\u00a0\u00bb color=\u00a0\u00bb#bcbcbc\u00a0\u00bb thickness=\u00a0\u00bb1&Prime; transparency=\u00a0\u00bb0.4&Prime;][vc_column_text]<\/p>\n<ul class=\"menu-lateral\">\n<li class=\"volver\"><a href=\"https:\/\/www.scichilesa.cl\/fr\/controles-non-destructifs-et-laboratoire-de-metallurgie\/\"><i class=\"fa fa-backward\" aria-hidden=\"true\"><\/i> LABORATOIRE D&rsquo;ESSAIS NON DESTRUCTIFS ET M\u00c9TALLURGIQUES<\/a><\/li>\n<li class=\"sin-enlace\">Ensayos por radiograf\u00eda industrial<\/li>\n<li><a href=\"https:\/\/www.scichilesa.cl\/fr\/controles-non-destructifs-et-laboratoire-de-metallurgie\/controles-par-ultrasons\/\">Essais par ultrasons<\/a><\/li>\n<li><a href=\"https:\/\/www.scichilesa.cl\/fr\/controle-par-magnetoscopie\/\/\">Test de particules magn\u00e9tiques<\/a><\/li>\n<li><a href=\"https:\/\/www.scichilesa.cl\/fr\/controle-par-ressuage\/\">CONTR\u00d4LE PAR RESSUAGEs<\/a><\/li>\n<li><a href=\"https:\/\/www.scichilesa.cl\/fr\/controles-non-destructifs-et-laboratoire-de-metallurgie\/inspection-des-soudures-des-tours-eoliennes\/\"> Inspection des soudures des tours d&rsquo;\u00e9oliennes<\/a><\/li>\n<li><a href=\"https:\/\/www.scichilesa.cl\/fr\/controles-non-destructifs-et-laboratoire-de-metallurgie\/autres-essais-non-destructifs\/\">Autres essais non destructifs<\/a><\/li>\n<li><\/li>\n<\/ul>\n<p>[\/vc_column_text][vc_empty_space][vc_raw_html]JTNDaDUlM0VDb250YWN0JTIwYXZlYyUyMG5vdXMlM0MlMkZoNSUzRQ==[\/vc_raw_html][vc_separator type=\u00a0\u00bbnormal\u00a0\u00bb color=\u00a0\u00bb#bcbcbc\u00a0\u00bb thickness=\u00a0\u00bb1&Prime; transparency=\u00a0\u00bb0.4&Prime;][vc_widget_sidebar sidebar_id=\u00a0\u00bbsidebar-blog\u00a0\u00bb][\/vc_column][vc_column width=\u00a0\u00bb3\/4&Prime;][vc_row_inner row_type=\u00a0\u00bbrow\u00a0\u00bb type=\u00a0\u00bbfull_width\u00a0\u00bb text_align=\u00a0\u00bbleft\u00a0\u00bb css_animation=\u00a0\u00bb\u00a0\u00bb css=\u00a0\u00bb.vc_custom_1639654729177{background-color: #ffffff !important;}\u00a0\u00bb][vc_column_inner css=\u00a0\u00bb.vc_custom_1639654809595{padding-right: 45px !important;padding-left: 45px !important;background-color: #ffffff !important;}\u00a0\u00bb][vc_column_text]<\/p>\n<h2 class=\"internas-titul\">QU&rsquo;EST-CE QUE LA RADIOGRAPHIE INDUSTRIELLE ?<\/h2>\n<p style=\"text-align: left;\">La <strong>radiographie industrielle<\/strong> est un <strong>essai non destructif<\/strong> qui consiste \u00e0 faire passer un faisceau de rayonnements \u00e9lectromagn\u00e9tiques ionisants (rayons gamma ou rayons X) \u00e0 travers le composant \u00e0 tester.<\/p>\n<p style=\"text-align: left;\">Ce rayonnement sera plus ou moins absorb\u00e9 par les discontinuit\u00e9s internes de la pi\u00e8ce, atteignant l&rsquo;autre c\u00f4t\u00e9 de la pi\u00e8ce, avec une intensit\u00e9 de rayonnement diff\u00e9rente, et imprimant un <strong>film radiographique<\/strong> qui, une fois d\u00e9velopp\u00e9, montre l&#8217;emplacement de ces discontinuit\u00e9s.<\/p>\n<p style=\"text-align: left;\">Parmi les techniques de <strong>radiographie industrielle<\/strong> r\u00e9alis\u00e9es au <a href=\"https:\/\/scichilesa.cl\/fr\/\" target=\"_blank\" rel=\"noopener\">SCI<\/a>, nous soulignons les suivantes :<\/p>\n<p>[\/vc_column_text][vc_empty_space][\/vc_column_inner][\/vc_row_inner][vc_empty_space][vc_row_inner row_type=\u00a0\u00bbrow\u00a0\u00bb type=\u00a0\u00bbfull_width\u00a0\u00bb text_align=\u00a0\u00bbleft\u00a0\u00bb css_animation=\u00a0\u00bb\u00a0\u00bb css=\u00a0\u00bb.vc_custom_1639742702193{padding-right: 0px !important;padding-left: 25px !important;background-color: #ffffff !important;}\u00a0\u00bb][vc_column_inner width=\u00a0\u00bb1\/2&Prime;][vc_empty_space height=\u00a0\u00bb80px\u00a0\u00bb][vc_column_text]<\/p>\n<h2 class=\"internas-titul\">RADIOGRAPHIE CONVENTIONNELLE<\/h2>\n<p>Le <strong>SCI<\/strong> dispose des \u00e9quipements suivants pour la radiographie industrielle :<\/p>\n<ul class=\"lista-interna\">\n<li><i class=\"fa fa-angle-right\" aria-hidden=\"true\"><\/i> Equipement <strong>scintigraphique<\/strong> portable avec des sources Ir192, Se75.<\/li>\n<li><i class=\"fa fa-angle-right\" aria-hidden=\"true\"><\/i> Correction de l&rsquo;\u00e9quipement de balayage gamma pour une <strong>utilisation dans les bunkers<\/strong> avec des sources de Co60.<\/li>\n<li><i class=\"fa fa-angle-right\" aria-hidden=\"true\"><\/i> \u00c9quipement <strong>radiographique<\/strong> portable jusqu&rsquo;\u00e0 360 kV pour les bunkers et les sites.<\/li>\n<li><i class=\"fa fa-angle-right\" aria-hidden=\"true\"><\/i> \u00c9quipement <strong>radiologique \u00e0 potentiel<\/strong> constant jusqu&rsquo;\u00e0 450 Kv pour utilisation en bunker.<\/li>\n<\/ul>\n<p>[\/vc_column_text][vc_column_text]Dans la plupart de ses branches, le <strong>SCI<\/strong> dispose de <strong>bunkers<\/strong> pour la radiographie. Les <strong>bunkers modulaires<\/strong> peuvent \u00e9galement \u00eatre install\u00e9s dans les locaux du client.[\/vc_column_text][vc_empty_space][\/vc_column_inner][vc_column_inner width=\u00a0\u00bb1\/2&Prime; css=\u00a0\u00bb.vc_custom_1643711533605{padding-right: 0px !important;}\u00a0\u00bb][vc_single_image image=\u00a0\u00bb780&Prime; img_size=\u00a0\u00bbfull\u00a0\u00bb alignment=\u00a0\u00bbright\u00a0\u00bb qode_css_animation=\u00a0\u00bb\u00a0\u00bb css=\u00a0\u00bb.vc_custom_1639742866473{margin-top: 0px !important;margin-right: 0px !important;margin-bottom: 0px !important;margin-left: 0px !important;border-top-width: 0px !important;border-right-width: 0px !important;border-bottom-width: 0px !important;border-left-width: 0px !important;padding-top: 0px !important;padding-right: 0px !important;padding-bottom: 0px !important;padding-left: 0px !important;}\u00a0\u00bb][\/vc_column_inner][\/vc_row_inner][vc_empty_space][vc_row_inner row_type=\u00a0\u00bbrow\u00a0\u00bb type=\u00a0\u00bbfull_width\u00a0\u00bb text_align=\u00a0\u00bbleft\u00a0\u00bb css_animation=\u00a0\u00bb\u00a0\u00bb css=\u00a0\u00bb.vc_custom_1639647452155{background-color: #ffffff !important;}\u00a0\u00bb][vc_column_inner css=\u00a0\u00bb.vc_custom_1639654835560{padding-right: 45px !important;padding-left: 45px !important;}\u00a0\u00bb][vc_empty_space][vc_column_text]<\/p>\n<h2 class=\"internas-titul\">RADIOGRAPHIE PAR ACC\u00c9L\u00c9RATEUR LIN\u00c9AIRE<\/h2>\n<p>Depuis la fin de l&rsquo;ann\u00e9e 2009, Le <strong>SCI<\/strong> dispose d&rsquo;un acc\u00e9l\u00e9rateur lin\u00e9aire dans ses installations de <a href=\"https:\/\/g.page\/scibeasain\" target=\"_blank\" rel=\"noopener\">Beasain<\/a> (Guip\u00fazcoa), exclusivement pour l&rsquo;inspection radiographique de grands composants, \u00e9tant la premi\u00e8re entreprise espagnole sp\u00e9cialis\u00e9e dans les services d&rsquo;inspection \u00e0 offrir \u00e0 ses clients la possibilit\u00e9 de radiographier des \u00e9paisseurs d&rsquo;acier jusqu&rsquo;\u00e0 <strong>300 mm d&rsquo;\u00e9paisseur<\/strong>. Il dispose \u00e0 cet effet d&rsquo;un <strong>acc\u00e9l\u00e9rateur lin\u00e9aire de 6 MeV pour une utilisation en bunker<\/strong>.<\/p>\n<p>L&rsquo;utilisation de l&rsquo;acc\u00e9l\u00e9rateur lin\u00e9aire a permis \u00e0 <strong>SCI<\/strong> de se faire conna\u00eetre dans les pays voisins, o\u00f9 il existe une demande croissante dans le <strong>secteur m\u00e9tallurgique<\/strong> pour des applications de ce type.<\/p>\n<p style=\"text-align: left;\">Parmi les techniques de <strong>radiographie industrielle<\/strong> r\u00e9alis\u00e9es au <a href=\"https:\/\/scichilesa.cl\/fr\/\" target=\"_blank\" rel=\"noopener\">SCI<\/a>, nous soulignons les suivantes :<\/p>\n<p>[\/vc_column_text][vc_empty_space][vc_gallery type=\u00a0\u00bbimage_grid\u00a0\u00bb images=\u00a0\u00bb786,791&Prime; img_size=\u00a0\u00bb333&#215;233&Prime; onclick=\u00a0\u00bb\u00a0\u00bb column_number=\u00a0\u00bb2&Prime; grayscale=\u00a0\u00bbno\u00a0\u00bb images_space=\u00a0\u00bbgallery_with_space\u00a0\u00bb][\/vc_column_inner][\/vc_row_inner][vc_empty_space][vc_row_inner row_type=\u00a0\u00bbrow\u00a0\u00bb type=\u00a0\u00bbfull_width\u00a0\u00bb text_align=\u00a0\u00bbleft\u00a0\u00bb css_animation=\u00a0\u00bb\u00a0\u00bb css=\u00a0\u00bb.vc_custom_1639741983355{background-color: #ffffff !important;}\u00a0\u00bb el_class=\u00a0\u00bblistas-chulas\u00a0\u00bb][vc_column_inner css=\u00a0\u00bb.vc_custom_1639655037798{padding-top: 30px !important;}\u00a0\u00bb][vc_column_text]<\/p>\n<h2 class=\"internas-titul\">AUTRES SERVICES DE RADIOGRAPHIE INDUSTRIELLE<\/h2>\n<p>[\/vc_column_text][vc_empty_space height=\u00a0\u00bb20px\u00a0\u00bb]<div class=\"qode-advanced-tabs qode-advanced-tabs qode-advanced-horizontal-tab clearfix qode-advanced-tab-without-icon qode-advanced-tabs-column-3 clearfix\">\n\t<ul class=\"qode-advanced-tabs-nav\">\n\t\t\t\t\t<li>\n\t\t\t\t<h3>\n\t\t\t\t\t<a href=\"#tab-radiographie-numerique\">\n\t\t\t\t\t\t\n\t\t\t\t\t\t\t\t\t\t\t\t\t<span class=\"qode-advanced-tab-text-after-icon\">\n\t\t\t\t\t\t\t\tRadiographie num\u00e9rique\t\t\t\t\t\t\t<\/span>\n\t\t\t\t\t\t\t\t\t\t\t<\/a>\n\t\t\t\t<\/h3>\n\t\t\t<\/li>\n\t\t\t\t\t<li>\n\t\t\t\t<h3>\n\t\t\t\t\t<a href=\"#tab-numerisation-des-radiographies\">\n\t\t\t\t\t\t\n\t\t\t\t\t\t\t\t\t\t\t\t\t<span class=\"qode-advanced-tab-text-after-icon\">\n\t\t\t\t\t\t\t\tNum\u00e9risation des radiographies\t\t\t\t\t\t\t<\/span>\n\t\t\t\t\t\t\t\t\t\t\t<\/a>\n\t\t\t\t<\/h3>\n\t\t\t<\/li>\n\t\t\t\t\t<li>\n\t\t\t\t<h3>\n\t\t\t\t\t<a href=\"#tab-radiographie-automatique\">\n\t\t\t\t\t\t\n\t\t\t\t\t\t\t\t\t\t\t\t\t<span class=\"qode-advanced-tab-text-after-icon\">\n\t\t\t\t\t\t\t\tRadiographie automatique\t\t\t\t\t\t\t<\/span>\n\t\t\t\t\t\t\t\t\t\t\t<\/a>\n\t\t\t\t<\/h3>\n\t\t\t<\/li>\n\t\t\t<\/ul>\n\t<div class=\"qode-advanced-tab-container\" id=\"tab-radiographie-numerique-557\" data-icon-pack=\"\" data-icon-html=\"\">[vc_column_text]La <strong>radiographie num\u00e9rique<\/strong> est une alternative \u00e0 la radiographie conventionnelle dans laquelle le film est remplac\u00e9 par un syst\u00e8me d&rsquo;acquisition dont la lecture fournit une image radiographique num\u00e9ris\u00e9e.<\/p>\n<p class=\"p1\">La <strong>radiographie num\u00e9rique<\/strong> pr\u00e9sente d&rsquo;importants avantages par rapport \u00e0 la radiographie conventionnelle, parmi lesquels nous pouvons <strong>souligner<\/strong>:<\/p>\n<p>[\/vc_column_text][vc_column_text el_class=\u00a0\u00bbcontenido-lista\u00a0\u00bb]<strong>Il existe deux syst\u00e8mes d&rsquo;imagerie radiographique :<\/strong><\/p>\n<ul>\n<li><strong>Panneaux de capture d&rsquo;image directe (DR).<\/strong> Avec ce syst\u00e8me, un imageur \u00e9lectronique acquiert directement l&rsquo;image radiographique et l&rsquo;affiche sur un \u00e9cran d&rsquo;ordinateur.<\/li>\n<li><strong>Scanner num\u00e9rique et film num\u00e9rique (CR).<\/strong> Ce syst\u00e8me utilise un support flexible capable de capturer une <strong>image num\u00e9rique<\/strong> et s&rsquo;utilise de la m\u00eame mani\u00e8re qu&rsquo;un film conventionnel. Ces supports souples sont trait\u00e9s dans un<strong> scanner num\u00e9rique<\/strong> qui affiche l&rsquo;<strong>image radiographique<\/strong> sur un \u00e9cran d&rsquo;ordinateur.<\/li>\n<\/ul>\n<p class=\"p1\"><strong>SCI<\/strong> poss\u00e8de \u00e0 la fois des syst\u00e8mes <strong>DR<\/strong> et <strong>CR<\/strong>, et peut offrir le meilleur service et les meilleurs conseils en fonction des besoins du client.<\/p>\n<p class=\"p1\">Les <strong>domaines d&rsquo;application<\/strong> de la <strong>radiographie num\u00e9rique<\/strong> sont essentiellement les m\u00eames que ceux de la <strong>radiographie conventionnelle<\/strong>, bien que l&rsquo;utilisation de logiciels sp\u00e9cifiques pour l&rsquo;analyse des images permette de <strong>nouvelles applications de cette m\u00e9thode d&rsquo;essai<\/strong>. Parmi ces nouvelles applications, on <strong>peut citer les suivantes :<\/strong><\/p>\n<ul>\n<li><strong>Mesure de l&rsquo;\u00e9paisseur<\/strong> des tuyaux calorifug\u00e9s.<\/li>\n<li>Mesure des <strong>zones de porosit\u00e9<\/strong> dans les composants.<\/li>\n<li>Mesure de l&rsquo;<strong>\u00e9paisseur des composants<\/strong>.<\/li>\n<\/ul>\n<p>[\/vc_column_text]<\/div><div class=\"qode-advanced-tab-container\" id=\"tab-numerisation-des-radiographies-82\" data-icon-pack=\"\" data-icon-html=\"\">[vc_column_text el_class=\u00a0\u00bbcontenido-lista\u00a0\u00bb]En compl\u00e9ment de la radiographie num\u00e9rique, le <strong>service de num\u00e9risation des radiographies conventionnelles<\/strong> repr\u00e9sente une innovation dans la conservation des documents radiographiques (films), en r\u00e9solvant les probl\u00e8mes d&rsquo;archivage de ceux-ci.<\/p>\n<p>La <strong>num\u00e9risation<\/strong> des clich\u00e9s radiographiques est r\u00e9alis\u00e9e \u00e0 l&rsquo;aide de <strong>scanners \u00e0 tr\u00e8s haute r\u00e9solution<\/strong>, ce qui permet d&rsquo;obtenir une r\u00e9solution et une qualit\u00e9 des images num\u00e9ris\u00e9es similaires \u00e0 celles du clich\u00e9 radiographique classique.<\/p>\n<p>Les images num\u00e9riques obtenues peuvent \u00eatre trait\u00e9es de la m\u00eame mani\u00e8re que les clich\u00e9s radiographiques classiques.[\/vc_column_text]<\/div><div class=\"qode-advanced-tab-container\" id=\"tab-radiographie-automatique-798\" data-icon-pack=\"\" data-icon-html=\"\">[vc_column_text el_class=\u00a0\u00bbcontenido-lista\u00a0\u00bb]Depuis que l&rsquo;utilisation d&rsquo;\u00e9quipements de type <strong>Crawler<\/strong> pour l&rsquo;<strong>inspection radiographique automatis\u00e9e des gazoducs et des ol\u00e9oducs<\/strong> a commenc\u00e9 en <strong>Espagne<\/strong>, l&rsquo;inspection des pipelines a \u00e9t\u00e9 optimis\u00e9e dans une large mesure. Cet \u00e9quipement permet d&rsquo;examiner un grand nombre de soudures en moins de temps et avec une meilleure qualit\u00e9.<\/p>\n<p><strong>SCI<\/strong> con\u00e7oit et fabrique ses propres <strong>\u00e9quipements sur chenilles<\/strong>, adapt\u00e9s \u00e0 des diam\u00e8tres de <strong>3&Prime; \u00e0 60&Prime;,<\/strong> ce qui lui a permis de se positionner comme le <strong>leader du march\u00e9 espagnol de l&rsquo;inspection des ol\u00e9oducs et gazoducs pendant leur construction<\/strong>. Cette activit\u00e9 a servi de tremplin \u00e0 l&rsquo;expansion \u00e0 l&rsquo;\u00e9tranger.[\/vc_column_text]<\/div><\/div>[\/vc_column_inner][\/vc_row_inner][vc_empty_space][\/vc_column][\/vc_row][vc_row css_animation=\u00a0\u00bb\u00a0\u00bb row_type=\u00a0\u00bbrow\u00a0\u00bb use_row_as_full_screen_section=\u00a0\u00bbno\u00a0\u00bb type=\u00a0\u00bbfull_width\u00a0\u00bb angled_section=\u00a0\u00bbno\u00a0\u00bb text_align=\u00a0\u00bbleft\u00a0\u00bb background_image_as_pattern=\u00a0\u00bbwithout_pattern\u00a0\u00bb][vc_column][vc_empty_space height=\u00a0\u00bb64px\u00a0\u00bb][\/vc_column][\/vc_row]<\/p>\n<\/div>","protected":false},"excerpt":{"rendered":"<p>[vc_row css_animation=\u00a0\u00bb\u00a0\u00bb row_type=\u00a0\u00bbrow\u00a0\u00bb use_row_as_full_screen_section=\u00a0\u00bbno\u00a0\u00bb type=\u00a0\u00bbfull_width\u00a0\u00bb angled_section=\u00a0\u00bbno\u00a0\u00bb text_align=\u00a0\u00bbleft\u00a0\u00bb background_image_as_pattern=\u00a0\u00bbwithout_pattern\u00a0\u00bb][vc_column width=\u00a0\u00bb1\/4&Prime;][vc_raw_html]JTNDaDUlM0VBdXRyZXMlMjBzZXJ2aWNlcyUyMGRlJTIwQ05EJTNDJTJGaDUlM0U=[\/vc_raw_html][vc_separator type=\u00a0\u00bbnormal\u00a0\u00bb color=\u00a0\u00bb#bcbcbc\u00a0\u00bb thickness=\u00a0\u00bb1&Prime; transparency=\u00a0\u00bb0.4&Prime;][vc_column_text] LABORATOIRE D&rsquo;ESSAIS NON DESTRUCTIFS ET M\u00c9TALLURGIQUES Ensayos por radiograf\u00eda industrial Essais par ultrasons Test de particules magn\u00e9tiques CONTR\u00d4LE PAR RESSUAGEs Inspection des soudures des tours d&rsquo;\u00e9oliennes Autres essais non destructifs [\/vc_column_text][vc_empty_space][vc_raw_html]JTNDaDUlM0VDb250YWN0JTIwYXZlYyUyMG5vdXMlM0MlMkZoNSUzRQ==[\/vc_raw_html][vc_separator type=\u00a0\u00bbnormal\u00a0\u00bb&#8230;<\/p>\n","protected":false},"author":1,"featured_media":0,"parent":58068,"menu_order":0,"comment_status":"closed","ping_status":"closed","template":"","meta":{"footnotes":""},"class_list":["post-58075","page","type-page","status-publish","hentry"],"_links":{"self":[{"href":"https:\/\/www.scichilesa.cl\/fr\/wp-json\/wp\/v2\/pages\/58075","targetHints":{"allow":["GET"]}}],"collection":[{"href":"https:\/\/www.scichilesa.cl\/fr\/wp-json\/wp\/v2\/pages"}],"about":[{"href":"https:\/\/www.scichilesa.cl\/fr\/wp-json\/wp\/v2\/types\/page"}],"author":[{"embeddable":true,"href":"https:\/\/www.scichilesa.cl\/fr\/wp-json\/wp\/v2\/users\/1"}],"replies":[{"embeddable":true,"href":"https:\/\/www.scichilesa.cl\/fr\/wp-json\/wp\/v2\/comments?post=58075"}],"version-history":[{"count":0,"href":"https:\/\/www.scichilesa.cl\/fr\/wp-json\/wp\/v2\/pages\/58075\/revisions"}],"up":[{"embeddable":true,"href":"https:\/\/www.scichilesa.cl\/fr\/wp-json\/wp\/v2\/pages\/58068"}],"wp:attachment":[{"href":"https:\/\/www.scichilesa.cl\/fr\/wp-json\/wp\/v2\/media?parent=58075"}],"curies":[{"name":"wp","href":"https:\/\/api.w.org\/{rel}","templated":true}]}}