{"id":58069,"date":"2021-12-01T10:33:38","date_gmt":"2021-12-01T10:33:38","guid":{"rendered":"https:\/\/scisachilesa.providersweb.es\/ensayos-no-destructivos-y-laboratorio-metalurgico\/ensayos-aplicados-a-pipelines-y-grandes-tanques-de-almacenamiento\/"},"modified":"2023-02-16T13:22:51","modified_gmt":"2023-02-16T13:22:51","slug":"essais-appliques-aux-pipelines-et-aux-grands-reservoirs-de-stockage","status":"publish","type":"page","link":"https:\/\/www.scichilesa.cl\/fr\/controles-non-destructifs-et-laboratoire-de-metallurgie\/essais-appliques-aux-pipelines-et-aux-grands-reservoirs-de-stockage\/","title":{"rendered":"Essais appliqu\u00e9s aux pipelines et aux grands r\u00e9servoirs de stockage"},"content":{"rendered":"<div class=\"wpb-content-wrapper\"><p>[vc_row css_animation=\u00a0\u00bb\u00a0\u00bb row_type=\u00a0\u00bbrow\u00a0\u00bb use_row_as_full_screen_section=\u00a0\u00bbno\u00a0\u00bb type=\u00a0\u00bbfull_width\u00a0\u00bb angled_section=\u00a0\u00bbno\u00a0\u00bb text_align=\u00a0\u00bbleft\u00a0\u00bb background_image_as_pattern=\u00a0\u00bbwithout_pattern\u00a0\u00bb][vc_column width=\u00a0\u00bb1\/4&Prime;][vc_raw_html]JTNDaDUlM0VBVVRSRVMlMjBTRVJWSUNFUyUyMERFJTIwQ05EJTNDJTJGaDUlM0U=[\/vc_raw_html][vc_separator type=\u00a0\u00bbnormal\u00a0\u00bb color=\u00a0\u00bb#bcbcbc\u00a0\u00bb thickness=\u00a0\u00bb1&Prime; transparency=\u00a0\u00bb0.4&Prime;][vc_column_text]<\/p>\n<ul class=\"menu-lateral\">\n<li class=\"volver\"><a href=\"https:\/\/www.scichilesa.cl\/fr\/controles-non-destructifs-et-laboratoire-de-metallurgie\/&quot;\"><i class=\"fa fa-backward\" aria-hidden=\"true\"><\/i> LABORATOIRE D&rsquo;ESSAIS NON DESTRUCTIFS ET M\u00c9TALLURGIQUES<\/a><\/li>\n<li><a href=\"https:\/\/www.scichilesa.cl\/fr\/controles-non-destructifs-et-laboratoire-de-metallurgie\/controles-par-radiographie-industrielle\/\">CONTROLES PAR RADIOGRAPHIE INDUSTRIELLE<\/a><\/li>\n<li><a href=\"https:\/\/www.scichilesa.cl\/fr\/controles-non-destructifs-et-laboratoire-de-metallurgie\/controles-par-ultrasons\/\">CONTROLES PAR ULTRASONS<\/a><\/li>\n<li><a href=\"https:\/\/www.scichilesa.cl\/fr\/controle-par-magnetoscopie\/\">CONTROLE PAR MAGNETOSCOPIE<\/a><\/li>\n<li><a href=\"https:\/\/www.scichilesa.cl\/fr\/controle-par-ressuage\/\">CONTROLE PAR RESSUAGE<\/a><\/li>\n<li><a href=\"https:\/\/www.scichilesa.cl\/fr\/controles-non-destructifs-et-laboratoire-de-metallurgie\/inspection-des-soudures-des-tours-eoliennes\/\"> INSPECTION DES SOUDURES DES TOURS EOLIENNES<\/a><\/li>\n<li><a href=\"https:\/\/www.scichilesa.cl\/fr\/controles-non-destructifs-et-laboratoire-de-metallurgie\/autres-essais-non-destructifs\/\">AUTRES ESSAIS NON DESTRUCTIFS<\/a><\/li>\n<li class=\"sin-enlace\">ENSAYOS APLICADOS A PIPELINES Y GRANDES TANQUES DE ALMACENAMIENTO<\/li>\n<\/ul>\n<p>[\/vc_column_text][vc_empty_space][vc_raw_html]JTNDaDUlM0VDT05UQUNUJTIwQVZFQyUyME5PVVMlM0MlMkZoNSUzRQ==[\/vc_raw_html][vc_separator type=\u00a0\u00bbnormal\u00a0\u00bb color=\u00a0\u00bb#bcbcbc\u00a0\u00bb thickness=\u00a0\u00bb1&Prime; transparency=\u00a0\u00bb0.4&Prime;][vc_widget_sidebar sidebar_id=\u00a0\u00bbsidebar-blog\u00a0\u00bb][\/vc_column][vc_column width=\u00a0\u00bb3\/4&Prime;][vc_row_inner row_type=\u00a0\u00bbrow\u00a0\u00bb type=\u00a0\u00bbfull_width\u00a0\u00bb text_align=\u00a0\u00bbleft\u00a0\u00bb css_animation=\u00a0\u00bb\u00a0\u00bb css=\u00a0\u00bb.vc_custom_1639654729177{background-color: #ffffff !important;}\u00a0\u00bb][vc_column_inner css=\u00a0\u00bb.vc_custom_1639654809595{padding-right: 45px !important;padding-left: 45px !important;background-color: #ffffff !important;}\u00a0\u00bb][vc_column_text]<\/p>\n<h2 class=\"internas-titul\">ESSAIS APPLIQU\u00c9S AUX PIPELINES ET AUX GRANDS R\u00c9SERVOIRS DE STOCKAGE<\/h2>\n<p>[\/vc_column_text][vc_column_text]Chez <a href=\"https:\/\/scichilesa.cl\/fr\/\" target=\"_blank\" rel=\"noopener\">SCI<\/a>, nous sommes une r\u00e9f\u00e9rence mondiale en mati\u00e8re d&rsquo;<strong>essais sp\u00e9ciaux appliqu\u00e9s aux pipelines et aux grands r\u00e9servoirs de stockage<\/strong>. Ces essais font partie des contr\u00f4les <a href=\"https:\/\/scisa.es\/ensayos-no-destructivos-y-laboratorio-metalurgico\/ensayos-no-destructivos\/\" target=\"_blank\" rel=\"noopener\">non destructifs<\/a>, au m\u00eame titre que d&rsquo;autres tels que les contr\u00f4les radiographiques, par ultrasons, par <a href=\"https:\/\/scichilesa.cl\/fr\/controle-par-magnetoscopie\/\" target=\"_blank\" rel=\"noopener\">magn\u00e9toscopie<\/a> ou par <a href=\"https:\/\/scichilesa.cl\/fr\/controle-par-ressuage\/\" target=\"_blank\" rel=\"noopener\">ressuage<\/a>.<\/p>\n<p>Les tests sp\u00e9ciaux que nous r\u00e9alisons chez <strong>SCI<\/strong> sont de <strong>3 types<\/strong>: radiographie automatique, contr\u00f4le avanc\u00e9 par ultrasons et v\u00e9rification du rev\u00eatement des canalisations enterr\u00e9es.[\/vc_column_text][vc_empty_space][\/vc_column_inner][\/vc_row_inner][vc_empty_space][vc_row_inner row_type=\u00a0\u00bbrow\u00a0\u00bb type=\u00a0\u00bbfull_width\u00a0\u00bb text_align=\u00a0\u00bbleft\u00a0\u00bb css_animation=\u00a0\u00bb\u00a0\u00bb css=\u00a0\u00bb.vc_custom_1639742702193{padding-right: 0px !important;padding-left: 25px !important;background-color: #ffffff !important;}\u00a0\u00bb][vc_column_inner width=\u00a0\u00bb2\/3&Prime;][vc_empty_space][vc_column_text]<\/p>\n<h2 class=\"internas-titul\">INSPECTION RADIOGRAPHIQUE AUTOMATIQUE DANS LES PIPELINES<\/h2>\n<p><strong>SCI<\/strong> d\u00e9veloppe et fabrique son propre <strong>Crawler,<\/strong> qui est un \u00e9quipement ins\u00e9r\u00e9 dans les canalisations et dont le but est de prendre des radiographies \u00e0 360\u00ba des soudures circonf\u00e9rentielles et qui est adapt\u00e9 aux diam\u00e8tres de 3\u2033 \u00e0 60\u2033. Gr\u00e2ce \u00e0 la R&amp;D de ces chenillettes, SCI s&rsquo;est positionn\u00e9e comme leader en Espagne sur le march\u00e9 de l&rsquo;inspection des <strong>ol\u00e9oducs et gazoducs<\/strong> et a pu se d\u00e9velopper \u00e0 l&rsquo;\u00e9tranger.<\/p>\n<p><strong>SCI<\/strong> a inspect\u00e9 plus de <strong>30 000 km.<\/strong> pipeline dans le monde avec ce type d&rsquo;\u00e9quipement.<\/p>\n<p>Le <strong>SCI<\/strong> dispose des \u00e9quipements suivants pour <em><br \/>\n<strong>radiographie automatique :<\/strong><br \/>\n<\/em><\/p>\n<ul class=\"lista-interna\">\n<li><i class=\"fa fa-angle-right\" aria-hidden=\"true\"><\/i> Des <strong> chenilles \u00e0 rayons X<\/strong> avec des moteurs thermiques et des batteries.<\/li>\n<li><i class=\"fa fa-angle-right\" aria-hidden=\"true\"><\/i> <strong>Chasseurs de rayons gamma<\/strong> avec des sources Ir-192 ou Se-75.<\/li>\n<\/ul>\n<p>[\/vc_column_text][\/vc_column_inner][vc_column_inner width=\u00a0\u00bb1\/3&Prime; css=\u00a0\u00bb.vc_custom_1644328439297{padding-right: 0px !important;}\u00a0\u00bb][vc_single_image image=\u00a0\u00bb1110&Prime; img_size=\u00a0\u00bbfull\u00a0\u00bb alignment=\u00a0\u00bbright\u00a0\u00bb qode_css_animation=\u00a0\u00bb\u00a0\u00bb css=\u00a0\u00bb.vc_custom_1644328461703{margin-top: 0px !important;margin-right: 0px !important;margin-bottom: 0px !important;margin-left: 0px !important;border-top-width: 0px !important;border-right-width: 0px !important;border-bottom-width: 0px !important;border-left-width: 0px !important;padding-top: 0px !important;padding-right: 0px !important;padding-bottom: 0px !important;padding-left: 0px !important;}\u00a0\u00bb][vc_single_image image=\u00a0\u00bb1111&Prime; img_size=\u00a0\u00bbfull\u00a0\u00bb alignment=\u00a0\u00bbright\u00a0\u00bb qode_css_animation=\u00a0\u00bb\u00a0\u00bb css=\u00a0\u00bb.vc_custom_1644328466017{margin-top: 0px !important;margin-right: 0px !important;margin-bottom: 0px !important;margin-left: 0px !important;border-top-width: 0px !important;border-right-width: 0px !important;border-bottom-width: 0px !important;border-left-width: 0px !important;padding-top: 0px !important;padding-right: 0px !important;padding-bottom: 0px !important;padding-left: 0px !important;}\u00a0\u00bb][\/vc_column_inner][\/vc_row_inner][vc_row_inner row_type=\u00a0\u00bbrow\u00a0\u00bb type=\u00a0\u00bbfull_width\u00a0\u00bb text_align=\u00a0\u00bbleft\u00a0\u00bb css_animation=\u00a0\u00bb\u00a0\u00bb css=\u00a0\u00bb.vc_custom_1644328502816{margin-top: 32px !important;background-color: #ffffff !important;}\u00a0\u00bb][vc_column_inner css=\u00a0\u00bb.vc_custom_1639654835560{padding-right: 45px !important;padding-left: 45px !important;}\u00a0\u00bb][vc_empty_space][vc_column_text]INSPECTION ULTRASONIQUE AVANC\u00c9E<\/p>\n<p>SCI d\u00e9veloppe \u00e9galement depuis plus de dix ans ses propres \u00e9quipements d&rsquo;inspection par ultrasons automatis\u00e9s, bas\u00e9s sur des techniques conventionnelles d&rsquo;\u00e9cho-puls\u00e9 ou sur d&rsquo;autres techniques plus innovantes telles que les r\u00e9seaux \u00e0 commande de phase ou la technologie TOFD.<\/p>\n<p>Ce type d&rsquo;inspection automatis\u00e9e est une alternative valable \u00e0 l&rsquo;inspection radiographique qui est d\u00e9j\u00e0 couramment demand\u00e9e dans les pays voisins.<\/p>\n<p>Au cours des derni\u00e8res d\u00e9cennies, le secteur de l&rsquo;\u00e9nergie a connu une forte expansion, qui a conduit \u00e0 la construction de projets et d&rsquo;installations de grande envergure, tels que de nouvelles usines p\u00e9trochimiques, des gazoducs, des ol\u00e9oducs, des r\u00e9servoirs cryog\u00e9niques de GNL, des centrales thermiques \u00e0 cycle combin\u00e9 et, plus r\u00e9cemment, des centrales thermiques solaires. Ces techniques ont \u00e9t\u00e9 intensivement sollicit\u00e9es dans ces projets de construction.<\/p>\n<p>Le SCI dispose actuellement d&rsquo;un \u00e9quipement d&rsquo;\u00e9chographie enregistrable semi-automatique (SAUT) bas\u00e9 sur les techniques Phased Array et TOFD.<\/p>\n<p>SCI a \u00e9galement d\u00e9velopp\u00e9 ses propres syst\u00e8mes ultrasoniques automatiques enregistrables (AUT) qui permettent de tester les soudures des lignes de pipelines de grande production, ainsi que les r\u00e9parations, les points sp\u00e9ciaux, etc&#8230; couvrant toutes les exigences n\u00e9cessaires \u00e0 l&rsquo;inspection des pipelines.[\/vc_column_text][vc_empty_space][\/vc_column_inner][\/vc_row_inner][vc_row_inner row_type=\u00a0\u00bbrow\u00a0\u00bb type=\u00a0\u00bbfull_width\u00a0\u00bb text_align=\u00a0\u00bbleft\u00a0\u00bb css_animation=\u00a0\u00bb\u00a0\u00bb css=\u00a0\u00bb.vc_custom_1644332779146{margin-top: 32px !important;}\u00a0\u00bb][vc_column_inner css=\u00a0\u00bb.vc_custom_1644333012922{padding-right: 0px !important;padding-left: 0px !important;}\u00a0\u00bb][vc_single_image image=\u00a0\u00bb2048&Prime; img_size=\u00a0\u00bbfull\u00a0\u00bb qode_css_animation=\u00a0\u00bb\u00a0\u00bb][\/vc_column_inner][\/vc_row_inner][vc_row_inner row_type=\u00a0\u00bbrow\u00a0\u00bb type=\u00a0\u00bbfull_width\u00a0\u00bb text_align=\u00a0\u00bbleft\u00a0\u00bb css_animation=\u00a0\u00bb\u00a0\u00bb css=\u00a0\u00bb.vc_custom_1644332783281{margin-top: 32px !important;padding-right: 0px !important;padding-left: 25px !important;background-color: #ffffff !important;}\u00a0\u00bb][vc_column_inner][vc_empty_space][vc_column_text]<\/p>\n<h2 class=\"internas-titul\">INSPECTION DES GAINES DE TUYAUX ENTERR\u00c9ES<\/h2>\n<p><strong>SCI<\/strong> dispose d&rsquo;un \u00e9quipement de type <strong>PCM<\/strong> pour la v\u00e9rification de l&rsquo;\u00e9tat du rev\u00eatement des canalisations enterr\u00e9es. Cette technique se base sur la circulation d&rsquo;un courant \u00e9lectrique dans le conduit enterr\u00e9, permettant de <strong>d\u00e9tecter<\/strong> les <strong>points<\/strong> o\u00f9, en raison de l&rsquo;absence de rev\u00eatement, le courant d\u00e9rive vers la terre.<\/p>\n<p>La <strong>d\u00e9tection<\/strong> des d\u00e9fauts du rev\u00eatement se fait en <strong>marchant le long<\/strong> du parcours de la canalisation. L&rsquo;\u00e9quipement dont dispose l&rsquo;inspecteur est capable de d\u00e9tecter les endroits o\u00f9 le rev\u00eatement est endommag\u00e9.<\/p>\n<p>Cette inspection est g\u00e9n\u00e9ralement utilis\u00e9e pour v\u00e9rifier que le <strong>rev\u00eatement de<\/strong> la conduite n&rsquo;a pas \u00e9t\u00e9 endommag\u00e9 par la remise en \u00e9tat du sol ou comme inspection p\u00e9riodique en service.<\/p>\n<p>En outre, cette technique est capable de d\u00e9terminer l&rsquo;<strong>emplacement et la profondeur<\/strong> \u00e0 laquelle passe le pipeline.[\/vc_column_text][vc_empty_space][\/vc_column_inner][\/vc_row_inner][vc_row_inner row_type=\u00a0\u00bbrow\u00a0\u00bb type=\u00a0\u00bbfull_width\u00a0\u00bb text_align=\u00a0\u00bbleft\u00a0\u00bb css_animation=\u00a0\u00bb\u00a0\u00bb css=\u00a0\u00bb.vc_custom_1644333073161{margin-top: 32px !important;}\u00a0\u00bb][vc_column_inner width=\u00a0\u00bb1\/3&Prime; css=\u00a0\u00bb.vc_custom_1644333176466{padding-right: 0px !important;padding-left: 0px !important;}\u00a0\u00bb][vc_single_image image=\u00a0\u00bb2056&Prime; img_size=\u00a0\u00bbfull\u00a0\u00bb qode_css_animation=\u00a0\u00bb\u00a0\u00bb css=\u00a0\u00bb.vc_custom_1644333512673{padding-right: 0px !important;padding-left: 0px !important;}\u00a0\u00bb][\/vc_column_inner][vc_column_inner width=\u00a0\u00bb1\/3&Prime; css=\u00a0\u00bb.vc_custom_1644333307184{padding-right: 0px !important;padding-left: 0px !important;}\u00a0\u00bb][vc_single_image image=\u00a0\u00bb2055&Prime; img_size=\u00a0\u00bbfull\u00a0\u00bb qode_css_animation=\u00a0\u00bb\u00a0\u00bb][\/vc_column_inner][vc_column_inner width=\u00a0\u00bb1\/3&Prime; css=\u00a0\u00bb.vc_custom_1644333348643{padding-right: 0px !important;padding-left: 0px !important;}\u00a0\u00bb][vc_single_image image=\u00a0\u00bb2057&Prime; img_size=\u00a0\u00bbfull\u00a0\u00bb qode_css_animation=\u00a0\u00bb\u00a0\u00bb css=\u00a0\u00bb.vc_custom_1644333524271{padding-right: 0px !important;padding-left: 0px !important;}\u00a0\u00bb][\/vc_column_inner][\/vc_row_inner][vc_row_inner row_type=\u00a0\u00bbrow\u00a0\u00bb type=\u00a0\u00bbfull_width\u00a0\u00bb text_align=\u00a0\u00bbleft\u00a0\u00bb css_animation=\u00a0\u00bb\u00a0\u00bb css=\u00a0\u00bb.vc_custom_1644333077145{margin-top: 32px !important;padding-right: 0px !important;padding-left: 25px !important;background-color: #ffffff !important;}\u00a0\u00bb][vc_column_inner][vc_empty_space][vc_column_text]<\/p>\n<h2 class=\"internas-titul\" style=\"text-align: left;\">INSPECTION EN SERVICE DES GRANDS R\u00c9SERVOIRS DE STOCKAGE<\/h2>\n<p style=\"padding-left: 40px; font-size: 18px; line-height: 30px; font-weight: 600;\">Fuite de flux magn\u00e9tique, bo\u00eete \u00e0 vide, jaugeage d&rsquo;\u00e9paisseur<\/p>\n<p style=\"text-align: left;\">Les usines p\u00e9trochimiques et les fermes de stockage demandent fr\u00e9quemment l&rsquo;<strong>inspection<\/strong> et la <strong>certification<\/strong> de leurs r\u00e9servoirs par des inspecteurs <strong>API 653<\/strong>.<\/p>\n<p style=\"text-align: left;\">Entre autres, l&rsquo;un des tests les plus demand\u00e9s dans ce domaine est l&rsquo;inspection des fonds de r\u00e9servoirs \u00e0 l&rsquo;aide de la technique de fuite de flux magn\u00e9tique, qui permet de d\u00e9terminer de mani\u00e8re rapide et fiable les zones d&rsquo;un fond qui ont subi une perte d&rsquo;\u00e9paisseur importante due \u00e0 la corrosion.<\/p>\n<p style=\"text-align: left;\">Afin de <strong>v\u00e9rifier l&rsquo;\u00e9tanch\u00e9it\u00e9<\/strong> des soudures du fond du r\u00e9servoir, <strong>SCI<\/strong> effectue \u00e9galement des inspections \u00e0 l&rsquo;aide d&rsquo;un \u00e9quipement de bo\u00eete \u00e0 vide. Nous concevons et fabriquons nos propres \u00e9quipements en fonction des diff\u00e9rentes configurations.<\/p>\n<p style=\"text-align: left;\">\u00c0 l&rsquo;appui de ces inspections, des jauges d&rsquo;\u00e9paisseur \u00e0 ultrasons automatiques ont \u00e9t\u00e9 d\u00e9velopp\u00e9es en interne pour enregistrer les mesures d&rsquo;\u00e9paisseur par ultrasons dans les g\u00e9n\u00e9rateurs des <strong>grands<\/strong> <strong>r\u00e9servoirs de stockage<\/strong> ou dans des zones sp\u00e9cifiques o\u00f9 la corrosion est suspect\u00e9e. Cet \u00e9quipement peut \u00eatre utilis\u00e9 \u00e0 distance, sans avoir besoin d&rsquo;\u00e9chafaudages ou de structures auxiliaires sur le r\u00e9servoir.<\/p>\n<p>[\/vc_column_text][vc_empty_space][\/vc_column_inner][\/vc_row_inner][\/vc_column][\/vc_row][vc_row css_animation=\u00a0\u00bb\u00a0\u00bb row_type=\u00a0\u00bbrow\u00a0\u00bb use_row_as_full_screen_section=\u00a0\u00bbno\u00a0\u00bb type=\u00a0\u00bbfull_width\u00a0\u00bb angled_section=\u00a0\u00bbno\u00a0\u00bb text_align=\u00a0\u00bbleft\u00a0\u00bb background_image_as_pattern=\u00a0\u00bbwithout_pattern\u00a0\u00bb][vc_column][vc_empty_space height=\u00a0\u00bb64px\u00a0\u00bb][\/vc_column][\/vc_row]<\/p>\n<\/div>","protected":false},"excerpt":{"rendered":"<p>[vc_row css_animation=\u00a0\u00bb\u00a0\u00bb row_type=\u00a0\u00bbrow\u00a0\u00bb use_row_as_full_screen_section=\u00a0\u00bbno\u00a0\u00bb type=\u00a0\u00bbfull_width\u00a0\u00bb angled_section=\u00a0\u00bbno\u00a0\u00bb text_align=\u00a0\u00bbleft\u00a0\u00bb background_image_as_pattern=\u00a0\u00bbwithout_pattern\u00a0\u00bb][vc_column width=\u00a0\u00bb1\/4&Prime;][vc_raw_html]JTNDaDUlM0VBVVRSRVMlMjBTRVJWSUNFUyUyMERFJTIwQ05EJTNDJTJGaDUlM0U=[\/vc_raw_html][vc_separator type=\u00a0\u00bbnormal\u00a0\u00bb color=\u00a0\u00bb#bcbcbc\u00a0\u00bb thickness=\u00a0\u00bb1&Prime; transparency=\u00a0\u00bb0.4&Prime;][vc_column_text] LABORATOIRE D&rsquo;ESSAIS NON DESTRUCTIFS ET M\u00c9TALLURGIQUES CONTROLES PAR RADIOGRAPHIE INDUSTRIELLE CONTROLES PAR ULTRASONS CONTROLE PAR MAGNETOSCOPIE CONTROLE PAR RESSUAGE INSPECTION DES SOUDURES DES TOURS EOLIENNES AUTRES ESSAIS NON DESTRUCTIFS ENSAYOS APLICADOS A&#8230;<\/p>\n","protected":false},"author":1,"featured_media":0,"parent":58068,"menu_order":0,"comment_status":"closed","ping_status":"closed","template":"","meta":{"footnotes":""},"class_list":["post-58069","page","type-page","status-publish","hentry"],"_links":{"self":[{"href":"https:\/\/www.scichilesa.cl\/fr\/wp-json\/wp\/v2\/pages\/58069","targetHints":{"allow":["GET"]}}],"collection":[{"href":"https:\/\/www.scichilesa.cl\/fr\/wp-json\/wp\/v2\/pages"}],"about":[{"href":"https:\/\/www.scichilesa.cl\/fr\/wp-json\/wp\/v2\/types\/page"}],"author":[{"embeddable":true,"href":"https:\/\/www.scichilesa.cl\/fr\/wp-json\/wp\/v2\/users\/1"}],"replies":[{"embeddable":true,"href":"https:\/\/www.scichilesa.cl\/fr\/wp-json\/wp\/v2\/comments?post=58069"}],"version-history":[{"count":0,"href":"https:\/\/www.scichilesa.cl\/fr\/wp-json\/wp\/v2\/pages\/58069\/revisions"}],"up":[{"embeddable":true,"href":"https:\/\/www.scichilesa.cl\/fr\/wp-json\/wp\/v2\/pages\/58068"}],"wp:attachment":[{"href":"https:\/\/www.scichilesa.cl\/fr\/wp-json\/wp\/v2\/media?parent=58069"}],"curies":[{"name":"wp","href":"https:\/\/api.w.org\/{rel}","templated":true}]}}