{"id":58068,"date":"2021-11-29T11:11:16","date_gmt":"2021-11-29T11:11:16","guid":{"rendered":"https:\/\/scisachilesa.providersweb.es\/ensayos-no-destructivos-y-laboratorio-metalurgico\/"},"modified":"2023-02-14T16:51:49","modified_gmt":"2023-02-14T16:51:49","slug":"controles-non-destructifs-et-laboratoire-de-metallurgie","status":"publish","type":"page","link":"https:\/\/www.scichilesa.cl\/fr\/controles-non-destructifs-et-laboratoire-de-metallurgie\/","title":{"rendered":"Controles non destructifs et laboratoire de metallurgie"},"content":{"rendered":"<div class=\"wpb-content-wrapper\"><p>[vc_row css_animation=\u00a0\u00bb\u00a0\u00bb row_type=\u00a0\u00bbrow\u00a0\u00bb use_row_as_full_screen_section=\u00a0\u00bbno\u00a0\u00bb type=\u00a0\u00bbfull_width\u00a0\u00bb angled_section=\u00a0\u00bbno\u00a0\u00bb text_align=\u00a0\u00bbleft\u00a0\u00bb background_image_as_pattern=\u00a0\u00bbwithout_pattern\u00a0\u00bb][vc_column width=\u00a0\u00bb1\/4&Prime;][vc_column_text]<\/p>\n<ul class=\"menu-lateral\">\n<li class=\"volver\"><a href=\"https:\/\/www.scichilesa.cl\/fr\/controles-non-destructifs-et-laboratoire-de-metallurgie\/\"><i class=\"fa fa-backward\" aria-hidden=\"true\"><\/i> ESSAIS NON DESTRUCTIFS<\/a><\/li>\n<li><a href=\"https:\/\/www.scichilesa.cl\/fr\/controles-non-destructifs-et-laboratoire-de-metallurgie\/#radiografia-industrial\">ESSAIS DE RADIOGRAPHIE INDUSTRIELLE<\/a><\/li>\n<li><a href=\"https:\/\/www.scichilesa.cl\/fr\/controles-non-destructifs-et-laboratoire-de-metallurgie\/#ensayos-ultrasonidos\">ESSAIS PAR ULTRASONS<\/a><\/li>\n<li><a href=\"https:\/\/www.scichilesa.cl\/fr\/controles-non-destructifs-et-laboratoire-de-metallurgie\/#particulas-magneticas\">TEST DE PARTICULES MAGN\u00c9TIQUES<\/a><\/li>\n<li><a href=\"https:\/\/www.scichilesa.cl\/fr\/controles-non-destructifs-et-laboratoire-de-metallurgie\/#liquidos-penetrantes\">CONTR\u00d4LE PAR RESSUAGE<\/a><\/li>\n<li><a href=\"https:\/\/www.scichilesa.cl\/fr\/controles-non-destructifs-et-laboratoire-de-metallurgie\/#soldadura-torres\">INSPECTION DES SOUDURES DES TOURS D&rsquo;\u00c9OLIENNES<\/a><\/li>\n<li><a href=\"https:\/\/www.scichilesa.cl\/fr\/controles-non-destructifs-et-laboratoire-de-metallurgie\/#otros-ensayos\">AUTRES ESSAIS NON DESTRUCTIFS<\/a><\/li>\n<li><a href=\"https:\/\/www.scichilesa.cl\/fr\/controles-non-destructifs-et-laboratoire-de-metallurgie\/#aplicados-pipelines\">ESSAIS APPLIQU\u00c9S AUX PIPELINES ET AUX GRANDS R\u00c9SERVOIRS DE STOCKAGE<\/a><\/li>\n<\/ul>\n<p>[\/vc_column_text][vc_empty_space][vc_raw_html]JTNDaDUlM0VDT05UQUNUJTIwQVZFQyUyME5PVVMlM0MlMkZoNSUzRQ==[\/vc_raw_html][vc_separator type=\u00a0\u00bbnormal\u00a0\u00bb color=\u00a0\u00bb#bcbcbc\u00a0\u00bb thickness=\u00a0\u00bb1&Prime; transparency=\u00a0\u00bb0.4&Prime;][vc_widget_sidebar sidebar_id=\u00a0\u00bbsidebar-blog\u00a0\u00bb][\/vc_column][vc_column width=\u00a0\u00bb3\/4&Prime;][vc_row_inner row_type=\u00a0\u00bbrow\u00a0\u00bb type=\u00a0\u00bbfull_width\u00a0\u00bb text_align=\u00a0\u00bbleft\u00a0\u00bb css_animation=\u00a0\u00bb\u00a0\u00bb el_id=\u00a0\u00bbradiografia-industrial\u00a0\u00bb][vc_column_inner][\/vc_column_inner][\/vc_row_inner][qode_elements_holder background_color=\u00a0\u00bb#ffffff\u00a0\u00bb number_of_columns=\u00a0\u00bbtwo_columns\u00a0\u00bb switch_to_one_column=\u00a0\u00bb768&Prime; alignment_one_column=\u00a0\u00bbcenter\u00a0\u00bb][qode_elements_holder_item vertical_alignment=\u00a0\u00bbmiddle\u00a0\u00bb horizontal_alignment=\u00a0\u00bbcenter\u00a0\u00bb advanced_animations=\u00a0\u00bbno\u00a0\u00bb][vc_single_image image=\u00a0\u00bb780&Prime; img_size=\u00a0\u00bbfull\u00a0\u00bb qode_css_animation=\u00a0\u00bb\u00a0\u00bb el_class=\u00a0\u00bbaltura-plis\u00a0\u00bb][\/qode_elements_holder_item][qode_elements_holder_item vertical_alignment=\u00a0\u00bbmiddle\u00a0\u00bb advanced_animations=\u00a0\u00bbno\u00a0\u00bb item_padding=\u00a0\u00bb15px 35px 15px 35px\u00a0\u00bb][vc_column_text]<\/p>\n<h2 class=\"titulo-flecha\">CONTROLES PAR RADIOGRAPHIE INDUSTRIELLE<\/h2>\n<p style=\"text-align: left;\">La <strong>radiographie industrielle<\/strong> est un <strong>essai non destructif<\/strong> qui consiste \u00e0 faire passer un faisceau de rayonnements \u00e9lectromagn\u00e9tiques ionisants (rayons gamma ou rayons X) \u00e0 travers le composant \u00e0 tester.<\/p>\n<p style=\"text-align: left;\">Ce rayonnement sera plus ou moins absorb\u00e9 par les discontinuit\u00e9s internes de la pi\u00e8ce, atteignant l&rsquo;autre c\u00f4t\u00e9 de la pi\u00e8ce, avec une intensit\u00e9 de rayonnement diff\u00e9rente, et imprimant un <strong>film radiographique<\/strong> qui, une fois d\u00e9velopp\u00e9, montre l&#8217;emplacement de ces discontinuit\u00e9s.<\/p>\n<p>&nbsp;<\/p>\n<div class=\"menu-caja\">\n<div><a href=\"https:\/\/scichilesa.cl\/fr\/controles-non-destructifs-et-laboratoire-de-metallurgie\/controles-par-radiographie-industrielle\/\" target=\"_blank\" rel=\"noopener\">Aller \u00e0 la page<\/a><\/div>\n<\/div>\n<p>[\/vc_column_text][vc_empty_space]<a itemprop=\"url\" href=\"https:\/\/scichilesa.cl\/fr\/contact\/\" target=\"_self\" data-hover-border-color=\"#000000\" data-hover-color=\"#ffffff\" class=\"qbutton  medium white default derecha\" style=\"color: #000000; border-color: #757575; \" rel=\"noopener\">CONTACT AVEC NOUS<\/a>[vc_empty_space][\/qode_elements_holder_item][\/qode_elements_holder][vc_row_inner row_type=\u00a0\u00bbrow\u00a0\u00bb type=\u00a0\u00bbfull_width\u00a0\u00bb text_align=\u00a0\u00bbleft\u00a0\u00bb css_animation=\u00a0\u00bb\u00a0\u00bb el_id=\u00a0\u00bbensayos-ultrasonidos\u00a0\u00bb][vc_column_inner][vc_empty_space][\/vc_column_inner][\/vc_row_inner][qode_elements_holder background_color=\u00a0\u00bb#ffffff\u00a0\u00bb number_of_columns=\u00a0\u00bbtwo_columns\u00a0\u00bb switch_to_one_column=\u00a0\u00bb768&Prime; alignment_one_column=\u00a0\u00bbcenter\u00a0\u00bb][qode_elements_holder_item vertical_alignment=\u00a0\u00bbmiddle\u00a0\u00bb advanced_animations=\u00a0\u00bbno\u00a0\u00bb item_padding=\u00a0\u00bb15px 35px 15px 35px\u00a0\u00bb][vc_column_text]<\/p>\n<h2 class=\"titulo-flecha\">ESSAIS PAR ULTRASONS<\/h2>\n<p style=\"text-align: left;\">Le <strong>contr\u00f4le par ultrasons<\/strong> est une m\u00e9thode de <a href=\"https:\/\/scichilesa.cl\/fr\/controles-non-destructifs-et-laboratoire-de-metallurgie\/autres-essais-non-destructifs\/\" target=\"_blank\" rel=\"noopener\">contr\u00f4le non destructif<\/a> bas\u00e9e sur le ph\u00e9nom\u00e8ne de r\u00e9flexion des <strong>ondes acoustiques<\/strong> lorsqu&rsquo;elles rencontrent des discontinuit\u00e9s dans leur propagation. L&rsquo;onde sera r\u00e9fl\u00e9chie vers sa source de g\u00e9n\u00e9ration si la discontinuit\u00e9 est dans une position normale par rapport au faisceau incident.<\/p>\n<div class=\"menu-caja\">\n<div><a href=\"https:\/\/scichilesa.cl\/fr\/controles-non-destructifs-et-laboratoire-de-metallurgie\/controles-par-ultrasons\/\" target=\"_blank\" rel=\"noopener\">Aller \u00e0 la page<\/a><\/div>\n<\/div>\n<p>[\/vc_column_text][vc_empty_space]<a itemprop=\"url\" href=\"https:\/\/scichilesa.cl\/fr\/contact\/\" target=\"_self\" data-hover-border-color=\"#000000\" data-hover-color=\"#ffffff\" class=\"qbutton  medium white default derecha\" style=\"color: #000000; border-color: #757575; \" rel=\"noopener\">CONTACT AVEC NOUS<\/a>[vc_empty_space][\/qode_elements_holder_item][qode_elements_holder_item vertical_alignment=\u00a0\u00bbmiddle\u00a0\u00bb horizontal_alignment=\u00a0\u00bbcenter\u00a0\u00bb advanced_animations=\u00a0\u00bbno\u00a0\u00bb][vc_single_image image=\u00a0\u00bb871&Prime; img_size=\u00a0\u00bbfull\u00a0\u00bb qode_css_animation=\u00a0\u00bb\u00a0\u00bb el_class=\u00a0\u00bbaltura-plis\u00a0\u00bb][\/qode_elements_holder_item][\/qode_elements_holder][vc_row_inner row_type=\u00a0\u00bbrow\u00a0\u00bb type=\u00a0\u00bbfull_width\u00a0\u00bb text_align=\u00a0\u00bbleft\u00a0\u00bb css_animation=\u00a0\u00bb\u00a0\u00bb el_id=\u00a0\u00bbparticulas-magneticas\u00a0\u00bb][vc_column_inner][vc_empty_space][\/vc_column_inner][\/vc_row_inner][qode_elements_holder background_color=\u00a0\u00bb#ffffff\u00a0\u00bb number_of_columns=\u00a0\u00bbtwo_columns\u00a0\u00bb switch_to_one_column=\u00a0\u00bb768&Prime; alignment_one_column=\u00a0\u00bbcenter\u00a0\u00bb][qode_elements_holder_item vertical_alignment=\u00a0\u00bbmiddle\u00a0\u00bb horizontal_alignment=\u00a0\u00bbcenter\u00a0\u00bb advanced_animations=\u00a0\u00bbno\u00a0\u00bb][vc_single_image image=\u00a0\u00bb897&Prime; img_size=\u00a0\u00bbfull\u00a0\u00bb qode_css_animation=\u00a0\u00bb\u00a0\u00bb el_class=\u00a0\u00bbaltura-plis\u00a0\u00bb][\/qode_elements_holder_item][qode_elements_holder_item vertical_alignment=\u00a0\u00bbmiddle\u00a0\u00bb advanced_animations=\u00a0\u00bbno\u00a0\u00bb item_padding=\u00a0\u00bb15px 35px 15px 35px\u00a0\u00bb][vc_column_text]<\/p>\n<h2 class=\"titulo-flecha\">TEST DE PARTICULES MAGN\u00c9TIQUES<\/h2>\n<p>Le but de ces tests est de d\u00e9tecter d\u2019\u00e9ventuelles discontinuit\u00e9s dans une pi\u00e8ce (en mat\u00e9riaux ferromagn\u00e9tiques) non seulement en surface, mais aussi \u00e0 proximit\u00e9 de la surface(discontinuit\u00e9s sub-superficielles).<\/p>\n<div class=\"menu-caja\">\n<div><a href=\"https:\/\/scichilesa.cl\/fr\/controle-par-magnetoscopie\/\" target=\"_blank\" rel=\"noopener\">Aller \u00e0 la page<\/a><\/div>\n<\/div>\n<p>[\/vc_column_text][vc_empty_space]<a itemprop=\"url\" href=\"https:\/\/scichilesa.cl\/fr\/contact\/\" target=\"_self\" data-hover-border-color=\"#000000\" data-hover-color=\"#ffffff\" class=\"qbutton  medium white default derecha\" style=\"color: #000000; border-color: #757575; \" rel=\"noopener\">CONTACT AVEC NOUS<\/a>[\/qode_elements_holder_item][\/qode_elements_holder][vc_row_inner row_type=\u00a0\u00bbrow\u00a0\u00bb type=\u00a0\u00bbfull_width\u00a0\u00bb text_align=\u00a0\u00bbleft\u00a0\u00bb css_animation=\u00a0\u00bb\u00a0\u00bb el_id=\u00a0\u00bbliquidos-penetrantes\u00a0\u00bb][vc_column_inner][\/vc_column_inner][\/vc_row_inner][vc_empty_space][qode_elements_holder background_color=\u00a0\u00bb#ffffff\u00a0\u00bb number_of_columns=\u00a0\u00bbtwo_columns\u00a0\u00bb switch_to_one_column=\u00a0\u00bb768&Prime; alignment_one_column=\u00a0\u00bbcenter\u00a0\u00bb][qode_elements_holder_item vertical_alignment=\u00a0\u00bbmiddle\u00a0\u00bb advanced_animations=\u00a0\u00bbno\u00a0\u00bb item_padding=\u00a0\u00bb15px 35px 15px 35px\u00a0\u00bb][vc_column_text]<\/p>\n<h2 class=\"titulo-flecha\">CONTROL PAR RESSUAGE<\/h2>\n<p>Le <strong>contr\u00f4le par ressuage<\/strong> est un type de <strong>contr\u00f4le non destructif<\/strong> qui d\u00e9tecte les imperfections de surface des mat\u00e9riaux non poreux, qu&rsquo;ils soient m\u00e9talliques ou non.<\/p>\n<div class=\"menu-caja\">\n<div><a href=\"https:\/\/scichilesa.cl\/fr\/controle-par-ressuage\/\" target=\"_blank\" rel=\"noopener\">Aller \u00e0 la page<\/a><\/div>\n<\/div>\n<p>[\/vc_column_text][vc_empty_space]<a itemprop=\"url\" href=\"https:\/\/scichilesa.cl\/fr\/contact\/\" target=\"_self\" data-hover-border-color=\"#000000\" data-hover-color=\"#ffffff\" class=\"qbutton  medium white default derecha\" style=\"color: #000000; border-color: #757575; \" rel=\"noopener\">CONTACT AVEC NOUS<\/a>[\/qode_elements_holder_item][qode_elements_holder_item vertical_alignment=\u00a0\u00bbmiddle\u00a0\u00bb horizontal_alignment=\u00a0\u00bbcenter\u00a0\u00bb advanced_animations=\u00a0\u00bbno\u00a0\u00bb][vc_single_image image=\u00a0\u00bb939&Prime; img_size=\u00a0\u00bbfull\u00a0\u00bb qode_css_animation=\u00a0\u00bb\u00a0\u00bb el_class=\u00a0\u00bbaltura-plis\u00a0\u00bb][\/qode_elements_holder_item][\/qode_elements_holder][vc_row_inner row_type=\u00a0\u00bbrow\u00a0\u00bb type=\u00a0\u00bbfull_width\u00a0\u00bb text_align=\u00a0\u00bbleft\u00a0\u00bb css_animation=\u00a0\u00bb\u00a0\u00bb el_id=\u00a0\u00bbsoldadura-torres\u00a0\u00bb][vc_column_inner][vc_empty_space][\/vc_column_inner][\/vc_row_inner][qode_elements_holder background_color=\u00a0\u00bb#ffffff\u00a0\u00bb number_of_columns=\u00a0\u00bbtwo_columns\u00a0\u00bb switch_to_one_column=\u00a0\u00bb768&Prime; alignment_one_column=\u00a0\u00bbcenter\u00a0\u00bb][qode_elements_holder_item vertical_alignment=\u00a0\u00bbmiddle\u00a0\u00bb horizontal_alignment=\u00a0\u00bbcenter\u00a0\u00bb advanced_animations=\u00a0\u00bbno\u00a0\u00bb][vc_single_image image=\u00a0\u00bb1957&Prime; img_size=\u00a0\u00bbfull\u00a0\u00bb qode_css_animation=\u00a0\u00bb\u00a0\u00bb el_class=\u00a0\u00bbaltura-plis\u00a0\u00bb][\/qode_elements_holder_item][qode_elements_holder_item vertical_alignment=\u00a0\u00bbmiddle\u00a0\u00bb advanced_animations=\u00a0\u00bbno\u00a0\u00bb item_padding=\u00a0\u00bb15px 35px 15px 35px\u00a0\u00bb][vc_column_text]<\/p>\n<h2 class=\"titulo-flecha\">INSPECTION DES SOUDURES DES TOURS \u00c9OLIENNES<\/h2>\n<p>Les inspections r\u00e9glementaires dans le domaine \u00e9lectrique et les audits d&rsquo;efficacit\u00e9 \u00e9nerg\u00e9tique dans les entreprises sont une sp\u00e9cialit\u00e9 de\u00a0<a href=\"https:\/\/scichilesa.cl\/fr\/\" target=\"_blank\" rel=\"noopener\">SCI<\/a>. Nous avons des sp\u00e9cialistes pour effectuer ces t\u00e2ches ainsi que pour conseiller les inspecteurs eux-m\u00eames, etc.<\/p>\n<p>Le travail d&rsquo;inspection est essentiel puisque ce sont g\u00e9n\u00e9ralement eux qui ont le dernier mot pour d\u00e9cider si quelque chose va bien et est conforme \u00e0 la r\u00e9glementation.<\/p>\n<div class=\"menu-caja\">\n<div><a href=\"https:\/\/scichilesa.cl\/fr\/controles-non-destructifs-et-laboratoire-de-metallurgie\/inspection-des-soudures-des-tours-eoliennes\/\" target=\"_blank\" rel=\"noopener\">Aller \u00e0 la page<\/a><\/div>\n<\/div>\n<p>[\/vc_column_text][vc_empty_space]<a itemprop=\"url\" href=\"https:\/\/scichilesa.cl\/fr\/contact\/\" target=\"_self\" data-hover-border-color=\"#000000\" data-hover-color=\"#ffffff\" class=\"qbutton  medium white default derecha\" style=\"color: #000000; border-color: #757575; \" rel=\"noopener\">CONTACT AVEC NOUS<\/a>[vc_empty_space][\/qode_elements_holder_item][\/qode_elements_holder][vc_empty_space][vc_row_inner row_type=\u00a0\u00bbrow\u00a0\u00bb type=\u00a0\u00bbfull_width\u00a0\u00bb text_align=\u00a0\u00bbleft\u00a0\u00bb css_animation=\u00a0\u00bb\u00a0\u00bb el_id=\u00a0\u00bbaplicados-pipelines\u00a0\u00bb][vc_column_inner][vc_empty_space][\/vc_column_inner][\/vc_row_inner][qode_elements_holder background_color=\u00a0\u00bb#ffffff\u00a0\u00bb number_of_columns=\u00a0\u00bbtwo_columns\u00a0\u00bb switch_to_one_column=\u00a0\u00bb768&Prime; alignment_one_column=\u00a0\u00bbcenter\u00a0\u00bb][qode_elements_holder_item vertical_alignment=\u00a0\u00bbmiddle\u00a0\u00bb advanced_animations=\u00a0\u00bbno\u00a0\u00bb item_padding=\u00a0\u00bb15px 35px 15px 35px\u00a0\u00bb][vc_column_text]<\/p>\n<h2 class=\"titulo-flecha\">ESSAIS APPLIQU\u00c9S AUX PIPELINES ET AUX GRANDS R\u00c9SERVOIRS DE STOCKAGE<\/h2>\n<p>Les inspections r\u00e9glementaires dans le domaine \u00e9lectrique et les audits d&rsquo;efficacit\u00e9 \u00e9nerg\u00e9tique dans les entreprises sont la sp\u00e9cialit\u00e9 de <a href=\"https:\/\/scichilesa.cl\/fr\/\" target=\"_blank\" rel=\"noopener\">SCI. <\/a>\u00a0Nous avons des sp\u00e9cialistes pour effectuer ces t\u00e2ches ainsi que pour conseiller les inspecteurs eux-m\u00eames, etc.<\/p>\n<p>Le travail d&rsquo;inspection est essentiel puisque ce sont g\u00e9n\u00e9ralement eux qui ont le dernier mot pour d\u00e9cider si quelque chose va bien et est conforme \u00e0 la r\u00e9glementation.<\/p>\n<p>&nbsp;<\/p>\n<div class=\"menu-caja\">\n<div><a href=\"https:\/\/scichilesa.cl\/fr\/controles-non-destructifs-et-laboratoire-de-metallurgie\/essais-appliques-aux-pipelines-et-aux-grands-reservoirs-de-stockage\/\" target=\"_blank\" rel=\"noopener\">Aller \u00e0 la page<\/a><\/div>\n<\/div>\n<p>[\/vc_column_text][vc_empty_space]<a itemprop=\"url\" href=\"https:\/\/scichilesa.cl\/fr\/contact\/\" target=\"_self\" data-hover-border-color=\"#000000\" data-hover-color=\"#ffffff\" class=\"qbutton  medium white default derecha\" style=\"color: #000000; border-color: #757575; \" rel=\"noopener\">CONTACT AVEC NOUS<\/a>[vc_empty_space][\/qode_elements_holder_item][qode_elements_holder_item vertical_alignment=\u00a0\u00bbmiddle\u00a0\u00bb horizontal_alignment=\u00a0\u00bbcenter\u00a0\u00bb advanced_animations=\u00a0\u00bbno\u00a0\u00bb][vc_single_image image=\u00a0\u00bb55942&Prime; img_size=\u00a0\u00bbfull\u00a0\u00bb qode_css_animation=\u00a0\u00bb\u00a0\u00bb el_class=\u00a0\u00bbaltura-plis\u00a0\u00bb][\/qode_elements_holder_item][\/qode_elements_holder][\/vc_column][\/vc_row][vc_row css_animation=\u00a0\u00bb\u00a0\u00bb row_type=\u00a0\u00bbrow\u00a0\u00bb use_row_as_full_screen_section=\u00a0\u00bbno\u00a0\u00bb type=\u00a0\u00bbfull_width\u00a0\u00bb angled_section=\u00a0\u00bbno\u00a0\u00bb text_align=\u00a0\u00bbleft\u00a0\u00bb background_image_as_pattern=\u00a0\u00bbwithout_pattern\u00a0\u00bb][vc_column][vc_empty_space height=\u00a0\u00bb64px\u00a0\u00bb][\/vc_column][\/vc_row]<\/p>\n<\/div>","protected":false},"excerpt":{"rendered":"<p>[vc_row css_animation=\u00a0\u00bb\u00a0\u00bb row_type=\u00a0\u00bbrow\u00a0\u00bb use_row_as_full_screen_section=\u00a0\u00bbno\u00a0\u00bb type=\u00a0\u00bbfull_width\u00a0\u00bb angled_section=\u00a0\u00bbno\u00a0\u00bb text_align=\u00a0\u00bbleft\u00a0\u00bb background_image_as_pattern=\u00a0\u00bbwithout_pattern\u00a0\u00bb][vc_column width=\u00a0\u00bb1\/4&Prime;][vc_column_text] ESSAIS NON DESTRUCTIFS ESSAIS DE RADIOGRAPHIE INDUSTRIELLE ESSAIS PAR ULTRASONS TEST DE PARTICULES MAGN\u00c9TIQUES CONTR\u00d4LE PAR RESSUAGE INSPECTION DES SOUDURES DES TOURS D&rsquo;\u00c9OLIENNES AUTRES ESSAIS NON DESTRUCTIFS ESSAIS APPLIQU\u00c9S AUX PIPELINES ET AUX GRANDS R\u00c9SERVOIRS DE&#8230;<\/p>\n","protected":false},"author":1,"featured_media":57289,"parent":0,"menu_order":0,"comment_status":"closed","ping_status":"closed","template":"","meta":{"footnotes":""},"class_list":["post-58068","page","type-page","status-publish","has-post-thumbnail","hentry"],"_links":{"self":[{"href":"https:\/\/www.scichilesa.cl\/fr\/wp-json\/wp\/v2\/pages\/58068","targetHints":{"allow":["GET"]}}],"collection":[{"href":"https:\/\/www.scichilesa.cl\/fr\/wp-json\/wp\/v2\/pages"}],"about":[{"href":"https:\/\/www.scichilesa.cl\/fr\/wp-json\/wp\/v2\/types\/page"}],"author":[{"embeddable":true,"href":"https:\/\/www.scichilesa.cl\/fr\/wp-json\/wp\/v2\/users\/1"}],"replies":[{"embeddable":true,"href":"https:\/\/www.scichilesa.cl\/fr\/wp-json\/wp\/v2\/comments?post=58068"}],"version-history":[{"count":0,"href":"https:\/\/www.scichilesa.cl\/fr\/wp-json\/wp\/v2\/pages\/58068\/revisions"}],"wp:featuredmedia":[{"embeddable":true,"href":"https:\/\/www.scichilesa.cl\/fr\/wp-json\/wp\/v2\/media\/57289"}],"wp:attachment":[{"href":"https:\/\/www.scichilesa.cl\/fr\/wp-json\/wp\/v2\/media?parent=58068"}],"curies":[{"name":"wp","href":"https:\/\/api.w.org\/{rel}","templated":true}]}}